{"id":26,"date":"2019-10-30T08:04:23","date_gmt":"2019-10-30T05:04:23","guid":{"rendered":"http:\/\/demo.casethemes.net\/consultio-medical\/?page_id=26"},"modified":"2025-01-23T16:31:27","modified_gmt":"2025-01-23T13:31:27","slug":"about","status":"publish","type":"page","link":"http:\/\/pdo.atauni.edu.tr\/index.php\/about\/","title":{"rendered":"Vizyon ve Misyon"},"content":{"rendered":"\t\t<div data-elementor-type=\"wp-page\" data-elementor-id=\"26\" class=\"elementor elementor-26\" data-elementor-post-type=\"page\">\n\t\t\t\t\t\t<section class=\"elementor-section elementor-top-section elementor-element elementor-element-bf4d915 elementor-section-boxed elementor-section-height-default elementor-section-height-default\" data-id=\"bf4d915\" data-element_type=\"section\" data-e-type=\"section\">\n\t\t\t\t\t\t<div class=\"elementor-container elementor-column-gap-extended\">\n\t\t\t\t\t<div class=\"elementor-column elementor-col-50 elementor-top-column elementor-element elementor-element-5282614\" data-id=\"5282614\" data-element_type=\"column\" data-e-type=\"column\">\n\t\t\t<div class=\"elementor-widget-wrap elementor-element-populated\">\n\t\t\t\t\t\t<div class=\"elementor-element elementor-element-2fd9913 elementor-widget elementor-widget-image\" data-id=\"2fd9913\" data-element_type=\"widget\" data-e-type=\"widget\" data-widget_type=\"image.default\">\n\t\t\t\t<div class=\"elementor-widget-container\">\n\t\t\t\t\t\t\t\t\t\t\t\t\t\t\t<img fetchpriority=\"high\" decoding=\"async\" width=\"1142\" height=\"581\" src=\"http:\/\/pdo.atauni.edu.tr\/wp-content\/uploads\/2021\/02\/ana-yazi-blogu.jpg\" class=\"attachment-2048x2048 size-2048x2048 wp-image-6041\" alt=\"\" srcset=\"http:\/\/pdo.atauni.edu.tr\/wp-content\/uploads\/2021\/02\/ana-yazi-blogu.jpg 1142w, http:\/\/pdo.atauni.edu.tr\/wp-content\/uploads\/2021\/02\/ana-yazi-blogu-300x153.jpg 300w, http:\/\/pdo.atauni.edu.tr\/wp-content\/uploads\/2021\/02\/ana-yazi-blogu-1024x521.jpg 1024w, http:\/\/pdo.atauni.edu.tr\/wp-content\/uploads\/2021\/02\/ana-yazi-blogu-768x391.jpg 768w\" sizes=\"(max-width: 1142px) 100vw, 1142px\" \/>\t\t\t\t\t\t\t\t\t\t\t\t\t\t\t<\/div>\n\t\t\t\t<\/div>\n\t\t\t\t<div class=\"elementor-element elementor-element-9d091b6 elementor-widget elementor-widget-ct_heading\" data-id=\"9d091b6\" data-element_type=\"widget\" data-e-type=\"widget\" data-widget_type=\"ct_heading.default\">\n\t\t\t\t<div class=\"elementor-widget-container\">\n\t\t\t\t\t<div class=\"ct-heading h-align-  sub- ct-heading-left item-st-line-left1\">\r\n\t    <h3 class=\"item--title st-line-left1\">\r\n                <span>\r\n                            <i><\/i>\r\n                        Projelerinize teknik ve bilimsel destek vermek i\u00e7in buraday\u0131z..                    <\/span>\r\n            <\/h3>\r\n<\/div>\t\t\t\t<\/div>\n\t\t\t\t<\/div>\n\t\t\t\t<section class=\"elementor-section elementor-inner-section elementor-element elementor-element-6b326e2 elementor-section-boxed elementor-section-height-default elementor-section-height-default\" data-id=\"6b326e2\" data-element_type=\"section\" data-e-type=\"section\">\n\t\t\t\t\t\t<div class=\"elementor-container elementor-column-gap-extended\">\n\t\t\t\t\t<div class=\"elementor-column elementor-col-100 elementor-inner-column elementor-element elementor-element-71555f1\" data-id=\"71555f1\" data-element_type=\"column\" data-e-type=\"column\">\n\t\t\t<div class=\"elementor-widget-wrap elementor-element-populated\">\n\t\t\t\t\t\t<div class=\"elementor-element elementor-element-176c3a2 elementor-widget elementor-widget-text-editor\" data-id=\"176c3a2\" data-element_type=\"widget\" data-e-type=\"widget\" data-widget_type=\"text-editor.default\">\n\t\t\t\t<div class=\"elementor-widget-container\">\n\t\t\t\t\t\t\t\t\t<p>Proje Geli\u015ftirme ve Koordinasyon Ofisi Proje k\u00fclt\u00fcr\u00fcn\u00fc geli\u015ftirmek amac\u0131yla;<\/p><p>Akademisyenleri proje haz\u0131rlamaya te\u015fvik eder, Aktif fon kaynaklar\u0131n\u0131 duyurur, Projelere bilimsel ve teknik destek sunar, Ulusal ve Uluslararas\u0131 kurulu\u015flarla i\u015fbirli\u011fi yapar, \u00dcniversite-Sanayi etkile\u015fimini geli\u015ftirici planlamalar yapar. Proje Geli\u015ftirme ve Koordinasyon Ofisinin katk\u0131s\u0131 ile a\u015fa\u011f\u0131da s\u0131ralanan yayg\u0131n etki ve katma de\u011ferlerin olu\u015fmas\u0131 beklenmektedir.<\/p>\t\t\t\t\t\t\t\t<\/div>\n\t\t\t\t<\/div>\n\t\t\t\t<div class=\"elementor-element elementor-element-4b32f49 elementor-widget elementor-widget-text-editor\" data-id=\"4b32f49\" data-element_type=\"widget\" data-e-type=\"widget\" data-widget_type=\"text-editor.default\">\n\t\t\t\t<div class=\"elementor-widget-container\">\n\t\t\t\t\t\t\t\t\t<ul><li>\u00dcniversitemizde proje k\u00fclt\u00fcr\u00fcn\u00fcn olu\u015fturulmas\u0131na ve geli\u015ftirilmesine katk\u0131 sa\u011flanmas\u0131,<\/li><li>\u00dcniversitemize ulusal ve uluslararas\u0131 fonlardan kaynak sa\u011flanmas\u0131\/miktar\u0131n\u0131n art\u0131r\u0131lmas\u0131,<\/li><li>\u00a0Ger\u00e7ekle\u015ftirilecek faaliyetler ile proje konusunda fark\u0131ndal\u0131k olu\u015fturulmas\u0131,<\/li><li>Farkl\u0131 fon kaynaklar\u0131 hakk\u0131nda bilgilendirme sa\u011flanarak akademisyenlerin te\u015fvik edilmesi,<\/li><li>\u00a0Ger\u00e7ekle\u015fen her proje yay\u0131n ve patent potansiyeli ta\u015f\u0131d\u0131\u011f\u0131ndan Atat\u00fcrk \u00dcniversitesinin \u201cGiri\u015fimci ve Yenilik\u00e7i \u00dcniversite Endeksinde\u201d \u00fcst s\u0131ralarda yer alabilmesi,<\/li><li>Geli\u015ftirilecek kaliteli projeler ile \u00fclkemizin bilimsel ve sosyo-ekonomik geli\u015fimine katk\u0131 sa\u011flanmas\u0131,<\/li><li>Projelerde yer alacak di\u011fer kurum ve \u00fclke \u00e7al\u0131\u015fanlar\u0131 sayesinde bilimsel kurumsal i\u015fbirliklerinin geli\u015ftirilmesi,<\/li><li>\u00d6zellikle sanayiye y\u00f6nelik projelerin artmas\u0131 sayesinde \u00dcniversite-Sanayi i\u015fbirli\u011finin art\u0131r\u0131lmas\u0131,<\/li><li>Proje ger\u00e7ekle\u015fmesi ile olu\u015facak \u00e7\u0131kt\u0131lar sayesinde ekonomik katk\u0131 ve ticarile\u015fmenin artmas\u0131 gibi Yayg\u0131n Etki\/Katma De\u011ferlerin olu\u015fmas\u0131 beklenmektedir.<\/li><\/ul>\t\t\t\t\t\t\t\t<\/div>\n\t\t\t\t<\/div>\n\t\t\t\t<div class=\"elementor-element elementor-element-596ae67 elementor-widget elementor-widget-text-editor\" data-id=\"596ae67\" data-element_type=\"widget\" data-e-type=\"widget\" data-widget_type=\"text-editor.default\">\n\t\t\t\t<div class=\"elementor-widget-container\">\n\t\t\t\t\t\t\t\t\t<p>Bize ula\u015fmak i\u00e7in 0442 231 1562-1563<\/p>\t\t\t\t\t\t\t\t<\/div>\n\t\t\t\t<\/div>\n\t\t\t\t<div class=\"elementor-element elementor-element-dffa2c1 elementor-widget elementor-widget-image\" data-id=\"dffa2c1\" data-element_type=\"widget\" data-e-type=\"widget\" data-widget_type=\"image.default\">\n\t\t\t\t<div class=\"elementor-widget-container\">\n\t\t\t\t\t\t\t\t\t\t\t\t\t\t\t<img decoding=\"async\" src=\"http:\/\/demo.casethemes.net\/consultio-medical\/wp-content\/uploads\/2019\/12\/about-gap.png\" title=\"\" alt=\"\" loading=\"lazy\" \/>\t\t\t\t\t\t\t\t\t\t\t\t\t\t\t<\/div>\n\t\t\t\t<\/div>\n\t\t\t\t<div class=\"elementor-element elementor-element-41e6e03 elementor-widget elementor-widget-ct_signature\" data-id=\"41e6e03\" data-element_type=\"widget\" data-e-type=\"widget\" data-widget_type=\"ct_signature.default\">\n\t\t\t\t<div class=\"elementor-widget-container\">\n\t\t\t\t\t<div class=\"ct-signature1 wow bounce style1\">\r\n\t    <div class=\"signature-meta\">\r\n    \t<h3>Prof. Dr. Serdar BURMAO\u011eLU<\/h3>\r\n    \t<span>Koordinat\u00f6r<\/span>\r\n    <\/div>\r\n<\/div>\r\n\t\t\t\t<\/div>\n\t\t\t\t<\/div>\n\t\t\t\t\t<\/div>\n\t\t<\/div>\n\t\t\t\t\t<\/div>\n\t\t<\/section>\n\t\t\t\t\t<\/div>\n\t\t<\/div>\n\t\t\t\t<div class=\"elementor-column elementor-col-50 elementor-top-column elementor-element elementor-element-07e4861\" data-id=\"07e4861\" data-element_type=\"column\" data-e-type=\"column\">\n\t\t\t<div class=\"elementor-widget-wrap\">\n\t\t\t\t\t\t\t<\/div>\n\t\t<\/div>\n\t\t\t\t\t<\/div>\n\t\t<\/section>\n\t\t\t\t<section class=\"elementor-section elementor-top-section elementor-element elementor-element-a49d5ec elementor-section-boxed elementor-section-height-default elementor-section-height-default\" data-id=\"a49d5ec\" data-element_type=\"section\" data-e-type=\"section\">\n\t\t\t\t\t\t<div class=\"elementor-container elementor-column-gap-default\">\n\t\t\t\t\t<div class=\"elementor-column elementor-col-33 elementor-top-column elementor-element elementor-element-63fa98b\" data-id=\"63fa98b\" data-element_type=\"column\" data-e-type=\"column\">\n\t\t\t<div class=\"elementor-widget-wrap\">\n\t\t\t\t\t\t\t<\/div>\n\t\t<\/div>\n\t\t\t\t<div class=\"elementor-column elementor-col-33 elementor-top-column elementor-element elementor-element-f82741a\" data-id=\"f82741a\" data-element_type=\"column\" data-e-type=\"column\">\n\t\t\t<div class=\"elementor-widget-wrap\">\n\t\t\t\t\t\t\t<\/div>\n\t\t<\/div>\n\t\t\t\t<div class=\"elementor-column elementor-col-33 elementor-top-column elementor-element elementor-element-496c411\" data-id=\"496c411\" data-element_type=\"column\" data-e-type=\"column\">\n\t\t\t<div class=\"elementor-widget-wrap\">\n\t\t\t\t\t\t\t<\/div>\n\t\t<\/div>\n\t\t\t\t\t<\/div>\n\t\t<\/section>\n\t\t\t\t<section class=\"elementor-section elementor-top-section elementor-element elementor-element-3328b5d elementor-section-boxed elementor-section-height-default elementor-section-height-default\" data-id=\"3328b5d\" data-element_type=\"section\" data-e-type=\"section\">\n\t\t\t\t\t\t<div class=\"elementor-container elementor-column-gap-extended\">\n\t\t\t\t\t<div class=\"elementor-column elementor-col-100 elementor-top-column elementor-element elementor-element-2933d62\" data-id=\"2933d62\" data-element_type=\"column\" data-e-type=\"column\">\n\t\t\t<div class=\"elementor-widget-wrap elementor-element-populated\">\n\t\t\t\t\t\t<div class=\"elementor-element elementor-element-1a03c0b elementor-widget elementor-widget-ct_cta\" data-id=\"1a03c0b\" data-element_type=\"widget\" data-e-type=\"widget\" data-widget_type=\"ct_cta.default\">\n\t\t\t\t<div class=\"elementor-widget-container\">\n\t\t\t\t\t<div class=\"ct-cta1 \">\r\n            <div class=\"item--holder\">\r\n            <span class=\"item--title\">Bizi yak\u0131ndan tan\u0131y\u0131n<\/span>\r\n            <span class=\"item--desc\">proje sayn\u0131z\u0131 art\u0131r\u0131n...<\/span>\r\n        <\/div>\r\n                <div class=\"item--button\">\r\n            <a class=\"btn btn-default\" href=\"http:\/\/pdo.atauni.edu.tr\/wp-content\/uploads\/2021\/03\/proje-ofisi-son.pdf\">\r\n                                    <i aria-hidden=\"true\" class=\"fas fa-cloud-download-alt\"><\/i>                                Bro\u015f\u00fcr\u00fc \u0130ndir            <\/a>\r\n        <\/div>\r\n    <\/div>\r\n\t\t\t\t<\/div>\n\t\t\t\t<\/div>\n\t\t\t\t<section class=\"elementor-section elementor-inner-section elementor-element elementor-element-b7c7989 elementor-section-content-middle elementor-section-boxed elementor-section-height-default elementor-section-height-default\" data-id=\"b7c7989\" data-element_type=\"section\" data-e-type=\"section\">\n\t\t\t\t\t\t<div class=\"elementor-container elementor-column-gap-extended\">\n\t\t\t\t\t<div class=\"elementor-column elementor-col-50 elementor-inner-column elementor-element elementor-element-0f1e849\" data-id=\"0f1e849\" data-element_type=\"column\" data-e-type=\"column\">\n\t\t\t<div class=\"elementor-widget-wrap elementor-element-populated\">\n\t\t\t\t\t\t<div class=\"elementor-element elementor-element-4cae67e elementor-widget elementor-widget-ct_heading\" data-id=\"4cae67e\" data-element_type=\"widget\" data-e-type=\"widget\" data-widget_type=\"ct_heading.default\">\n\t\t\t\t<div class=\"elementor-widget-container\">\n\t\t\t\t\t<div class=\"ct-heading h-align-  sub- ct-heading-left item-st-line-left1\">\r\n\t    <h3 class=\"item--title st-line-left1\">\r\n                <span>\r\n                            <i><\/i>\r\n                        2016 y\u0131l\u0131nda yeniden yap\u0131land\u0131r\u0131lan ofisimizin faaliyetleri h\u0131z kesmeden devam etmektedir.                    <\/span>\r\n            <\/h3>\r\n<\/div>\t\t\t\t<\/div>\n\t\t\t\t<\/div>\n\t\t\t\t\t<\/div>\n\t\t<\/div>\n\t\t\t\t<div class=\"elementor-column elementor-col-50 elementor-inner-column elementor-element elementor-element-0399c33\" data-id=\"0399c33\" data-element_type=\"column\" data-e-type=\"column\">\n\t\t\t<div class=\"elementor-widget-wrap elementor-element-populated\">\n\t\t\t\t\t\t<div class=\"elementor-element elementor-element-83f630e elementor-widget elementor-widget-text-editor\" data-id=\"83f630e\" data-element_type=\"widget\" data-e-type=\"widget\" data-widget_type=\"text-editor.default\">\n\t\t\t\t<div class=\"elementor-widget-container\">\n\t\t\t\t\t\t\t\t\t<p>Ofisimiz, panel deste\u011fi, teknik destek, birebir ment\u00f6rl\u00fc proje yazd\u0131rma gibi faaliyetler bak\u0131m\u0131ndan bir \u00e7ok proje ofisine esin kayna\u011f\u0131\u00a0 olmu\u015ftur.<\/p>\t\t\t\t\t\t\t\t<\/div>\n\t\t\t\t<\/div>\n\t\t\t\t\t<\/div>\n\t\t<\/div>\n\t\t\t\t\t<\/div>\n\t\t<\/section>\n\t\t\t\t<div class=\"elementor-element elementor-element-584b9d6 elementor-widget elementor-widget-ct_service_grid\" data-id=\"584b9d6\" data-element_type=\"widget\" data-e-type=\"widget\" data-widget_type=\"ct_service_grid.default\">\n\t\t\t\t<div class=\"elementor-widget-container\">\n\t\t\t\t\t\r\n<div id=\"ct_service_grid-584b9d6\" class=\"ct-grid ct-service-grid2\" data-layout=\"masonry\" data-start-page=\"1\" data-max-pages=\"0\" data-total=\"0\" data-perpage=\"4\" data-next-link=\"http:\/\/pdo.atauni.edu.tr\/index.php\/wp-json\/wp\/v2\/pages\/26\/page\/2\/\">\r\n    <div class=\"ct-grid-overlay\"><\/div>\r\n    \r\n    <div class=\"ct-grid-inner ct-grid-masonry row animate-time\" data-gutter=\"15\">\r\n                            <div class=\"grid-sizer col-xl-3 col-lg-3 col-md-6 col-sm-6 col-12\"><\/div>\r\n            <\/div>\r\n        <\/div>\t\t\t\t<\/div>\n\t\t\t\t<\/div>\n\t\t\t\t\t<\/div>\n\t\t<\/div>\n\t\t\t\t\t<\/div>\n\t\t<\/section>\n\t\t\t\t<section class=\"elementor-section elementor-top-section elementor-element elementor-element-3c662b9 elementor-section-boxed elementor-section-height-default elementor-section-height-default\" data-id=\"3c662b9\" data-element_type=\"section\" data-e-type=\"section\">\n\t\t\t\t\t\t<div class=\"elementor-container elementor-column-gap-default\">\n\t\t\t\t\t<div class=\"elementor-column elementor-col-100 elementor-top-column elementor-element elementor-element-fee4de8\" data-id=\"fee4de8\" data-element_type=\"column\" data-e-type=\"column\">\n\t\t\t<div class=\"elementor-widget-wrap elementor-element-populated\">\n\t\t\t\t\t\t<div class=\"elementor-element elementor-element-3e8cb5f elementor-widget elementor-widget-heading\" data-id=\"3e8cb5f\" data-element_type=\"widget\" data-e-type=\"widget\" data-widget_type=\"heading.default\">\n\t\t\t\t<div class=\"elementor-widget-container\">\n\t\t\t\t\t<h2 class=\"elementor-heading-title elementor-size-default\">ABOUT US<\/h2>\t\t\t\t<\/div>\n\t\t\t\t<\/div>\n\t\t\t\t<div class=\"elementor-element elementor-element-77cd8b7 elementor-widget elementor-widget-text-editor\" data-id=\"77cd8b7\" data-element_type=\"widget\" data-e-type=\"widget\" data-widget_type=\"text-editor.default\">\n\t\t\t\t<div class=\"elementor-widget-container\">\n\t\t\t\t\t\t\t\t\t<p><b style=\"color: #000000; font-family: arial, helvetica, sans-serif; background-color: #fdfcfa;\"><span lang=\"EN-GB\" style=\"font-size: 12pt; font-family: 'ec square sans pro', sans-serif;\">The Project Development and Coordination Office (PDO):<\/span><\/b><span lang=\"EN-GB\" style=\"color: #000000; font-size: 12pt; background-color: #fdfcfa; font-family: 'ec square sans pro', sans-serif;\">\u00a0PDO guides the researchers of Atat\u00fcrk University in both national and international R&amp;D&amp;I and other projects from planning to finalization. This guidance includes services such as introduction and announcement of funding sources, special project training, technical and scientific support, peer review, mentoring and project management. Besides academic staff, PDO organizes lectures and seminars to raise awareness and support undergraduate and graduate students, entrepreneurs and different public institutions about projects. PDO also makes plans to develop University-Industry cooperation. An academic team of approximately 40 people from different disciplines, who are experts in their fields, support these studies of PDO on a part-time basis. Although the main purpose is to increase the project support rate of its stakeholders, PDO has also carried out many projects especially within the scope of its activities. Most of the projects of Atat\u00fcrk University supported by national and international funds in the last five years have passed through this office<\/span><\/p>\t\t\t\t\t\t\t\t<\/div>\n\t\t\t\t<\/div>\n\t\t\t\t\t<\/div>\n\t\t<\/div>\n\t\t\t\t\t<\/div>\n\t\t<\/section>\n\t\t\t\t<\/div>\n\t\t","protected":false},"excerpt":{"rendered":"<p>Projelerinize teknik ve bilimsel destek vermek i\u00e7in buraday\u0131z.. Proje Geli\u015ftirme ve Koordinasyon Ofisi Proje k\u00fclt\u00fcr\u00fcn\u00fc geli\u015ftirmek amac\u0131yla; Akademisyenleri proje haz\u0131rlamaya te\u015fvik eder, Aktif fon kaynaklar\u0131n\u0131 duyurur, Projelere bilimsel ve teknik destek sunar, Ulusal ve Uluslararas\u0131 kurulu\u015flarla i\u015fbirli\u011fi yapar, \u00dcniversite-Sanayi etkile\u015fimini geli\u015ftirici planlamalar yapar. Proje Geli\u015ftirme ve Koordinasyon Ofisinin katk\u0131s\u0131 ile a\u015fa\u011f\u0131da s\u0131ralanan yayg\u0131n etki ve [&hellip;]<\/p>\n","protected":false},"author":1,"featured_media":0,"parent":0,"menu_order":0,"comment_status":"closed","ping_status":"closed","template":"","meta":{"footnotes":""},"class_list":["post-26","page","type-page","status-publish","hentry"],"_links":{"self":[{"href":"http:\/\/pdo.atauni.edu.tr\/index.php\/wp-json\/wp\/v2\/pages\/26","targetHints":{"allow":["GET"]}}],"collection":[{"href":"http:\/\/pdo.atauni.edu.tr\/index.php\/wp-json\/wp\/v2\/pages"}],"about":[{"href":"http:\/\/pdo.atauni.edu.tr\/index.php\/wp-json\/wp\/v2\/types\/page"}],"author":[{"embeddable":true,"href":"http:\/\/pdo.atauni.edu.tr\/index.php\/wp-json\/wp\/v2\/users\/1"}],"replies":[{"embeddable":true,"href":"http:\/\/pdo.atauni.edu.tr\/index.php\/wp-json\/wp\/v2\/comments?post=26"}],"version-history":[{"count":42,"href":"http:\/\/pdo.atauni.edu.tr\/index.php\/wp-json\/wp\/v2\/pages\/26\/revisions"}],"predecessor-version":[{"id":8285,"href":"http:\/\/pdo.atauni.edu.tr\/index.php\/wp-json\/wp\/v2\/pages\/26\/revisions\/8285"}],"wp:attachment":[{"href":"http:\/\/pdo.atauni.edu.tr\/index.php\/wp-json\/wp\/v2\/media?parent=26"}],"curies":[{"name":"wp","href":"https:\/\/api.w.org\/{rel}","templated":true}]}}