{"id":4874,"date":"2020-08-20T10:46:35","date_gmt":"2020-08-20T07:46:35","guid":{"rendered":"http:\/\/pdo.atauni.edu.tr\/?page_id=4874"},"modified":"2022-02-28T15:58:34","modified_gmt":"2022-02-28T12:58:34","slug":"fikir-dinleme-ve-yonlendirme","status":"publish","type":"page","link":"http:\/\/pdo.atauni.edu.tr\/index.php\/fikir-dinleme-ve-yonlendirme\/","title":{"rendered":"Fikir Dinleme ve Y\u00f6nlendirme"},"content":{"rendered":"\t\t<div data-elementor-type=\"wp-page\" data-elementor-id=\"4874\" class=\"elementor elementor-4874\" data-elementor-post-type=\"page\">\n\t\t\t\t\t\t<section class=\"elementor-section elementor-top-section elementor-element elementor-element-483b07d elementor-section-boxed elementor-section-height-default elementor-section-height-default\" data-id=\"483b07d\" data-element_type=\"section\" data-e-type=\"section\">\n\t\t\t\t\t\t<div class=\"elementor-container elementor-column-gap-default\">\n\t\t\t\t\t<div class=\"elementor-column elementor-col-100 elementor-top-column elementor-element elementor-element-b682670\" data-id=\"b682670\" data-element_type=\"column\" data-e-type=\"column\">\n\t\t\t<div class=\"elementor-widget-wrap elementor-element-populated\">\n\t\t\t\t\t\t<div class=\"elementor-element elementor-element-e44f243 elementor-widget elementor-widget-text-editor\" data-id=\"e44f243\" data-element_type=\"widget\" data-e-type=\"widget\" data-widget_type=\"text-editor.default\">\n\t\t\t\t<div class=\"elementor-widget-container\">\n\t\t\t\t\t\t\t\t\t<div class=\"elementor-element elementor-element-6d7c7a67 elementor-widget elementor-widget-text-editor\" data-id=\"6d7c7a67\" data-element_type=\"widget\" data-widget_type=\"text-editor.default\"><div class=\"elementor-widget-container\"><div class=\"elementor-text-editor elementor-clearfix\"><p>Proje fikrinizle ofisimize gelebilir; proje yaz\u0131m\u0131 ve ba\u015fvurabilece\u011finiz fon kaynaklar\u0131 hakk\u0131nda\u00a0 dan\u0131\u015fmanl\u0131k hizmeti alabilirsiniz.<\/p><\/div><\/div><\/div><div class=\"elementor-element elementor-element-70958a62 elementor-widget elementor-widget-text-editor\" data-id=\"70958a62\" data-element_type=\"widget\" data-widget_type=\"text-editor.default\"><div class=\"elementor-widget-container\"><div class=\"elementor-text-editor elementor-clearfix\"><p>Bu a\u015famada ofisimizde teknik ekibimiz devaml\u0131 olarak y\u00fcz y\u00fcze ve uzaktan destek vermek i\u00e7in haz\u0131r beklemektedir. Her y\u0131l 400\u2019\u00fcn \u00fczerinde proje fikri hakk\u0131nda teknik destek verilmektedir. Akademisyenler, \u00f6\u011frenciler, giri\u015fimciler ve hatta bazen lise seviyesinde proje fikrine sahip ki\u015filer ofisimize gelerek bulduklar\u0131 fikrin proje olup olmayaca\u011f\u0131, olursa nas\u0131l bir yol izlemeleri gerekece\u011fi ve hangi fon kurulu\u015fundan destek alabilece\u011fi gibi konular hakk\u0131nda ofisimizden dan\u0131\u015fmanl\u0131k hizmeti almaktad\u0131rlar.<\/p><\/div><\/div><\/div>\t\t\t\t\t\t\t\t<\/div>\n\t\t\t\t<\/div>\n\t\t\t\t\t<\/div>\n\t\t<\/div>\n\t\t\t\t\t<\/div>\n\t\t<\/section>\n\t\t\t\t<section class=\"elementor-section elementor-top-section elementor-element elementor-element-82c5374 elementor-section-boxed elementor-section-height-default elementor-section-height-default\" data-id=\"82c5374\" data-element_type=\"section\" data-e-type=\"section\">\n\t\t\t\t\t\t<div class=\"elementor-container elementor-column-gap-default\">\n\t\t\t\t\t<div class=\"elementor-column elementor-col-100 elementor-top-column elementor-element elementor-element-9237552\" data-id=\"9237552\" data-element_type=\"column\" data-e-type=\"column\">\n\t\t\t<div class=\"elementor-widget-wrap elementor-element-populated\">\n\t\t\t\t\t\t<div class=\"elementor-element elementor-element-090f6e3 elementor-widget elementor-widget-ct_text_editor\" data-id=\"090f6e3\" data-element_type=\"widget\" data-e-type=\"widget\" data-widget_type=\"ct_text_editor.default\">\n\t\t\t\t<div class=\"elementor-widget-container\">\n\t\t\t\t\t<div id=\"ct_text_editor-090f6e3\" class=\"ct-text-editor \">\n\t<div class=\"ct-inline-css\"  data-css=\"\n        \">\n    <\/div>\n\t<div class=\"ct-text-editor elementor-clearfix\"><p>Proje Geli\u015ftirme ve Koordinasyon Ofisi, uzman kadrosu ile kurum\/kurulu\u015flara ve ki\u015fiye \u00f6zel proje fikri dinleme ve teknik destek hizmeti sunmaktad\u0131r.<\/p><p>Fikir dinleme ve teknik destek i\u00e7in takip edilmesi gerekenler a\u015fa\u011f\u0131da tan\u0131mlanm\u0131\u015ft\u0131r.<\/p><ol><li>Talepler Proje Ofisi web sayfas\u0131ndan (http:\/\/pdo.atauni.edu.tr\/index.php\/projeler-hakkinda-genel-destek-basvurusu) online olarak yap\u0131lmal\u0131d\u0131r.<\/li><li>Talep i\u00e7eri\u011fine ba\u011fl\u0131 olarak uzman bir ekip belirlenir ve talep sahibi ile ileti\u015fime ge\u00e7ilerek randevu olu\u015fturulur. G\u00f6r\u00fc\u015fmeler \u015fartlara ba\u011fl\u0131 olarak online veya y\u00fcz y\u00fcze planlanabilir.<\/li><li>Proje fikirleri i\u00e7in kar\u015f\u0131l\u0131kl\u0131 gizlilik s\u00f6zle\u015fmesi imzalan\u0131r.<\/li><li>Talep sahibinden proje fikri ile ilgili detayl\u0131 bir sunum haz\u0131rlamas\u0131 beklenir.<\/li><li>Hizmet bedeli randevu saatinden \u00f6nce Proje Ofisi D\u00f6ner sermaye hesab\u0131na yat\u0131r\u0131lmal\u0131d\u0131r.<\/li><li>Hizmet \u00dccretleri toplant\u0131 bitiminden sonra Proje Ofisi taraf\u0131ndan ilgili Uzman\u0131n hesab\u0131na aktar\u0131l\u0131r.<\/li><\/ol><h6 class=\"elementor-heading-title elementor-size-default\">Fikir Dinleme ve Y\u00f6nlendire\u00a0 hizmeti hakk\u0131nda detaylara ula\u015fmak i\u00e7in l\u00fctfen <a href=\"http:\/\/pdo.atauni.edu.tr\/index.php\/ucretli-hizmetler-doner-sermaye-proseduru\/\">t\u0131klay\u0131n\u0131z.\u00a0<\/a><\/h6><h6>\u00a0<\/h6><h6 class=\"elementor-heading-title elementor-size-default\">Fikir Dinleme ve Y\u00f6nlendire\u00a0 talebinde bulunmak i\u00e7in l\u00fctfen <a href=\"http:\/\/pdo.atauni.edu.tr\/index.php\/projeler-hakkinda-genel-destek-basvurusu\/\">t\u0131klay\u0131n\u0131z.<\/a><\/h6><\/div>\n<\/div>\t\t\t\t<\/div>\n\t\t\t\t<\/div>\n\t\t\t\t\t<\/div>\n\t\t<\/div>\n\t\t\t\t\t<\/div>\n\t\t<\/section>\n\t\t\t\t<\/div>\n\t\t","protected":false},"excerpt":{"rendered":"<p>Proje fikrinizle ofisimize gelebilir; proje yaz\u0131m\u0131 ve ba\u015fvurabilece\u011finiz fon kaynaklar\u0131 hakk\u0131nda\u00a0 dan\u0131\u015fmanl\u0131k hizmeti alabilirsiniz. Bu a\u015famada ofisimizde teknik ekibimiz devaml\u0131 olarak y\u00fcz y\u00fcze ve uzaktan destek vermek i\u00e7in haz\u0131r beklemektedir. Her y\u0131l 400\u2019\u00fcn \u00fczerinde proje fikri hakk\u0131nda teknik destek verilmektedir. Akademisyenler, \u00f6\u011frenciler, giri\u015fimciler ve hatta bazen lise seviyesinde proje fikrine sahip ki\u015filer ofisimize gelerek bulduklar\u0131 [&hellip;]<\/p>\n","protected":false},"author":1,"featured_media":0,"parent":0,"menu_order":0,"comment_status":"closed","ping_status":"closed","template":"","meta":{"footnotes":""},"class_list":["post-4874","page","type-page","status-publish","hentry"],"_links":{"self":[{"href":"http:\/\/pdo.atauni.edu.tr\/index.php\/wp-json\/wp\/v2\/pages\/4874","targetHints":{"allow":["GET"]}}],"collection":[{"href":"http:\/\/pdo.atauni.edu.tr\/index.php\/wp-json\/wp\/v2\/pages"}],"about":[{"href":"http:\/\/pdo.atauni.edu.tr\/index.php\/wp-json\/wp\/v2\/types\/page"}],"author":[{"embeddable":true,"href":"http:\/\/pdo.atauni.edu.tr\/index.php\/wp-json\/wp\/v2\/users\/1"}],"replies":[{"embeddable":true,"href":"http:\/\/pdo.atauni.edu.tr\/index.php\/wp-json\/wp\/v2\/comments?post=4874"}],"version-history":[{"count":8,"href":"http:\/\/pdo.atauni.edu.tr\/index.php\/wp-json\/wp\/v2\/pages\/4874\/revisions"}],"predecessor-version":[{"id":6775,"href":"http:\/\/pdo.atauni.edu.tr\/index.php\/wp-json\/wp\/v2\/pages\/4874\/revisions\/6775"}],"wp:attachment":[{"href":"http:\/\/pdo.atauni.edu.tr\/index.php\/wp-json\/wp\/v2\/media?parent=4874"}],"curies":[{"name":"wp","href":"https:\/\/api.w.org\/{rel}","templated":true}]}}