{"id":4880,"date":"2020-08-20T10:47:31","date_gmt":"2020-08-20T07:47:31","guid":{"rendered":"http:\/\/pdo.atauni.edu.tr\/?page_id=4880"},"modified":"2023-08-09T14:37:58","modified_gmt":"2023-08-09T11:37:58","slug":"universite-sanayi-kobi-isbirligi","status":"publish","type":"page","link":"http:\/\/pdo.atauni.edu.tr\/index.php\/universite-sanayi-kobi-isbirligi\/","title":{"rendered":"\u00dcniversite Sanayi KOB\u0130 \u0130\u015fbirli\u011fi"},"content":{"rendered":"\t\t<div data-elementor-type=\"wp-page\" data-elementor-id=\"4880\" class=\"elementor elementor-4880\" data-elementor-post-type=\"page\">\n\t\t\t\t\t\t<section class=\"elementor-section elementor-top-section elementor-element elementor-element-59356f5 elementor-section-boxed elementor-section-height-default elementor-section-height-default\" data-id=\"59356f5\" data-element_type=\"section\" data-e-type=\"section\">\n\t\t\t\t\t\t<div class=\"elementor-container elementor-column-gap-default\">\n\t\t\t\t\t<div class=\"elementor-column elementor-col-100 elementor-top-column elementor-element elementor-element-6c4a745\" data-id=\"6c4a745\" data-element_type=\"column\" data-e-type=\"column\">\n\t\t\t<div class=\"elementor-widget-wrap elementor-element-populated\">\n\t\t\t\t\t\t<div class=\"elementor-element elementor-element-d564edc elementor-widget elementor-widget-text-editor\" data-id=\"d564edc\" data-element_type=\"widget\" data-e-type=\"widget\" data-widget_type=\"text-editor.default\">\n\t\t\t\t<div class=\"elementor-widget-container\">\n\t\t\t\t\t\t\t\t\t<div class=\"elementor-element elementor-element-328d8af1 elementor-widget elementor-widget-ct_title\" data-id=\"328d8af1\" data-element_type=\"widget\" data-widget_type=\"ct_title.default\"><div class=\"elementor-widget-container\"><div class=\"ct-title1 style2\"><h3>\u015eehrin ARGE ihtiyac\u0131n\u0131 kar\u015f\u0131lamak<i><\/i><\/h3><\/div><\/div><\/div><div class=\"elementor-element elementor-element-6d7e0d32 elementor-widget elementor-widget-text-editor\" data-id=\"6d7e0d32\" data-element_type=\"widget\" data-widget_type=\"text-editor.default\"><div class=\"elementor-widget-container\"><div class=\"elementor-text-editor elementor-clearfix\"><p>Son y\u0131llarda h\u00fck\u00fcmetler ekonomik kalk\u0131nman\u0131n bilgi temelli b\u00fcy\u00fcme ile ger\u00e7ekle\u015ftirilebilece\u011fini varsaymakta ve\u00a0politikalar\u0131n\u0131 bu y\u00f6nde geli\u015ftirmektedirler. Bu nedenle \u00fcniversitelerin, bilginin etkin bir \u015fekilde \u00fcretildi\u011fi, ara\u015ft\u0131rma ve\u00a0geli\u015ftirme bulgular\u0131n\u0131n akademisyenler aras\u0131nda \u00f6zg\u00fcrce payla\u015f\u0131ld\u0131\u011f\u0131 ve bilim tabanl\u0131 bilginin akademiden\u00a0end\u00fcstriye aktar\u0131ld\u0131\u011f\u0131 yerler olmas\u0131 hedeflenmektedir. T\u00fcrkiye ekonomik b\u00fcy\u00fcmesini bu politikalar \u00e7evresinde\u00a0d\u00fczenlemekte ve \u00fcniversiteleri d\u00fcnya \u00e7ap\u0131nda bilim yapan ve teknoloji \u00fcreten merkezler haline d\u00f6n\u00fc\u015ft\u00fcrmeye\u00a0\u00e7al\u0131\u015fmaktad\u0131r. Global \u0130novasyon Endeksinin 2016 y\u0131l\u0131 sonu\u00e7lar\u0131na g\u00f6re T\u00fcrkiye 42. s\u0131rada bulunmaktad\u0131r.<br \/>\u00dclkemizin ba\u015far\u0131 endekslerinde \u00e7ok daha \u00f6n s\u0131ralarda bulunmas\u0131, \u00fcniversitelerimizin giri\u015fimcilik ve yenilik\u00e7ilik performanslar\u0131n\u0131n art\u0131r\u0131lmas\u0131 ve 3. nesil \u00fcniversite hedefinin ger\u00e7ekle\u015ftirilmesi amac\u0131yla proje k\u00fclt\u00fcr\u00fcn\u00fc geli\u015ftirmek, stratejik \u00f6ncelikler ve planlar do\u011frultusunda ara\u015ft\u0131rma ve geli\u015ftirmeye y\u00f6nelik projelerin say\u0131s\u0131n\u0131 art\u0131rmak\u00a0gerekmektedir.<\/p><p>*<em>Dr. \u00d6\u011fr. \u00dcy. Duygu F\u0131nd\u0131k \u00c7o\u015fkun\u00e7ay<\/em><\/p><div class=\"elementor-element elementor-element-1967a92d elementor-widget elementor-widget-text-editor\" data-id=\"1967a92d\" data-element_type=\"widget\" data-widget_type=\"text-editor.default\"><div class=\"elementor-widget-container\"><div class=\"elementor-text-editor elementor-clearfix\"><p>Bu ama\u00e7 do\u011frultusunda ofisimizde \u00fcniversite-sanayi-kobi i\u015fbirli\u011fini art\u0131racak faaliyetler d\u00fczenlenmektedir.<\/p><\/div><p>\u00a0<\/p><\/div><\/div><div class=\"elementor-element elementor-element-48fa923 elementor-widget elementor-widget-ct_image\" data-id=\"48fa923\" data-element_type=\"widget\" data-widget_type=\"ct_image.default\"><div class=\"elementor-widget-container\">\u00a0<\/div><\/div><\/div><\/div><\/div>\t\t\t\t\t\t\t\t<\/div>\n\t\t\t\t<\/div>\n\t\t\t\t\t<\/div>\n\t\t<\/div>\n\t\t\t\t\t<\/div>\n\t\t<\/section>\n\t\t\t\t<\/div>\n\t\t","protected":false},"excerpt":{"rendered":"<p>\u015eehrin ARGE ihtiyac\u0131n\u0131 kar\u015f\u0131lamak Son y\u0131llarda h\u00fck\u00fcmetler ekonomik kalk\u0131nman\u0131n bilgi temelli b\u00fcy\u00fcme ile ger\u00e7ekle\u015ftirilebilece\u011fini varsaymakta ve\u00a0politikalar\u0131n\u0131 bu y\u00f6nde geli\u015ftirmektedirler. Bu nedenle \u00fcniversitelerin, bilginin etkin bir \u015fekilde \u00fcretildi\u011fi, ara\u015ft\u0131rma ve\u00a0geli\u015ftirme bulgular\u0131n\u0131n akademisyenler aras\u0131nda \u00f6zg\u00fcrce payla\u015f\u0131ld\u0131\u011f\u0131 ve bilim tabanl\u0131 bilginin akademiden\u00a0end\u00fcstriye aktar\u0131ld\u0131\u011f\u0131 yerler olmas\u0131 hedeflenmektedir. T\u00fcrkiye ekonomik b\u00fcy\u00fcmesini bu politikalar \u00e7evresinde\u00a0d\u00fczenlemekte ve \u00fcniversiteleri d\u00fcnya \u00e7ap\u0131nda bilim yapan [&hellip;]<\/p>\n","protected":false},"author":1,"featured_media":0,"parent":0,"menu_order":0,"comment_status":"closed","ping_status":"closed","template":"","meta":{"footnotes":""},"class_list":["post-4880","page","type-page","status-publish","hentry"],"_links":{"self":[{"href":"http:\/\/pdo.atauni.edu.tr\/index.php\/wp-json\/wp\/v2\/pages\/4880","targetHints":{"allow":["GET"]}}],"collection":[{"href":"http:\/\/pdo.atauni.edu.tr\/index.php\/wp-json\/wp\/v2\/pages"}],"about":[{"href":"http:\/\/pdo.atauni.edu.tr\/index.php\/wp-json\/wp\/v2\/types\/page"}],"author":[{"embeddable":true,"href":"http:\/\/pdo.atauni.edu.tr\/index.php\/wp-json\/wp\/v2\/users\/1"}],"replies":[{"embeddable":true,"href":"http:\/\/pdo.atauni.edu.tr\/index.php\/wp-json\/wp\/v2\/comments?post=4880"}],"version-history":[{"count":7,"href":"http:\/\/pdo.atauni.edu.tr\/index.php\/wp-json\/wp\/v2\/pages\/4880\/revisions"}],"predecessor-version":[{"id":7676,"href":"http:\/\/pdo.atauni.edu.tr\/index.php\/wp-json\/wp\/v2\/pages\/4880\/revisions\/7676"}],"wp:attachment":[{"href":"http:\/\/pdo.atauni.edu.tr\/index.php\/wp-json\/wp\/v2\/media?parent=4880"}],"curies":[{"name":"wp","href":"https:\/\/api.w.org\/{rel}","templated":true}]}}