{"id":4910,"date":"2020-08-20T10:52:38","date_gmt":"2020-08-20T07:52:38","guid":{"rendered":"http:\/\/pdo.atauni.edu.tr\/?page_id=4910"},"modified":"2025-02-19T10:49:13","modified_gmt":"2025-02-19T07:49:13","slug":"mentorlu-proje-yazdirma-destegine-basvuru","status":"publish","type":"page","link":"http:\/\/pdo.atauni.edu.tr\/index.php\/mentorlu-proje-yazdirma-destegine-basvuru\/","title":{"rendered":"Ment\u00f6rl\u00fc Proje Yazd\u0131rma Deste\u011fine Ba\u015fvuru"},"content":{"rendered":"\t\t<div data-elementor-type=\"wp-page\" data-elementor-id=\"4910\" class=\"elementor elementor-4910\" data-elementor-post-type=\"page\">\n\t\t\t\t\t\t<section class=\"elementor-section elementor-top-section elementor-element elementor-element-6a35a6a elementor-section-boxed elementor-section-height-default elementor-section-height-default\" data-id=\"6a35a6a\" data-element_type=\"section\" data-e-type=\"section\">\n\t\t\t\t\t\t<div class=\"elementor-container elementor-column-gap-default\">\n\t\t\t\t\t<div class=\"elementor-column elementor-col-50 elementor-top-column elementor-element elementor-element-fff44d7\" data-id=\"fff44d7\" data-element_type=\"column\" data-e-type=\"column\">\n\t\t\t<div class=\"elementor-widget-wrap elementor-element-populated\">\n\t\t\t\t\t\t<div class=\"elementor-element elementor-element-e979b61 elementor-widget elementor-widget-image\" data-id=\"e979b61\" data-element_type=\"widget\" data-e-type=\"widget\" data-widget_type=\"image.default\">\n\t\t\t\t<div class=\"elementor-widget-container\">\n\t\t\t\t\t\t\t\t\t\t\t\t\t\t\t<img fetchpriority=\"high\" decoding=\"async\" width=\"640\" height=\"815\" src=\"http:\/\/pdo.atauni.edu.tr\/wp-content\/uploads\/2025\/02\/Mentorlu-Proje-Yazimi-804x1024.png\" class=\"attachment-large size-large wp-image-8335\" alt=\"\" srcset=\"http:\/\/pdo.atauni.edu.tr\/wp-content\/uploads\/2025\/02\/Mentorlu-Proje-Yazimi-804x1024.png 804w, http:\/\/pdo.atauni.edu.tr\/wp-content\/uploads\/2025\/02\/Mentorlu-Proje-Yazimi-236x300.png 236w, http:\/\/pdo.atauni.edu.tr\/wp-content\/uploads\/2025\/02\/Mentorlu-Proje-Yazimi-768x978.png 768w, http:\/\/pdo.atauni.edu.tr\/wp-content\/uploads\/2025\/02\/Mentorlu-Proje-Yazimi-1207x1536.png 1207w, http:\/\/pdo.atauni.edu.tr\/wp-content\/uploads\/2025\/02\/Mentorlu-Proje-Yazimi-1609x2048.png 1609w\" sizes=\"(max-width: 640px) 100vw, 640px\" \/>\t\t\t\t\t\t\t\t\t\t\t\t\t\t\t<\/div>\n\t\t\t\t<\/div>\n\t\t\t\t\t<\/div>\n\t\t<\/div>\n\t\t\t\t<div class=\"elementor-column elementor-col-50 elementor-top-column elementor-element elementor-element-2619d56\" data-id=\"2619d56\" data-element_type=\"column\" data-e-type=\"column\">\n\t\t\t<div class=\"elementor-widget-wrap elementor-element-populated\">\n\t\t\t\t\t\t<div class=\"elementor-element elementor-element-db3056f elementor-widget elementor-widget-html\" data-id=\"db3056f\" data-element_type=\"widget\" data-e-type=\"widget\" data-widget_type=\"html.default\">\n\t\t\t\t<div class=\"elementor-widget-container\">\n\t\t\t\t\t<iframe src=\"https:\/\/pdo.atauni.edu.tr\/mentor-proje\/basvuruformu.php\" name=\"frame1\" scrolling=\"auto\" width=\"600px\" height=\"2300px\" frameborder=\"yes\" align=\"middle\">\t<\/iframe>\t\t\t\t<\/div>\n\t\t\t\t<\/div>\n\t\t\t\t\t<\/div>\n\t\t<\/div>\n\t\t\t\t\t<\/div>\n\t\t<\/section>\n\t\t\t\t<section class=\"elementor-section elementor-top-section elementor-element elementor-element-a093748 elementor-section-boxed elementor-section-height-default elementor-section-height-default\" data-id=\"a093748\" data-element_type=\"section\" data-e-type=\"section\">\n\t\t\t\t\t\t<div class=\"elementor-container elementor-column-gap-default\">\n\t\t\t\t\t<div class=\"elementor-column elementor-col-100 elementor-top-column elementor-element elementor-element-bc170cf\" data-id=\"bc170cf\" data-element_type=\"column\" data-e-type=\"column\">\n\t\t\t<div class=\"elementor-widget-wrap elementor-element-populated\">\n\t\t\t\t\t\t<div class=\"elementor-element elementor-element-f8c1029 elementor-widget elementor-widget-text-editor\" data-id=\"f8c1029\" data-element_type=\"widget\" data-e-type=\"widget\" data-widget_type=\"text-editor.default\">\n\t\t\t\t<div class=\"elementor-widget-container\">\n\t\t\t\t\t\t\t\t\t<p><span style=\"font-family: 'Arial',sans-serif;\">Proje Geli\u015ftirme ve Koordinasyon Ofisi, Ment\u00f6rl\u00fck hizmeti ile \u00f6zg\u00fcn proje fikri olan ve proje ba\u015fvurusunda bulunacak olan birim, kurum ve akademisyenlere proje konusunda deneyimli ment\u00f6rler e\u015fli\u011finde proje haz\u0131rlama konusunda destek sa\u011flamay\u0131 ama\u00e7lamaktad\u0131r.<\/span><\/p><p><span style=\"font-family: 'Arial',sans-serif;\">Ment\u00f6r hizmeti deste\u011fi i\u00e7in takip edilmesi gerekenler a\u015fa\u011f\u0131da tan\u0131mlanm\u0131\u015ft\u0131r.<\/span><\/p><p><span style=\"font-family: 'Arial',sans-serif;\">\u00a0<\/span><span style=\"color: var( --e-global-color-text ); font-weight: inherit; letter-spacing: 0px; font-family: Arial, sans-serif;\">1.<span style=\"font-variant-numeric: normal; font-variant-east-asian: normal; font-stretch: normal; font-size: 7pt; line-height: normal; font-family: 'Times New Roman';\">\u00a0\u00a0\u00a0 <\/span><\/span><span style=\"color: var( --e-global-color-text ); font-weight: inherit; letter-spacing: 0px; font-family: Arial, sans-serif;\">Proje fikrinin k\u0131sa bir \u00f6zeti (ama\u00e7, hedefler, kapsam, yayg\u0131n etki, vb.) haz\u0131rlanarak web \u00fczerinden (<\/span><a style=\"font-family: inherit; font-weight: inherit; background-color: #ffffff; letter-spacing: 0px;\" href=\"http:\/\/pdo.atauni.edu.tr\/index.php\/mentorlu-proje-yazdirma-destegine-basvuru\"><span style=\"font-family: 'Arial',sans-serif;\">http:\/\/pdo.atauni.edu.tr\/index.php\/mentorlu-proje-yazdirma-destegine-basvuru<\/span><\/a><span style=\"color: var( --e-global-color-text ); font-weight: inherit; letter-spacing: 0px; font-family: Arial, sans-serif;\">) ba\u015fvuru talebinde bulunulmas\u0131 gerekmektedir.<\/span><\/p><p><!-- [if !supportLists]--><span style=\"font-family: 'Arial',sans-serif; mso-fareast-font-family: Arial;\">2.<span style=\"font-variant-numeric: normal; font-variant-east-asian: normal; font-weight: normal; font-stretch: normal; font-size: 7pt; line-height: normal; font-family: 'Times New Roman';\">\u00a0\u00a0\u00a0 <\/span><\/span><!--[endif]--><span style=\"font-family: 'Arial',sans-serif;\">Sunulan proje fikirleri Proje Ofisi Y\u00fcr\u00fctme Kurulu taraf\u0131ndan \u00f6zg\u00fcnl\u00fck ve yayg\u0131n etki kriterleri do\u011frultusunda \u00f6n de\u011ferlendirmeye al\u0131n\u0131r. Sonras\u0131nda y\u00fcr\u00fct\u00fcc\u00fc veya proje ekibi ile y\u00fcz y\u00fcze g\u00f6r\u00fc\u015fmeler yap\u0131larak fikrin projeye d\u00f6n\u00fc\u015fme potansiyeli tart\u0131\u015f\u0131l\u0131r.<\/span><span style=\"font-family: Arial, sans-serif; color: var( --e-global-color-text ); font-weight: inherit; letter-spacing: 0px;\">\u00a0<\/span><\/p><p><!-- [if !supportLists]--><span style=\"font-family: 'Arial',sans-serif; mso-fareast-font-family: Arial;\">3.<span style=\"font-variant-numeric: normal; font-variant-east-asian: normal; font-weight: normal; font-stretch: normal; font-size: 7pt; line-height: normal; font-family: 'Times New Roman';\">\u00a0\u00a0\u00a0 <\/span><\/span><!--[endif]--><span style=\"font-family: 'Arial',sans-serif;\">Olumlu de\u011ferlendirilen proje fikirlerine Proje Geli\u015ftirme ve Koordinasyon Ofisi Y\u00fcr\u00fctme Kurulu taraf\u0131ndan ment\u00f6r atamas\u0131 yap\u0131l\u0131r. Ment\u00f6r se\u00e7imi yap\u0131l\u0131rken ilgili ment\u00f6r\u00fcn, proje deneyimine, m\u00fcmk\u00fcnse proje fikrine yak\u0131n bilgi ve birikime sahip olmas\u0131na bak\u0131larak \u00f6zellikle \u00fcniversitemiz akademisyenlerden se\u00e7ilmesine \u00f6zen g\u00f6sterilmektedir.<\/span><span style=\"font-family: Arial, sans-serif; color: var( --e-global-color-text ); font-weight: inherit; letter-spacing: 0px;\">\u00a0<\/span><\/p><p><!-- [if !supportLists]--><span style=\"font-family: 'Arial',sans-serif; mso-fareast-font-family: Arial;\">4.<span style=\"font-variant-numeric: normal; font-variant-east-asian: normal; font-weight: normal; font-stretch: normal; font-size: 7pt; line-height: normal; font-family: 'Times New Roman';\">\u00a0\u00a0\u00a0 <\/span><\/span><!--[endif]--><span style=\"font-family: 'Arial',sans-serif;\">Taraflar\u0131n program\u0131 birlikte y\u00fcr\u00fctmeyi kabul etmeleri durumunda kar\u015f\u0131l\u0131kl\u0131 ment\u00f6rl\u00fck s\u00f6zle\u015fmesi ve gizlilik s\u00f6zle\u015fmesi imzalamalar\u0131 gerekmektedir.<\/span><\/p><p><!-- [if !supportLists]--><span style=\"font-family: 'Arial',sans-serif; mso-fareast-font-family: Arial;\">5.<span style=\"font-variant-numeric: normal; font-variant-east-asian: normal; font-weight: normal; font-stretch: normal; font-size: 7pt; line-height: normal; font-family: 'Times New Roman';\">\u00a0\u00a0\u00a0 <\/span><\/span><!--[endif]--><span style=\"font-family: 'Arial',sans-serif;\">Ment\u00f6rlerin, projenin bilimsel i\u00e7eri\u011fine girmeden proje yazma kurallar\u0131n\u0131 g\u00f6z \u00f6n\u00fcnde bulundurarak haftada 6 saat y\u00fcr\u00fct\u00fcc\u00fc ile \u00e7al\u0131\u015fmas\u0131 ve projenin iki ay i\u00e7erisinde sunabilecek duruma getirilmesi beklenmektedir. Haz\u0131rlanacak projenin geli\u015fimi yap\u0131lacak periyodik toplant\u0131larla Proje Ofisi taraf\u0131ndan takip edilir.\u00a0 <\/span><\/p><p><span style=\"font-family: 'Arial',sans-serif;\">\u00a0<\/span><span style=\"color: var( --e-global-color-text ); font-weight: inherit; letter-spacing: 0px; font-family: Arial, sans-serif;\">6.<span style=\"font-variant-numeric: normal; font-variant-east-asian: normal; font-stretch: normal; font-size: 7pt; line-height: normal; font-family: 'Times New Roman';\">\u00a0\u00a0\u00a0 <\/span><\/span><span style=\"color: var( --e-global-color-text ); font-weight: inherit; letter-spacing: 0px; font-family: Arial, sans-serif;\">Ment\u00f6rler proje haz\u0131rlama konusunda sadece yol g\u00f6sterici ve destek sa\u011flay\u0131c\u0131 rol \u00fcstlenmektedir. Projeyi y\u00fcr\u00fct\u00fcc\u00fc ad\u0131na yazma gibi bir y\u00fck\u00fcml\u00fcl\u00fckleri yoktur.<\/span><\/p><p><span style=\"font-family: 'Arial',sans-serif;\">\u00a0<\/span><span style=\"color: var( --e-global-color-text ); font-weight: inherit; letter-spacing: 0px; font-family: Arial, sans-serif;\">7.<span style=\"font-variant-numeric: normal; font-variant-east-asian: normal; font-stretch: normal; font-size: 7pt; line-height: normal; font-family: 'Times New Roman';\">\u00a0\u00a0\u00a0 <\/span><\/span><span style=\"color: var( --e-global-color-text ); font-weight: inherit; letter-spacing: 0px; font-family: Arial, sans-serif;\">Projenin red almas\u0131ndan proje ofisi ve ment\u00f6r sorumlu tutulamaz. Red gerek\u00e7eleri Ment\u00f6rle birlikte incelenerek projenin durumu hakk\u0131nda de\u011ferlendirme yap\u0131labilir.<\/span><\/p><p><span style=\"font-family: 'Arial',sans-serif;\">\u00a0<\/span><span style=\"color: var( --e-global-color-text ); font-weight: inherit; letter-spacing: 0px; font-family: Arial, sans-serif;\">8.<span style=\"font-variant-numeric: normal; font-variant-east-asian: normal; font-stretch: normal; font-size: 7pt; line-height: normal; font-family: 'Times New Roman';\">\u00a0\u00a0\u00a0 <\/span><\/span><span style=\"color: var( --e-global-color-text ); font-weight: inherit; letter-spacing: 0px; font-family: Arial, sans-serif;\">Ment\u00f6rl\u00fck s\u00f6zle\u015fmesi imzalanmadan \u00f6nce hizmet bedeli Proje Ofisi D\u00f6ner sermaye hesab\u0131na yat\u0131r\u0131lmal\u0131d\u0131r.<\/span><\/p><p><span style=\"font-family: 'Arial',sans-serif;\">\u00a0<\/span><span style=\"color: var( --e-global-color-text ); font-weight: inherit; letter-spacing: 0px; font-family: Arial, sans-serif;\">9.<span style=\"font-variant-numeric: normal; font-variant-east-asian: normal; font-stretch: normal; font-size: 7pt; line-height: normal; font-family: 'Times New Roman';\">\u00a0\u00a0\u00a0 <\/span><\/span><span style=\"color: var( --e-global-color-text ); font-weight: inherit; letter-spacing: 0px; font-family: Arial, sans-serif;\">Ment\u00f6r \u00dccretleri Proje haz\u0131rlama s\u00fcreci tamamland\u0131ktan sonra Proje Ofisi taraf\u0131ndan ilgili Ment\u00f6rlerin hesab\u0131na aktar\u0131l\u0131r.<\/span><\/p><h6 class=\"elementor-heading-title elementor-size-default\">Ment\u00f6rl\u00fck hizmeti hakk\u0131nda detaylara ula\u015fmak i\u00e7in l\u00fctfen <a href=\"http:\/\/pdo.atauni.edu.tr\/index.php\/ucretli-hizmetler-doner-sermaye-proseduru\/\">t\u0131klay\u0131n\u0131z.\u00a0<\/a><\/h6><p><span style=\"color: var( --e-global-color-text ); font-weight: inherit; letter-spacing: 0px; font-family: Arial, sans-serif;\">\u00a0<\/span><\/p>\t\t\t\t\t\t\t\t<\/div>\n\t\t\t\t<\/div>\n\t\t\t\t\t<\/div>\n\t\t<\/div>\n\t\t\t\t\t<\/div>\n\t\t<\/section>\n\t\t\t\t<section class=\"elementor-section elementor-top-section elementor-element elementor-element-f462f82 elementor-section-boxed elementor-section-height-default elementor-section-height-default\" data-id=\"f462f82\" data-element_type=\"section\" data-e-type=\"section\">\n\t\t\t\t\t\t<div class=\"elementor-container elementor-column-gap-default\">\n\t\t\t\t\t<div class=\"elementor-column elementor-col-25 elementor-top-column elementor-element elementor-element-dbe8229\" data-id=\"dbe8229\" data-element_type=\"column\" data-e-type=\"column\">\n\t\t\t<div class=\"elementor-widget-wrap\">\n\t\t\t\t\t\t\t<\/div>\n\t\t<\/div>\n\t\t\t\t<div class=\"elementor-column elementor-col-50 elementor-top-column elementor-element elementor-element-4943c6c\" data-id=\"4943c6c\" data-element_type=\"column\" data-e-type=\"column\">\n\t\t\t<div class=\"elementor-widget-wrap\">\n\t\t\t\t\t\t\t<\/div>\n\t\t<\/div>\n\t\t\t\t<div class=\"elementor-column elementor-col-25 elementor-top-column elementor-element elementor-element-ea2650f\" data-id=\"ea2650f\" data-element_type=\"column\" data-e-type=\"column\">\n\t\t\t<div class=\"elementor-widget-wrap\">\n\t\t\t\t\t\t\t<\/div>\n\t\t<\/div>\n\t\t\t\t\t<\/div>\n\t\t<\/section>\n\t\t\t\t<\/div>\n\t\t","protected":false},"excerpt":{"rendered":"<p>Proje Geli\u015ftirme ve Koordinasyon Ofisi, Ment\u00f6rl\u00fck hizmeti ile \u00f6zg\u00fcn proje fikri olan ve proje ba\u015fvurusunda bulunacak olan birim, kurum ve akademisyenlere proje konusunda deneyimli ment\u00f6rler e\u015fli\u011finde proje haz\u0131rlama konusunda destek sa\u011flamay\u0131 ama\u00e7lamaktad\u0131r. Ment\u00f6r hizmeti deste\u011fi i\u00e7in takip edilmesi gerekenler a\u015fa\u011f\u0131da tan\u0131mlanm\u0131\u015ft\u0131r. \u00a01.\u00a0\u00a0\u00a0 Proje fikrinin k\u0131sa bir \u00f6zeti (ama\u00e7, hedefler, kapsam, yayg\u0131n etki, vb.) haz\u0131rlanarak web [&hellip;]<\/p>\n","protected":false},"author":1,"featured_media":0,"parent":0,"menu_order":0,"comment_status":"closed","ping_status":"closed","template":"","meta":{"footnotes":""},"class_list":["post-4910","page","type-page","status-publish","hentry"],"_links":{"self":[{"href":"http:\/\/pdo.atauni.edu.tr\/index.php\/wp-json\/wp\/v2\/pages\/4910","targetHints":{"allow":["GET"]}}],"collection":[{"href":"http:\/\/pdo.atauni.edu.tr\/index.php\/wp-json\/wp\/v2\/pages"}],"about":[{"href":"http:\/\/pdo.atauni.edu.tr\/index.php\/wp-json\/wp\/v2\/types\/page"}],"author":[{"embeddable":true,"href":"http:\/\/pdo.atauni.edu.tr\/index.php\/wp-json\/wp\/v2\/users\/1"}],"replies":[{"embeddable":true,"href":"http:\/\/pdo.atauni.edu.tr\/index.php\/wp-json\/wp\/v2\/comments?post=4910"}],"version-history":[{"count":46,"href":"http:\/\/pdo.atauni.edu.tr\/index.php\/wp-json\/wp\/v2\/pages\/4910\/revisions"}],"predecessor-version":[{"id":8338,"href":"http:\/\/pdo.atauni.edu.tr\/index.php\/wp-json\/wp\/v2\/pages\/4910\/revisions\/8338"}],"wp:attachment":[{"href":"http:\/\/pdo.atauni.edu.tr\/index.php\/wp-json\/wp\/v2\/media?parent=4910"}],"curies":[{"name":"wp","href":"https:\/\/api.w.org\/{rel}","templated":true}]}}