{"id":4912,"date":"2020-08-20T10:52:58","date_gmt":"2020-08-20T07:52:58","guid":{"rendered":"http:\/\/pdo.atauni.edu.tr\/?page_id=4912"},"modified":"2020-12-04T10:20:21","modified_gmt":"2020-12-04T07:20:21","slug":"un-sanayi-kobi-isbirligi-basvurusu","status":"publish","type":"page","link":"http:\/\/pdo.atauni.edu.tr\/index.php\/un-sanayi-kobi-isbirligi-basvurusu\/","title":{"rendered":"\u00dcniversite-Sanayi-Kobi \u0130\u015fbirli\u011fi Proje E\u011fitimi Ba\u015fvurusu"},"content":{"rendered":"\t\t<div data-elementor-type=\"wp-page\" data-elementor-id=\"4912\" class=\"elementor elementor-4912\" data-elementor-post-type=\"page\">\n\t\t\t\t\t\t<section class=\"elementor-section elementor-top-section elementor-element elementor-element-1c9ba46 elementor-section-boxed elementor-section-height-default elementor-section-height-default\" data-id=\"1c9ba46\" data-element_type=\"section\" data-e-type=\"section\">\n\t\t\t\t\t\t<div class=\"elementor-container elementor-column-gap-default\">\n\t\t\t\t\t<div class=\"elementor-column elementor-col-100 elementor-top-column elementor-element elementor-element-c7b3f07\" data-id=\"c7b3f07\" data-element_type=\"column\" data-e-type=\"column\">\n\t\t\t<div class=\"elementor-widget-wrap elementor-element-populated\">\n\t\t\t\t\t\t<div class=\"elementor-element elementor-element-9504489 elementor-widget elementor-widget-ct_heading\" data-id=\"9504489\" data-element_type=\"widget\" data-e-type=\"widget\" data-widget_type=\"ct_heading.default\">\n\t\t\t\t<div class=\"elementor-widget-container\">\n\t\t\t\t\t<div class=\"ct-heading h-align-  sub-style1 ct-heading-left item-st-default\">\r\n\t    <h3 class=\"item--title st-default\">\r\n                <span>\r\n                        Programa kat\u0131lmak i\u00e7in ba\u015fvuran Sanayici KOB\u0130 ve Giri\u015fimciler                    <\/span>\r\n            <\/h3>\r\n<\/div>\t\t\t\t<\/div>\n\t\t\t\t<\/div>\n\t\t\t\t\t<\/div>\n\t\t<\/div>\n\t\t\t\t\t<\/div>\n\t\t<\/section>\n\t\t\t\t<section class=\"elementor-section elementor-top-section elementor-element elementor-element-2d91099 elementor-section-boxed elementor-section-height-default elementor-section-height-default\" data-id=\"2d91099\" data-element_type=\"section\" data-e-type=\"section\">\n\t\t\t\t\t\t<div class=\"elementor-container elementor-column-gap-default\">\n\t\t\t\t\t<div class=\"elementor-column elementor-col-100 elementor-top-column elementor-element elementor-element-96a982a\" data-id=\"96a982a\" data-element_type=\"column\" data-e-type=\"column\">\n\t\t\t<div class=\"elementor-widget-wrap elementor-element-populated\">\n\t\t\t\t\t\t<div class=\"elementor-element elementor-element-e14ea23 elementor-widget elementor-widget-ct_text_editor\" data-id=\"e14ea23\" data-element_type=\"widget\" data-e-type=\"widget\" data-widget_type=\"ct_text_editor.default\">\n\t\t\t\t<div class=\"elementor-widget-container\">\n\t\t\t\t\t<div id=\"ct_text_editor-e14ea23\" class=\"ct-text-editor \">\n\t<div class=\"ct-inline-css\"  data-css=\"\n        \">\n    <\/div>\n\t<div class=\"ct-text-editor elementor-clearfix\"><p><strong>Sekt\u00f6r Temsilcilerine Y\u00f6nelik Proje E\u011fitimi ve Ment\u00f6r Deste\u011fi 5.11.2020 Tarihli Uzaktan E\u011fitim Kat\u0131l\u0131mc\u0131 Listesi<\/strong><\/p><table width=\"939\"><tbody><tr><td width=\"178\"><p><strong>Firma Tam Ad\u0131<\/strong><\/p><\/td><td width=\"105\"><p><strong>Firma Ad\u0131na Kat\u0131lan Ki\u015finin Ad\u0131 Soyad\u0131<\/strong><\/p><\/td><td width=\"134\"><p><strong>G\u00f6revi<\/strong><\/p><\/td><\/tr><tr><td width=\"178\"><p>OZANAVM<\/p><\/td><td width=\"105\"><p>MEHMET U\u011eUR KARAKU\u015e<\/p><\/td><td width=\"134\"><p>\u0130\u015eYER\u0130 SAH\u0130B\u0130<\/p><\/td><\/tr><tr><td width=\"178\"><p>ERZURUM D\u0130J\u0130TAL<\/p><\/td><td width=\"105\"><p>OSMAN EREN<\/p><\/td><td width=\"134\"><p>TASARIMCI<\/p><\/td><\/tr><tr><td width=\"178\"><p>ERZURUM D\u0130J\u0130TAL<\/p><\/td><td width=\"105\"><p>YAVUZ SEL\u0130M YILMAZ<\/p><\/td><td width=\"134\"><p>\u0130\u015eYER\u0130 SAH\u0130B\u0130<\/p><\/td><\/tr><tr><td width=\"178\"><p>ERTETA TARIM HAYVANCILIK \u0130N\u015e. TAAH. OTOM. PET. T\u0130C.VE SAN. T\u0130C. LTD. \u015eT\u0130.<\/p><\/td><td width=\"105\"><p>C\u0130HAT YILDIZ<\/p><\/td><td width=\"134\"><p>\u015e\u0130RKET M\u00dcD\u00dcR\u00dc<\/p><\/td><\/tr><tr><td width=\"178\"><p>SERT\u00dcRK M\u00dcHEND\u0130SL\u0130K VE DANI\u015eMANLIK H\u0130ZMETLER\u0130<\/p><\/td><td width=\"105\"><p>SERDAR ERT\u00dcRK<\/p><\/td><td width=\"134\"><p><strong>\u00a0<\/strong>PROJE UZMANI<\/p><\/td><\/tr><tr><td width=\"178\"><p>\u015e\u0130\u015eMAN AMCA TA\u015eIMACILIK HAYVANCILIK, G\u00dcVENL\u0130K LTD. \u015eT\u0130<\/p><\/td><td width=\"105\"><p>C\u00dcN\u0130Y\u0130T YILDIRIM<\/p><\/td><td width=\"134\"><p>\u015e\u0130RKET SORUMLUSU<\/p><\/td><\/tr><tr><td width=\"178\"><p>AB\u0130GEM A.\u015e.<\/p><\/td><td width=\"105\"><p>YASEM\u0130N KARABULUT<\/p><\/td><td width=\"134\"><p>DANI\u015eMAN<\/p><\/td><\/tr><tr><td width=\"178\"><p>MAL\u0130 M\u00dc\u015eAV\u0130R<\/p><\/td><td width=\"105\"><p>FIRAT \u00d6ZT\u00dcRK<\/p><\/td><td width=\"134\"><p>MAL\u0130 M\u00dc\u015eAV\u0130R<\/p><\/td><\/tr><tr><td width=\"178\"><p>NUR S\u00dcT<\/p><\/td><td width=\"105\"><p>B\u00dc\u015eRA DUMLU<\/p><\/td><td width=\"134\"><p>AKADEM\u0130SYEN<\/p><\/td><\/tr><tr><td width=\"178\"><p>NEMFLORA<\/p><\/td><td width=\"105\"><p>AHMET YELL\u0130CE<\/p><\/td><td width=\"134\"><p>KURUCU ORTAK<\/p><\/td><\/tr><\/tbody><\/table><\/div>\n<\/div>\t\t\t\t<\/div>\n\t\t\t\t<\/div>\n\t\t\t\t\t<\/div>\n\t\t<\/div>\n\t\t\t\t\t<\/div>\n\t\t<\/section>\n\t\t\t\t<section class=\"elementor-section elementor-top-section elementor-element elementor-element-8713f8c elementor-section-boxed elementor-section-height-default elementor-section-height-default\" data-id=\"8713f8c\" data-element_type=\"section\" data-e-type=\"section\">\n\t\t\t\t\t\t<div class=\"elementor-container elementor-column-gap-default\">\n\t\t\t\t\t<div class=\"elementor-column elementor-col-100 elementor-top-column elementor-element elementor-element-a261e0f\" data-id=\"a261e0f\" data-element_type=\"column\" data-e-type=\"column\">\n\t\t\t<div class=\"elementor-widget-wrap elementor-element-populated\">\n\t\t\t\t\t\t<div class=\"elementor-element elementor-element-413d31b elementor-widget elementor-widget-ct_text_editor\" data-id=\"413d31b\" data-element_type=\"widget\" data-e-type=\"widget\" data-widget_type=\"ct_text_editor.default\">\n\t\t\t\t<div class=\"elementor-widget-container\">\n\t\t\t\t\t<div id=\"ct_text_editor-413d31b\" class=\"ct-text-editor \">\n\t<div class=\"ct-inline-css\"  data-css=\"\n        \">\n    <\/div>\n\t<div class=\"ct-text-editor elementor-clearfix\"><p><strong>Sekt\u00f6r Temsilcilerine Y\u00f6nelik Proje E\u011fitimi ve Ment\u00f6r Deste\u011fi 12.11.2020 Tarihli Uzaktan E\u011fitim Kat\u0131l\u0131mc\u0131 Listesi<\/strong><\/p><table width=\"1049\"><tbody><tr><td width=\"243\"><p><strong>Firma Tam Ad\u0131<\/strong><\/p><\/td><td width=\"193\"><p><strong>Firma Ad\u0131na Kat\u0131lan Ki\u015finin Ad\u0131 Soyad\u0131<\/strong><\/p><\/td><td width=\"130\"><p><strong>G\u00f6revi<\/strong><\/p><\/td><\/tr><tr><td width=\"243\"><p>GoArge Yaz\u0131l\u0131m Bili\u015fim ve Reklam Teknolojileri<\/p><\/td><td width=\"193\"><p>\u0130hsan \u00c7ar\u0131kc\u0131<\/p><\/td><td width=\"130\"><p>Firma Sahibi<\/p><\/td><\/tr><tr><td width=\"243\"><p>Yat\u0131r\u0131mc\u0131 Bilgi Merkezi &#8211; YaBimer<\/p><\/td><td width=\"193\"><p>\u00d6zcan \u00d6NER<\/p><\/td><td width=\"130\"><p>Genel M\u00fcd\u00fcr<\/p><\/td><\/tr><tr><td width=\"243\"><p>CODEPOINT T\u00dcRK\u0130YE<\/p><\/td><td width=\"193\"><p>ASUDE B\u00dc\u015eRA KIZILO\u011eLU<\/p><\/td><td width=\"130\"><p>STAJYER YAZILIM GEL\u0130\u015eT\u0130R\u0130C\u0130<\/p><\/td><\/tr><tr><td width=\"243\"><p>Faraday Elektrik Ltd.\u015eti.<\/p><\/td><td width=\"193\"><p>Muhammed Murad TOP<\/p><\/td><td width=\"130\"><p>Proje sorumlusu<\/p><\/td><\/tr><tr><td width=\"243\"><p>Ada G\u00fczey M\u00fchendislik Yaz\u0131l\u0131m<\/p><\/td><td width=\"193\"><p>Hac\u0131 Mehmet G\u00fczey<\/p><\/td><td width=\"130\"><p>Firma Sahibi<\/p><\/td><\/tr><tr><td width=\"243\"><p>\u00a0Elektronik<\/p><\/td><td width=\"193\"><p>\u0130smail Hakk\u0131 G\u00d6KG\u00d6Z<\/p><\/td><td width=\"130\"><p>Firma Yetkili<\/p><\/td><\/tr><tr><td width=\"243\"><p>Paland\u00f6ken\u00a0Sa\u011fl\u0131k Hizmetleri<\/p><\/td><td width=\"193\"><p>Orhan G\u00fcrb\u00fcz<\/p><\/td><td width=\"130\"><p>\u015eirket Sahibi<\/p><\/td><\/tr><tr><td width=\"243\"><p>ERLAB TEKNOLOJ\u0130.A\u015e<\/p><\/td><td width=\"193\"><p>\u0130BRAH\u0130M KARACALI<\/p><\/td><td width=\"130\"><p>\u0130DAR\u0130 \u0130\u015eLER<\/p><\/td><\/tr><tr><td width=\"243\"><p>EREN RAF \u0130N\u015eAAT TAAHH\u00dcT T\u0130C. ve SAN. A.\u015e.<\/p><\/td><td width=\"193\"><p>Yunus Emre G\u00dcNER<\/p><\/td><td width=\"130\"><p>Ar-Ge m\u00fchendisi<\/p><\/td><\/tr><tr><td width=\"243\"><p>Erzurum Berard ArGe dan\u0131\u015fmanl\u0131k<\/p><\/td><td width=\"193\"><p>Ay\u015fenur Bad\u0131\u0131ll\u0131 Solak<\/p><\/td><td width=\"130\"><p>Sahibi<\/p><\/td><\/tr><tr><td width=\"243\"><p>FZC Mimarl\u0131k, Planlama ve Tasar\u0131m<\/p><\/td><td width=\"193\"><p>Fatma Zehra \u00c7AKICI<\/p><\/td><td width=\"130\"><p>Mimar<\/p><\/td><\/tr><tr><td width=\"243\"><p><strong>\u00a0<\/strong>ARGEKIP BIL\u0130SIM TEKNOLOJILERI<\/p><\/td><td width=\"193\"><p>Hatice KALAYCI G\u00dcLER<\/p><\/td><td width=\"130\"><p><strong>\u00a0<\/strong>End\u00fcstri M\u00fchendisi<\/p><\/td><\/tr><\/tbody><\/table><\/div>\n<\/div>\t\t\t\t<\/div>\n\t\t\t\t<\/div>\n\t\t\t\t\t<\/div>\n\t\t<\/div>\n\t\t\t\t\t<\/div>\n\t\t<\/section>\n\t\t\t\t<section class=\"elementor-section elementor-top-section elementor-element elementor-element-71f1b2f elementor-section-boxed elementor-section-height-default elementor-section-height-default\" data-id=\"71f1b2f\" data-element_type=\"section\" data-e-type=\"section\">\n\t\t\t\t\t\t<div class=\"elementor-container elementor-column-gap-default\">\n\t\t\t\t\t<div class=\"elementor-column elementor-col-100 elementor-top-column elementor-element elementor-element-ec10811\" data-id=\"ec10811\" data-element_type=\"column\" data-e-type=\"column\">\n\t\t\t<div class=\"elementor-widget-wrap elementor-element-populated\">\n\t\t\t\t\t\t<div class=\"elementor-element elementor-element-cbcf22a elementor-widget elementor-widget-ct_text_editor\" data-id=\"cbcf22a\" data-element_type=\"widget\" data-e-type=\"widget\" data-widget_type=\"ct_text_editor.default\">\n\t\t\t\t<div class=\"elementor-widget-container\">\n\t\t\t\t\t<div id=\"ct_text_editor-cbcf22a\" class=\"ct-text-editor \">\n\t<div class=\"ct-inline-css\"  data-css=\"\n        \">\n    <\/div>\n\t<div class=\"ct-text-editor elementor-clearfix\"><p><strong>Sekt\u00f6r Temsilcilerine Y\u00f6nelik Proje E\u011fitimi ve Ment\u00f6r Deste\u011fi 19.11.2020 Tarihli Uzaktan E\u011fitim Kat\u0131l\u0131mc\u0131 Listesi<\/strong><\/p><table width=\"1053\"><tbody><tr><td width=\"231\"><p><strong>Firma Tam Ad\u0131<\/strong><\/p><\/td><td width=\"167\"><p><strong>Firma Ad\u0131na Kat\u0131lan Ki\u015finin Ad\u0131 Soyad\u0131<\/strong><\/p><\/td><td width=\"118\"><p><strong>G\u00f6revi<\/strong><\/p><\/td><\/tr><tr><td width=\"231\"><p>\u015e\u0130M\u015eEK B\u0130LG\u0130SAYAR LTD. \u015eT\u0130.<\/p><\/td><td width=\"167\"><p>MUSTAFA BULMU\u015e<\/p><\/td><td width=\"118\"><p>F\u0130RMA PERSONEL\u0130<\/p><\/td><\/tr><tr><td width=\"231\"><p>TEKNOWATT TEKNOLOJ\u0130<\/p><\/td><td width=\"167\"><p>MUHAMMET TAHA TOPALL\u0130<\/p><\/td><td width=\"118\"><p>GENEL M\u00dcD\u00dcR<\/p><\/td><\/tr><tr><td width=\"231\"><p>MURAT DURAN PROJE<\/p><\/td><td width=\"167\"><p>MURAT DURAN<\/p><\/td><td width=\"118\"><p>Y\u00d6NET\u0130C\u0130<\/p><\/td><\/tr><tr><td width=\"231\"><p>BEK\u0130R KARAASLAN KOKO \u00c7AKMAK FABR\u0130KASI<\/p><\/td><td width=\"167\"><p>ADEM BATUR<\/p><\/td><td width=\"118\"><p>MAL\u0130 M\u00dc\u015eAV\u0130R<\/p><\/td><\/tr><tr><td width=\"231\"><p>G\u0130R\u0130\u015e\u0130MC\u0130<\/p><\/td><td width=\"167\"><p>ALPER AYDO\u011eDU<\/p><\/td><td width=\"118\"><p>TUR\u0130ZM<\/p><\/td><\/tr><tr><td width=\"231\"><p>G\u0130R\u0130\u015e\u0130MC\u0130<\/p><\/td><td width=\"167\"><p>OKTAY B\u00d6L\u00dcK<\/p><\/td><td width=\"118\"><p>E\u011e\u0130TMEN<\/p><\/td><\/tr><tr><td width=\"231\"><p>ATA PROTEK ORTOPED\u0130<\/p><\/td><td width=\"167\"><p>YA\u011eMUR YA\u011eAR<\/p><\/td><td width=\"118\"><p>ORTOPED\u0130 TEKN\u0130KER\u0130<\/p><\/td><\/tr><tr><td width=\"231\"><p>DO\u011eUPORT \u0130NT.H\u0130ZM.<\/p><\/td><td width=\"167\"><p>\u0130HSAN KARAG\u00dcLLE<\/p><\/td><td width=\"118\"><p>F\u0130RMA YETK\u0130L\u0130S\u0130<\/p><\/td><\/tr><tr><td width=\"231\"><p>YEREL YAZILIM B\u0130LG\u0130SAYAR DANI\u015eMANLIK<\/p><\/td><td width=\"167\"><p>AHMET DAL<\/p><\/td><td width=\"118\"><p>\u015e\u0130RKET M\u00dcD\u00dcR\u00dc<\/p><\/td><\/tr><tr><td width=\"231\"><p>ER-HAS GODA MANDIRACILIK HAYV.\u0130N\u015e.MALZ.TAAHVESANLTD\u015eT\u0130<\/p><\/td><td width=\"167\"><p>TUNCAY U\u00c7AN<\/p><\/td><td width=\"118\"><p>F\u0130RMA SAH\u0130B\u0130<\/p><\/td><\/tr><tr><td width=\"231\"><p>TEKNOKENT<\/p><\/td><td width=\"167\"><p>\u00d6MER KARABULUT<\/p><\/td><td width=\"118\"><p>\u0130\u015e GEL\u0130\u015eT\u0130RME UZMAN YARDIMCISI<\/p><\/td><\/tr><tr><td width=\"231\"><p>A\u011eRI SANAY\u0130 VE TEKNOLOJ\u0130 \u0130L M\u00dcD\u00dcRL\u00dc\u011e\u00dc<\/p><\/td><td width=\"167\"><p>HASAN \u0130SEN<\/p><\/td><td width=\"118\"><p>M\u00dcHEND\u0130S<\/p><\/td><\/tr><\/tbody><\/table><\/div>\n<\/div>\t\t\t\t<\/div>\n\t\t\t\t<\/div>\n\t\t\t\t\t<\/div>\n\t\t<\/div>\n\t\t\t\t\t<\/div>\n\t\t<\/section>\n\t\t\t\t<section class=\"elementor-section elementor-top-section elementor-element elementor-element-a1b76aa elementor-section-boxed elementor-section-height-default elementor-section-height-default\" data-id=\"a1b76aa\" data-element_type=\"section\" data-e-type=\"section\">\n\t\t\t\t\t\t<div class=\"elementor-container elementor-column-gap-default\">\n\t\t\t\t\t<div class=\"elementor-column elementor-col-100 elementor-top-column elementor-element elementor-element-1e6df2b\" data-id=\"1e6df2b\" data-element_type=\"column\" data-e-type=\"column\">\n\t\t\t<div class=\"elementor-widget-wrap\">\n\t\t\t\t\t\t\t<\/div>\n\t\t<\/div>\n\t\t\t\t\t<\/div>\n\t\t<\/section>\n\t\t\t\t<section class=\"elementor-section elementor-top-section elementor-element elementor-element-808426b elementor-section-boxed elementor-section-height-default elementor-section-height-default\" data-id=\"808426b\" data-element_type=\"section\" data-e-type=\"section\">\n\t\t\t\t\t\t<div class=\"elementor-container elementor-column-gap-default\">\n\t\t\t\t\t<div class=\"elementor-column elementor-col-100 elementor-top-column elementor-element elementor-element-b37887a\" data-id=\"b37887a\" data-element_type=\"column\" data-e-type=\"column\">\n\t\t\t<div class=\"elementor-widget-wrap elementor-element-populated\">\n\t\t\t\t\t\t<div class=\"elementor-element elementor-element-6337b97 elementor-widget elementor-widget-ct_heading\" data-id=\"6337b97\" data-element_type=\"widget\" data-e-type=\"widget\" data-widget_type=\"ct_heading.default\">\n\t\t\t\t<div class=\"elementor-widget-container\">\n\t\t\t\t\t<div class=\"ct-heading h-align-  sub-style1 ct-heading-left item-st-default\">\r\n\t\t\t<div class=\"item--sub-title style1 show-line\">Ba\u015fvurular 15 Aral\u0131k&#039;a kadar devam edecek.......<\/div>\r\n\t    <h3 class=\"item--title st-default\">\r\n                <span>\r\n                        G\u00f6stermi\u015f oldu\u011funuz ilgiye te\u015fekk\u00fcr ederiz!                     <\/span>\r\n            <\/h3>\r\n<\/div>\t\t\t\t<\/div>\n\t\t\t\t<\/div>\n\t\t\t\t\t<\/div>\n\t\t<\/div>\n\t\t\t\t\t<\/div>\n\t\t<\/section>\n\t\t\t\t<section class=\"elementor-section elementor-top-section elementor-element elementor-element-ce45e18 elementor-section-boxed elementor-section-height-default elementor-section-height-default\" data-id=\"ce45e18\" data-element_type=\"section\" data-e-type=\"section\">\n\t\t\t\t\t\t<div class=\"elementor-container elementor-column-gap-default\">\n\t\t\t\t\t<div class=\"elementor-column elementor-col-50 elementor-top-column elementor-element elementor-element-60e85e7\" data-id=\"60e85e7\" data-element_type=\"column\" data-e-type=\"column\">\n\t\t\t<div class=\"elementor-widget-wrap elementor-element-populated\">\n\t\t\t\t\t\t<div class=\"elementor-element elementor-element-ec6679c elementor-widget elementor-widget-html\" data-id=\"ec6679c\" data-element_type=\"widget\" data-e-type=\"widget\" data-widget_type=\"html.default\">\n\t\t\t\t<div class=\"elementor-widget-container\">\n\t\t\t\t\t<iframe src=\"https:\/\/pdo.atauni.edu.tr\/universite-sanayi-kobi\/basvuruformu.php\" name=\"frame1\" scrolling=\"auto\" width=\"600px\" height=\"800px\" frameborder=\"yes\" align=\"middle\"><\/iframe>\t\t\t\t\t\t<\/div>\n\t\t\t\t<\/div>\n\t\t\t\t\t<\/div>\n\t\t<\/div>\n\t\t\t\t<div class=\"elementor-column elementor-col-50 elementor-top-column elementor-element elementor-element-58cbf9e\" data-id=\"58cbf9e\" data-element_type=\"column\" data-e-type=\"column\">\n\t\t\t<div class=\"elementor-widget-wrap elementor-element-populated\">\n\t\t\t\t\t\t<div class=\"elementor-element elementor-element-896dc48 elementor-widget elementor-widget-image\" data-id=\"896dc48\" data-element_type=\"widget\" data-e-type=\"widget\" data-widget_type=\"image.default\">\n\t\t\t\t<div class=\"elementor-widget-container\">\n\t\t\t\t\t\t\t\t\t\t\t\t\t\t\t<img fetchpriority=\"high\" decoding=\"async\" width=\"640\" height=\"912\" src=\"http:\/\/pdo.atauni.edu.tr\/wp-content\/uploads\/2020\/11\/yeniprog-768x1094.jpg\" class=\"attachment-medium_large size-medium_large wp-image-5676\" alt=\"\" srcset=\"http:\/\/pdo.atauni.edu.tr\/wp-content\/uploads\/2020\/11\/yeniprog-768x1094.jpg 768w, http:\/\/pdo.atauni.edu.tr\/wp-content\/uploads\/2020\/11\/yeniprog-211x300.jpg 211w, http:\/\/pdo.atauni.edu.tr\/wp-content\/uploads\/2020\/11\/yeniprog-719x1024.jpg 719w, http:\/\/pdo.atauni.edu.tr\/wp-content\/uploads\/2020\/11\/yeniprog-1079x1536.jpg 1079w, http:\/\/pdo.atauni.edu.tr\/wp-content\/uploads\/2020\/11\/yeniprog.jpg 1248w\" sizes=\"(max-width: 640px) 100vw, 640px\" \/>\t\t\t\t\t\t\t\t\t\t\t\t\t\t\t<\/div>\n\t\t\t\t<\/div>\n\t\t\t\t\t<\/div>\n\t\t<\/div>\n\t\t\t\t\t<\/div>\n\t\t<\/section>\n\t\t\t\t<\/div>\n\t\t","protected":false},"excerpt":{"rendered":"<p>Programa kat\u0131lmak i\u00e7in ba\u015fvuran Sanayici KOB\u0130 ve Giri\u015fimciler Sekt\u00f6r Temsilcilerine Y\u00f6nelik Proje E\u011fitimi ve Ment\u00f6r Deste\u011fi 5.11.2020 Tarihli Uzaktan E\u011fitim Kat\u0131l\u0131mc\u0131 Listesi Firma Tam Ad\u0131 Firma Ad\u0131na Kat\u0131lan Ki\u015finin Ad\u0131 Soyad\u0131 G\u00f6revi OZANAVM MEHMET U\u011eUR KARAKU\u015e \u0130\u015eYER\u0130 SAH\u0130B\u0130 ERZURUM D\u0130J\u0130TAL OSMAN EREN TASARIMCI ERZURUM D\u0130J\u0130TAL YAVUZ SEL\u0130M YILMAZ \u0130\u015eYER\u0130 SAH\u0130B\u0130 ERTETA TARIM HAYVANCILIK \u0130N\u015e. TAAH. [&hellip;]<\/p>\n","protected":false},"author":1,"featured_media":0,"parent":0,"menu_order":0,"comment_status":"closed","ping_status":"closed","template":"","meta":{"footnotes":""},"class_list":["post-4912","page","type-page","status-publish","hentry"],"_links":{"self":[{"href":"http:\/\/pdo.atauni.edu.tr\/index.php\/wp-json\/wp\/v2\/pages\/4912","targetHints":{"allow":["GET"]}}],"collection":[{"href":"http:\/\/pdo.atauni.edu.tr\/index.php\/wp-json\/wp\/v2\/pages"}],"about":[{"href":"http:\/\/pdo.atauni.edu.tr\/index.php\/wp-json\/wp\/v2\/types\/page"}],"author":[{"embeddable":true,"href":"http:\/\/pdo.atauni.edu.tr\/index.php\/wp-json\/wp\/v2\/users\/1"}],"replies":[{"embeddable":true,"href":"http:\/\/pdo.atauni.edu.tr\/index.php\/wp-json\/wp\/v2\/comments?post=4912"}],"version-history":[{"count":40,"href":"http:\/\/pdo.atauni.edu.tr\/index.php\/wp-json\/wp\/v2\/pages\/4912\/revisions"}],"predecessor-version":[{"id":5848,"href":"http:\/\/pdo.atauni.edu.tr\/index.php\/wp-json\/wp\/v2\/pages\/4912\/revisions\/5848"}],"wp:attachment":[{"href":"http:\/\/pdo.atauni.edu.tr\/index.php\/wp-json\/wp\/v2\/media?parent=4912"}],"curies":[{"name":"wp","href":"https:\/\/api.w.org\/{rel}","templated":true}]}}