{"id":6504,"date":"2022-02-15T15:16:06","date_gmt":"2022-02-15T12:16:06","guid":{"rendered":"https:\/\/pdo.atauni.edu.tr\/?page_id=6504"},"modified":"2022-03-11T16:16:35","modified_gmt":"2022-03-11T13:16:35","slug":"ucretli-hizmetler-doner-sermaye-proseduru","status":"publish","type":"page","link":"http:\/\/pdo.atauni.edu.tr\/index.php\/ucretli-hizmetler-doner-sermaye-proseduru\/","title":{"rendered":"\u00dccretli Hizmetler (D\u00f6ner Sermaye Prosed\u00fcr\u00fc)\u00a0"},"content":{"rendered":"\t\t<div data-elementor-type=\"wp-page\" data-elementor-id=\"6504\" class=\"elementor elementor-6504\" data-elementor-post-type=\"page\">\n\t\t\t\t\t\t<section class=\"elementor-section elementor-top-section elementor-element elementor-element-8167ff2 elementor-section-boxed elementor-section-height-default elementor-section-height-default\" data-id=\"8167ff2\" data-element_type=\"section\" data-e-type=\"section\">\n\t\t\t\t\t\t<div class=\"elementor-container elementor-column-gap-default\">\n\t\t\t\t\t<div class=\"elementor-column elementor-col-100 elementor-top-column elementor-element elementor-element-db26799\" data-id=\"db26799\" data-element_type=\"column\" data-e-type=\"column\">\n\t\t\t<div class=\"elementor-widget-wrap elementor-element-populated\">\n\t\t\t\t\t\t<div class=\"elementor-element elementor-element-78ff464 elementor-widget elementor-widget-heading\" data-id=\"78ff464\" data-element_type=\"widget\" data-e-type=\"widget\" data-widget_type=\"heading.default\">\n\t\t\t\t<div class=\"elementor-widget-container\">\n\t\t\t\t\t<h4 class=\"elementor-heading-title elementor-size-default\">D\u00f6ner Sermaye \u0130\u015flemleri<\/h4>\t\t\t\t<\/div>\n\t\t\t\t<\/div>\n\t\t\t\t\t<\/div>\n\t\t<\/div>\n\t\t\t\t\t<\/div>\n\t\t<\/section>\n\t\t\t\t<section class=\"elementor-section elementor-top-section elementor-element elementor-element-4897158 elementor-section-boxed elementor-section-height-default elementor-section-height-default\" data-id=\"4897158\" data-element_type=\"section\" data-e-type=\"section\">\n\t\t\t\t\t\t<div class=\"elementor-container elementor-column-gap-default\">\n\t\t\t\t\t<div class=\"elementor-column elementor-col-50 elementor-top-column elementor-element elementor-element-6c5a60e\" data-id=\"6c5a60e\" data-element_type=\"column\" data-e-type=\"column\">\n\t\t\t<div class=\"elementor-widget-wrap elementor-element-populated\">\n\t\t\t\t\t\t<div class=\"elementor-element elementor-element-55eace8 elementor-widget elementor-widget-ct_text_box\" data-id=\"55eace8\" data-element_type=\"widget\" data-e-type=\"widget\" data-widget_type=\"ct_text_box.default\">\n\t\t\t\t<div class=\"elementor-widget-container\">\n\t\t\t\t\t<div class=\"ct-text-box ct-text-box-layout1 wow fadeIn\">\r\n    <div class=\"ct-text-box-inner\">\r\n        <div class=\"item--sub-title\"><\/div>\r\n        <h3 class=\"item--title\">\r\n                    <\/h3>\r\n        <div class=\"item--description\">Bilgi birikimini \u00fcretim ve hizmete d\u00f6n\u00fc\u015ft\u00fcrmenin en \u00f6nemli ara\u00e7lar\u0131ndan biri \u00fcniversitenin d\u0131\u015f payda\u015flarla i\u015f birli\u011fidir. \u00dcniversitelerde elde edilen temel bilgi ve tecr\u00fcbenin daha geni\u015f kitlelere aktar\u0131lmas\u0131n\u0131n g\u00fczel bir arac\u0131 olan bu i\u015fbirlikleri yoluyla b\u00f6lgesel ve ulusal kalk\u0131nma i\u00e7in ihtiya\u00e7 duyulan bilgi ve deneyim, payda\u015flara aktar\u0131lmaktad\u0131r. Dolay\u0131s\u0131yla bu i\u015f birliklerini hizmet verilen t\u00fcm faaliyet alanlar\u0131nda yayg\u0131nla\u015ft\u0131rmak, \"ad\u0131 gibi \u00f6nc\u00fc...\" olan Atat\u00fcrk \u00dcniversitesi'nin temel misyonlar\u0131ndan biridir. <\/div>\r\n            <\/div>\r\n<\/div>\t\t\t\t<\/div>\n\t\t\t\t<\/div>\n\t\t\t\t\t<\/div>\n\t\t<\/div>\n\t\t\t\t<div class=\"elementor-column elementor-col-50 elementor-top-column elementor-element elementor-element-5cb3b8f\" data-id=\"5cb3b8f\" data-element_type=\"column\" data-e-type=\"column\">\n\t\t\t<div class=\"elementor-widget-wrap elementor-element-populated\">\n\t\t\t\t\t\t<div class=\"elementor-element elementor-element-b70b193 elementor-widget elementor-widget-ct_text_box\" data-id=\"b70b193\" data-element_type=\"widget\" data-e-type=\"widget\" data-widget_type=\"ct_text_box.default\">\n\t\t\t\t<div class=\"elementor-widget-container\">\n\t\t\t\t\t<div class=\"ct-text-box ct-text-box-layout1 wow pulse\">\r\n    <div class=\"ct-text-box-inner\">\r\n        <div class=\"item--sub-title\"><\/div>\r\n        <h3 class=\"item--title\">\r\n                    <\/h3>\r\n        <div class=\"item--description\">\u00dcniversitemizin bu misyonu  ger\u00e7ekle\u015ftirmesinde, Proje Geli\u015ftirme ve Koordinasyon Ofisi olarak \u00fczerimize d\u00fc\u015fen, proje yazma, fikir dinleme, ment\u00f6rl\u00fck, proje yazma e\u011fitimi verme tecr\u00fcbelerimizi  \u00fcniversitemiz d\u0131\u015f\u0131ndaki ki\u015fi, kurum ve kuru\u015flar\u0131n hizmetine sunabilmektir.  \u00d6\u011fretim \u00fcyelerimizin, \u00fcniversite d\u0131\u015f\u0131 kurum ve kurulu\u015flara yapacaklar\u0131 proje, dan\u0131\u015fmanl\u0131k hizmeti, bilimsel g\u00f6r\u00fc\u015f verme, rapor haz\u0131rlama ve benzeri faaliyetler bu kapsamda de\u011ferlendirilir. Gerekli durumlarda \u00f6\u011fretim \u00fcyesi, Atat\u00fcrk \u00dcniversitesi ve hizmet alacak kurulu\u015f aras\u0131nda protokol veya s\u00f6zle\u015fme imzalan\u0131r.\n<\/div>\r\n            <\/div>\r\n<\/div>\t\t\t\t<\/div>\n\t\t\t\t<\/div>\n\t\t\t\t\t<\/div>\n\t\t<\/div>\n\t\t\t\t\t<\/div>\n\t\t<\/section>\n\t\t\t\t<section class=\"elementor-section elementor-top-section elementor-element elementor-element-18b3dcd elementor-section-boxed elementor-section-height-default elementor-section-height-default\" data-id=\"18b3dcd\" data-element_type=\"section\" data-e-type=\"section\">\n\t\t\t\t\t\t<div class=\"elementor-container elementor-column-gap-default\">\n\t\t\t\t\t<div class=\"elementor-column elementor-col-100 elementor-top-column elementor-element elementor-element-a82b3da\" data-id=\"a82b3da\" data-element_type=\"column\" data-e-type=\"column\">\n\t\t\t<div class=\"elementor-widget-wrap elementor-element-populated\">\n\t\t\t\t\t\t<div class=\"elementor-element elementor-element-af4bf29 elementor-widget elementor-widget-image\" data-id=\"af4bf29\" data-element_type=\"widget\" data-e-type=\"widget\" data-widget_type=\"image.default\">\n\t\t\t\t<div class=\"elementor-widget-container\">\n\t\t\t\t\t\t\t\t\t\t\t\t\t\t\t<img fetchpriority=\"high\" decoding=\"async\" width=\"2048\" height=\"1448\" src=\"http:\/\/pdo.atauni.edu.tr\/wp-content\/uploads\/2022\/02\/2-2048x1448.jpg\" class=\"attachment-2048x2048 size-2048x2048 wp-image-6680\" alt=\"\" srcset=\"http:\/\/pdo.atauni.edu.tr\/wp-content\/uploads\/2022\/02\/2-2048x1448.jpg 2048w, http:\/\/pdo.atauni.edu.tr\/wp-content\/uploads\/2022\/02\/2-300x212.jpg 300w, http:\/\/pdo.atauni.edu.tr\/wp-content\/uploads\/2022\/02\/2-1024x724.jpg 1024w, http:\/\/pdo.atauni.edu.tr\/wp-content\/uploads\/2022\/02\/2-768x543.jpg 768w, http:\/\/pdo.atauni.edu.tr\/wp-content\/uploads\/2022\/02\/2-1536x1086.jpg 1536w\" sizes=\"(max-width: 2048px) 100vw, 2048px\" \/>\t\t\t\t\t\t\t\t\t\t\t\t\t\t\t<\/div>\n\t\t\t\t<\/div>\n\t\t\t\t\t<\/div>\n\t\t<\/div>\n\t\t\t\t\t<\/div>\n\t\t<\/section>\n\t\t\t\t<section class=\"elementor-section elementor-top-section elementor-element elementor-element-13ec269 elementor-section-boxed elementor-section-height-default elementor-section-height-default\" data-id=\"13ec269\" data-element_type=\"section\" data-e-type=\"section\">\n\t\t\t\t\t\t<div class=\"elementor-container elementor-column-gap-default\">\n\t\t\t\t\t<div class=\"elementor-column elementor-col-100 elementor-top-column elementor-element elementor-element-c588713\" data-id=\"c588713\" data-element_type=\"column\" data-e-type=\"column\">\n\t\t\t<div class=\"elementor-widget-wrap elementor-element-populated\">\n\t\t\t\t\t\t<div class=\"elementor-element elementor-element-ca6cee3 elementor-widget elementor-widget-image\" data-id=\"ca6cee3\" data-element_type=\"widget\" data-e-type=\"widget\" data-widget_type=\"image.default\">\n\t\t\t\t<div class=\"elementor-widget-container\">\n\t\t\t\t\t\t\t\t\t\t\t\t\t\t\t<img decoding=\"async\" width=\"2048\" height=\"1448\" src=\"http:\/\/pdo.atauni.edu.tr\/wp-content\/uploads\/2022\/02\/3-2048x1448.jpg\" class=\"attachment-2048x2048 size-2048x2048 wp-image-6687\" alt=\"\" srcset=\"http:\/\/pdo.atauni.edu.tr\/wp-content\/uploads\/2022\/02\/3-2048x1448.jpg 2048w, http:\/\/pdo.atauni.edu.tr\/wp-content\/uploads\/2022\/02\/3-300x212.jpg 300w, http:\/\/pdo.atauni.edu.tr\/wp-content\/uploads\/2022\/02\/3-1024x724.jpg 1024w, http:\/\/pdo.atauni.edu.tr\/wp-content\/uploads\/2022\/02\/3-768x543.jpg 768w, http:\/\/pdo.atauni.edu.tr\/wp-content\/uploads\/2022\/02\/3-1536x1086.jpg 1536w\" sizes=\"(max-width: 2048px) 100vw, 2048px\" \/>\t\t\t\t\t\t\t\t\t\t\t\t\t\t\t<\/div>\n\t\t\t\t<\/div>\n\t\t\t\t\t<\/div>\n\t\t<\/div>\n\t\t\t\t\t<\/div>\n\t\t<\/section>\n\t\t\t\t<section class=\"elementor-section elementor-top-section elementor-element elementor-element-22e97ce elementor-section-boxed elementor-section-height-default elementor-section-height-default\" data-id=\"22e97ce\" data-element_type=\"section\" data-e-type=\"section\">\n\t\t\t\t\t\t<div class=\"elementor-container elementor-column-gap-default\">\n\t\t\t\t\t<div class=\"elementor-column elementor-col-100 elementor-top-column elementor-element elementor-element-7e26045\" data-id=\"7e26045\" data-element_type=\"column\" data-e-type=\"column\">\n\t\t\t<div class=\"elementor-widget-wrap elementor-element-populated\">\n\t\t\t\t\t\t<div class=\"elementor-element elementor-element-beeb6bc elementor-widget elementor-widget-image\" data-id=\"beeb6bc\" data-element_type=\"widget\" data-e-type=\"widget\" data-widget_type=\"image.default\">\n\t\t\t\t<div class=\"elementor-widget-container\">\n\t\t\t\t\t\t\t\t\t\t\t\t\t\t\t<img decoding=\"async\" width=\"2048\" height=\"1448\" src=\"http:\/\/pdo.atauni.edu.tr\/wp-content\/uploads\/2022\/03\/666-2048x1448.jpg\" class=\"attachment-2048x2048 size-2048x2048 wp-image-6808\" alt=\"\" srcset=\"http:\/\/pdo.atauni.edu.tr\/wp-content\/uploads\/2022\/03\/666-2048x1448.jpg 2048w, http:\/\/pdo.atauni.edu.tr\/wp-content\/uploads\/2022\/03\/666-300x212.jpg 300w, http:\/\/pdo.atauni.edu.tr\/wp-content\/uploads\/2022\/03\/666-1024x724.jpg 1024w, http:\/\/pdo.atauni.edu.tr\/wp-content\/uploads\/2022\/03\/666-768x543.jpg 768w, http:\/\/pdo.atauni.edu.tr\/wp-content\/uploads\/2022\/03\/666-1536x1086.jpg 1536w\" sizes=\"(max-width: 2048px) 100vw, 2048px\" \/>\t\t\t\t\t\t\t\t\t\t\t\t\t\t\t<\/div>\n\t\t\t\t<\/div>\n\t\t\t\t\t<\/div>\n\t\t<\/div>\n\t\t\t\t\t<\/div>\n\t\t<\/section>\n\t\t\t\t<section class=\"elementor-section elementor-top-section elementor-element elementor-element-055d68e elementor-section-boxed elementor-section-height-default elementor-section-height-default\" data-id=\"055d68e\" data-element_type=\"section\" data-e-type=\"section\">\n\t\t\t\t\t\t<div class=\"elementor-container elementor-column-gap-default\">\n\t\t\t\t\t<div class=\"elementor-column elementor-col-33 elementor-top-column elementor-element elementor-element-e64d639\" data-id=\"e64d639\" data-element_type=\"column\" data-e-type=\"column\">\n\t\t\t<div class=\"elementor-widget-wrap\">\n\t\t\t\t\t\t\t<\/div>\n\t\t<\/div>\n\t\t\t\t<div class=\"elementor-column elementor-col-33 elementor-top-column elementor-element elementor-element-6de8311\" data-id=\"6de8311\" data-element_type=\"column\" data-e-type=\"column\">\n\t\t\t<div class=\"elementor-widget-wrap elementor-element-populated\">\n\t\t\t\t\t\t<div class=\"elementor-element elementor-element-5da2e88 elementor-widget elementor-widget-ct_text_editor\" data-id=\"5da2e88\" data-element_type=\"widget\" data-e-type=\"widget\" data-widget_type=\"ct_text_editor.default\">\n\t\t\t\t<div class=\"elementor-widget-container\">\n\t\t\t\t\t<div id=\"ct_text_editor-5da2e88\" class=\"ct-text-editor \">\n\t<div class=\"ct-inline-css\"  data-css=\"\n        \">\n    <\/div>\n\t<div class=\"ct-text-editor elementor-clearfix\"><h4><span style=\"letter-spacing: 0px;color: #008080\">Prosed\u00fcr<\/span><\/h4><h4><span style=\"color: #383838;font-family: Roboto, sans-serif\"><span style=\"font-size: 16px;font-weight: 400\">Gizlilik S\u00f6zle\u015fmesine ula\u015fmak i\u00e7in l\u00fctfen <a href=\"http:\/\/pdo.atauni.edu.tr\/wp-content\/uploads\/2022\/02\/Genel-Gizlilik-Sozlesmesi-PDO-1.docx\">t\u0131klay\u0131n\u0131z.<\/a><\/span><\/span><\/h4><div>\u00a0<\/div><\/div>\n<\/div>\t\t\t\t<\/div>\n\t\t\t\t<\/div>\n\t\t\t\t\t<\/div>\n\t\t<\/div>\n\t\t\t\t<div class=\"elementor-column elementor-col-33 elementor-top-column elementor-element elementor-element-8defbc0\" data-id=\"8defbc0\" data-element_type=\"column\" data-e-type=\"column\">\n\t\t\t<div class=\"elementor-widget-wrap\">\n\t\t\t\t\t\t\t<\/div>\n\t\t<\/div>\n\t\t\t\t\t<\/div>\n\t\t<\/section>\n\t\t\t\t<section class=\"elementor-section elementor-top-section elementor-element elementor-element-06b63e6 elementor-section-boxed elementor-section-height-default elementor-section-height-default\" data-id=\"06b63e6\" data-element_type=\"section\" data-e-type=\"section\">\n\t\t\t\t\t\t<div class=\"elementor-container elementor-column-gap-default\">\n\t\t\t\t\t<div class=\"elementor-column elementor-col-50 elementor-top-column elementor-element elementor-element-64ed136\" data-id=\"64ed136\" data-element_type=\"column\" data-e-type=\"column\">\n\t\t\t<div class=\"elementor-widget-wrap elementor-element-populated\">\n\t\t\t\t\t\t<div class=\"elementor-element elementor-element-e9ef371 elementor-widget elementor-widget-ct_button\" data-id=\"e9ef371\" data-element_type=\"widget\" data-e-type=\"widget\" data-widget_type=\"ct_button.default\">\n\t\t\t\t<div class=\"elementor-widget-container\">\n\t\t\t\t\t<div class=\"ct-button-wrapper ct-button-layout1\">\r\n            <span class=\"ct-icon-active\"><\/span>\r\n        <a href=\"http:\/\/pdo.atauni.edu.tr\/index.php\/panel-destegi-basvurusu\/\" class=\"btn btn-default  \">\r\n                            <span class=\"ct-button-icon ct-align-icon-\">\r\n                            <\/span>\r\n                <span class=\"ct-button-text\">Panel Talebinde Bulunmak \u0130\u00e7in T\u0131klay\u0131n\u0131z<\/span>\r\n    <\/a>\r\n<\/div>\t\t\t\t<\/div>\n\t\t\t\t<\/div>\n\t\t\t\t\t<\/div>\n\t\t<\/div>\n\t\t\t\t<div class=\"elementor-column elementor-col-50 elementor-top-column elementor-element elementor-element-d689ef6\" data-id=\"d689ef6\" data-element_type=\"column\" data-e-type=\"column\">\n\t\t\t<div class=\"elementor-widget-wrap elementor-element-populated\">\n\t\t\t\t\t\t<div class=\"elementor-element elementor-element-31b1a2a elementor-widget elementor-widget-ct_button\" data-id=\"31b1a2a\" data-element_type=\"widget\" data-e-type=\"widget\" data-widget_type=\"ct_button.default\">\n\t\t\t\t<div class=\"elementor-widget-container\">\n\t\t\t\t\t<div class=\"ct-button-wrapper ct-button-layout1\">\r\n            <span class=\"ct-icon-active\"><\/span>\r\n        <a href=\"http:\/\/pdo.atauni.edu.tr\/index.php\/mentorlu-proje-yazdirma-destegine-basvuru\/\" class=\"btn btn-default  \">\r\n                            <span class=\"ct-button-icon ct-align-icon-\">\r\n                            <\/span>\r\n                <span class=\"ct-button-text\">Ment\u00f6r Talebinde Bulunmak \u0130\u00e7in T\u0131klay\u0131n\u0131z<\/span>\r\n    <\/a>\r\n<\/div>\t\t\t\t<\/div>\n\t\t\t\t<\/div>\n\t\t\t\t\t<\/div>\n\t\t<\/div>\n\t\t\t\t\t<\/div>\n\t\t<\/section>\n\t\t\t\t<section class=\"elementor-section elementor-top-section elementor-element elementor-element-1129465 elementor-section-boxed elementor-section-height-default elementor-section-height-default\" data-id=\"1129465\" data-element_type=\"section\" data-e-type=\"section\">\n\t\t\t\t\t\t<div class=\"elementor-container elementor-column-gap-default\">\n\t\t\t\t\t<div class=\"elementor-column elementor-col-100 elementor-top-column elementor-element elementor-element-0c2acbb\" data-id=\"0c2acbb\" data-element_type=\"column\" data-e-type=\"column\">\n\t\t\t<div class=\"elementor-widget-wrap\">\n\t\t\t\t\t\t\t<\/div>\n\t\t<\/div>\n\t\t\t\t\t<\/div>\n\t\t<\/section>\n\t\t\t\t<section class=\"elementor-section elementor-top-section elementor-element elementor-element-8a6082f elementor-section-boxed elementor-section-height-default elementor-section-height-default\" data-id=\"8a6082f\" data-element_type=\"section\" data-e-type=\"section\">\n\t\t\t\t\t\t<div class=\"elementor-container elementor-column-gap-default\">\n\t\t\t\t\t<div class=\"elementor-column elementor-col-50 elementor-top-column elementor-element elementor-element-7fcd331\" data-id=\"7fcd331\" data-element_type=\"column\" data-e-type=\"column\">\n\t\t\t<div class=\"elementor-widget-wrap elementor-element-populated\">\n\t\t\t\t\t\t<div class=\"elementor-element elementor-element-0d209d0 elementor-widget elementor-widget-ct_button\" data-id=\"0d209d0\" data-element_type=\"widget\" data-e-type=\"widget\" data-widget_type=\"ct_button.default\">\n\t\t\t\t<div class=\"elementor-widget-container\">\n\t\t\t\t\t<div class=\"ct-button-wrapper ct-button-layout1\">\r\n            <span class=\"ct-icon-active\"><\/span>\r\n        <a href=\"http:\/\/pdo.atauni.edu.tr\/index.php\/proje-yazma-egitimi-basvurusu\/\" class=\"btn btn-default  \">\r\n                            <span class=\"ct-button-icon ct-align-icon-\">\r\n                            <\/span>\r\n                <span class=\"ct-button-text\">E\u011fitime Talebinde Bulunmak \u0130\u00e7in T\u0131klay\u0131n\u0131z<\/span>\r\n    <\/a>\r\n<\/div>\t\t\t\t<\/div>\n\t\t\t\t<\/div>\n\t\t\t\t\t<\/div>\n\t\t<\/div>\n\t\t\t\t<div class=\"elementor-column elementor-col-50 elementor-top-column elementor-element elementor-element-839752e\" data-id=\"839752e\" data-element_type=\"column\" data-e-type=\"column\">\n\t\t\t<div class=\"elementor-widget-wrap elementor-element-populated\">\n\t\t\t\t\t\t<div class=\"elementor-element elementor-element-5e8197a elementor-widget elementor-widget-ct_button\" data-id=\"5e8197a\" data-element_type=\"widget\" data-e-type=\"widget\" data-widget_type=\"ct_button.default\">\n\t\t\t\t<div class=\"elementor-widget-container\">\n\t\t\t\t\t<div class=\"ct-button-wrapper ct-button-layout1\">\r\n            <span class=\"ct-icon-active\"><\/span>\r\n        <a href=\"http:\/\/pdo.atauni.edu.tr\/index.php\/projeler-hakkinda-genel-destek-basvurusu\/\" class=\"btn btn-default  \">\r\n                            <span class=\"ct-button-icon ct-align-icon-\">\r\n                            <\/span>\r\n                <span class=\"ct-button-text\">Teknik Destek Talebinde Bulunmak \u0130\u00e7in T\u0131klay\u0131n\u0131z<\/span>\r\n    <\/a>\r\n<\/div>\t\t\t\t<\/div>\n\t\t\t\t<\/div>\n\t\t\t\t\t<\/div>\n\t\t<\/div>\n\t\t\t\t\t<\/div>\n\t\t<\/section>\n\t\t\t\t<\/div>\n\t\t","protected":false},"excerpt":{"rendered":"<p>D\u00f6ner Sermaye \u0130\u015flemleri Bilgi birikimini \u00fcretim ve hizmete d\u00f6n\u00fc\u015ft\u00fcrmenin en \u00f6nemli ara\u00e7lar\u0131ndan biri \u00fcniversitenin d\u0131\u015f payda\u015flarla i\u015f birli\u011fidir. \u00dcniversitelerde elde edilen temel bilgi ve tecr\u00fcbenin daha geni\u015f kitlelere aktar\u0131lmas\u0131n\u0131n g\u00fczel bir arac\u0131 olan bu i\u015fbirlikleri yoluyla b\u00f6lgesel ve ulusal kalk\u0131nma i\u00e7in ihtiya\u00e7 duyulan bilgi ve deneyim, payda\u015flara aktar\u0131lmaktad\u0131r. Dolay\u0131s\u0131yla bu i\u015f birliklerini hizmet verilen t\u00fcm [&hellip;]<\/p>\n","protected":false},"author":1,"featured_media":0,"parent":0,"menu_order":0,"comment_status":"closed","ping_status":"closed","template":"","meta":{"footnotes":""},"class_list":["post-6504","page","type-page","status-publish","hentry"],"_links":{"self":[{"href":"http:\/\/pdo.atauni.edu.tr\/index.php\/wp-json\/wp\/v2\/pages\/6504","targetHints":{"allow":["GET"]}}],"collection":[{"href":"http:\/\/pdo.atauni.edu.tr\/index.php\/wp-json\/wp\/v2\/pages"}],"about":[{"href":"http:\/\/pdo.atauni.edu.tr\/index.php\/wp-json\/wp\/v2\/types\/page"}],"author":[{"embeddable":true,"href":"http:\/\/pdo.atauni.edu.tr\/index.php\/wp-json\/wp\/v2\/users\/1"}],"replies":[{"embeddable":true,"href":"http:\/\/pdo.atauni.edu.tr\/index.php\/wp-json\/wp\/v2\/comments?post=6504"}],"version-history":[{"count":196,"href":"http:\/\/pdo.atauni.edu.tr\/index.php\/wp-json\/wp\/v2\/pages\/6504\/revisions"}],"predecessor-version":[{"id":6826,"href":"http:\/\/pdo.atauni.edu.tr\/index.php\/wp-json\/wp\/v2\/pages\/6504\/revisions\/6826"}],"wp:attachment":[{"href":"http:\/\/pdo.atauni.edu.tr\/index.php\/wp-json\/wp\/v2\/media?parent=6504"}],"curies":[{"name":"wp","href":"https:\/\/api.w.org\/{rel}","templated":true}]}}