{"id":4858,"date":"2020-08-20T10:43:27","date_gmt":"2020-08-20T07:43:27","guid":{"rendered":"http:\/\/pdo.atauni.edu.tr\/?page_id=4858"},"modified":"2022-12-15T15:38:29","modified_gmt":"2022-12-15T12:38:29","slug":"tanitim-materyalleri","status":"publish","type":"page","link":"https:\/\/pdo.atauni.edu.tr\/index.php\/tanitim-materyalleri\/","title":{"rendered":"Tan\u0131t\u0131m Materyalleri"},"content":{"rendered":"\t\t<div data-elementor-type=\"wp-page\" data-elementor-id=\"4858\" class=\"elementor elementor-4858\" data-elementor-post-type=\"page\">\n\t\t\t\t\t\t<section class=\"elementor-section elementor-top-section elementor-element elementor-element-a8fcace elementor-section-boxed elementor-section-height-default elementor-section-height-default\" data-id=\"a8fcace\" data-element_type=\"section\" data-e-type=\"section\">\n\t\t\t\t\t\t<div class=\"elementor-container elementor-column-gap-default\">\n\t\t\t\t\t<div class=\"elementor-column elementor-col-100 elementor-top-column elementor-element elementor-element-4b9414a\" data-id=\"4b9414a\" data-element_type=\"column\" data-e-type=\"column\">\n\t\t\t<div class=\"elementor-widget-wrap\">\n\t\t\t\t\t\t\t<\/div>\n\t\t<\/div>\n\t\t\t\t\t<\/div>\n\t\t<\/section>\n\t\t\t\t<section class=\"elementor-section elementor-top-section elementor-element elementor-element-fda464c elementor-section-boxed elementor-section-height-default elementor-section-height-default\" data-id=\"fda464c\" data-element_type=\"section\" data-e-type=\"section\">\n\t\t\t\t\t\t<div class=\"elementor-container elementor-column-gap-default\">\n\t\t\t\t\t<div class=\"elementor-column elementor-col-33 elementor-top-column elementor-element elementor-element-5250856\" data-id=\"5250856\" data-element_type=\"column\" data-e-type=\"column\">\n\t\t\t<div class=\"elementor-widget-wrap\">\n\t\t\t\t\t\t\t<\/div>\n\t\t<\/div>\n\t\t\t\t<div class=\"elementor-column elementor-col-33 elementor-top-column elementor-element elementor-element-8197ec5\" data-id=\"8197ec5\" data-element_type=\"column\" data-e-type=\"column\">\n\t\t\t<div class=\"elementor-widget-wrap elementor-element-populated\">\n\t\t\t\t\t\t<div class=\"elementor-element elementor-element-98b5109 elementor-widget elementor-widget-heading\" data-id=\"98b5109\" data-element_type=\"widget\" data-e-type=\"widget\" data-widget_type=\"heading.default\">\n\t\t\t\t<div class=\"elementor-widget-container\">\n\t\t\t\t\t<h4 class=\"elementor-heading-title elementor-size-default\">Hizmetlerimiz Hakk\u0131nda \u0130nfografik<\/h4>\t\t\t\t<\/div>\n\t\t\t\t<\/div>\n\t\t\t\t<div class=\"elementor-element elementor-element-bf62c0e elementor-widget elementor-widget-image\" data-id=\"bf62c0e\" data-element_type=\"widget\" data-e-type=\"widget\" data-widget_type=\"image.default\">\n\t\t\t\t<div class=\"elementor-widget-container\">\n\t\t\t\t\t\t\t\t\t\t\t\t\t\t\t<img fetchpriority=\"high\" decoding=\"async\" width=\"1142\" height=\"581\" src=\"https:\/\/pdo.atauni.edu.tr\/wp-content\/uploads\/2021\/02\/ana-yazi-blogu.jpg\" class=\"attachment-1536x1536 size-1536x1536 wp-image-6041\" alt=\"\" srcset=\"https:\/\/pdo.atauni.edu.tr\/wp-content\/uploads\/2021\/02\/ana-yazi-blogu.jpg 1142w, https:\/\/pdo.atauni.edu.tr\/wp-content\/uploads\/2021\/02\/ana-yazi-blogu-300x153.jpg 300w, https:\/\/pdo.atauni.edu.tr\/wp-content\/uploads\/2021\/02\/ana-yazi-blogu-1024x521.jpg 1024w, https:\/\/pdo.atauni.edu.tr\/wp-content\/uploads\/2021\/02\/ana-yazi-blogu-768x391.jpg 768w\" sizes=\"(max-width: 1142px) 100vw, 1142px\" \/>\t\t\t\t\t\t\t\t\t\t\t\t\t\t\t<\/div>\n\t\t\t\t<\/div>\n\t\t\t\t\t<\/div>\n\t\t<\/div>\n\t\t\t\t<div class=\"elementor-column elementor-col-33 elementor-top-column elementor-element elementor-element-e4cf1e6\" data-id=\"e4cf1e6\" data-element_type=\"column\" data-e-type=\"column\">\n\t\t\t<div class=\"elementor-widget-wrap\">\n\t\t\t\t\t\t\t<\/div>\n\t\t<\/div>\n\t\t\t\t\t<\/div>\n\t\t<\/section>\n\t\t\t\t<section class=\"elementor-section elementor-top-section elementor-element elementor-element-7efe7ae elementor-section-boxed elementor-section-height-default elementor-section-height-default\" data-id=\"7efe7ae\" data-element_type=\"section\" data-e-type=\"section\">\n\t\t\t\t\t\t<div class=\"elementor-container elementor-column-gap-default\">\n\t\t\t\t\t<div class=\"elementor-column elementor-col-100 elementor-top-column elementor-element elementor-element-81b0998\" data-id=\"81b0998\" data-element_type=\"column\" data-e-type=\"column\">\n\t\t\t<div class=\"elementor-widget-wrap elementor-element-populated\">\n\t\t\t\t\t\t<div class=\"elementor-element elementor-element-708c014 elementor-widget elementor-widget-heading\" data-id=\"708c014\" data-element_type=\"widget\" data-e-type=\"widget\" data-widget_type=\"heading.default\">\n\t\t\t\t<div class=\"elementor-widget-container\">\n\t\t\t\t\t<h4 class=\"elementor-heading-title elementor-size-default\">Genel Ama\u00e7l\u0131 Kartvizit Tasar\u0131m\u0131 2020<\/h4>\t\t\t\t<\/div>\n\t\t\t\t<\/div>\n\t\t\t\t\t<\/div>\n\t\t<\/div>\n\t\t\t\t\t<\/div>\n\t\t<\/section>\n\t\t\t\t<section class=\"elementor-section elementor-top-section elementor-element elementor-element-93f82ab elementor-section-boxed elementor-section-height-default elementor-section-height-default\" data-id=\"93f82ab\" data-element_type=\"section\" data-e-type=\"section\">\n\t\t\t\t\t\t<div class=\"elementor-container elementor-column-gap-default\">\n\t\t\t\t\t<div class=\"elementor-column elementor-col-33 elementor-top-column elementor-element elementor-element-dd2243a\" data-id=\"dd2243a\" data-element_type=\"column\" data-e-type=\"column\">\n\t\t\t<div class=\"elementor-widget-wrap elementor-element-populated\">\n\t\t\t\t\t\t<div class=\"elementor-element elementor-element-c33f09a elementor-widget elementor-widget-image\" data-id=\"c33f09a\" data-element_type=\"widget\" data-e-type=\"widget\" data-widget_type=\"image.default\">\n\t\t\t\t<div class=\"elementor-widget-container\">\n\t\t\t\t\t\t\t\t\t\t\t\t\t\t\t<img decoding=\"async\" width=\"640\" height=\"366\" src=\"https:\/\/pdo.atauni.edu.tr\/wp-content\/uploads\/2020\/09\/genel-amacli-reklam-1024x585.jpg\" class=\"attachment-large size-large wp-image-5350\" alt=\"\" srcset=\"https:\/\/pdo.atauni.edu.tr\/wp-content\/uploads\/2020\/09\/genel-amacli-reklam-1024x585.jpg 1024w, https:\/\/pdo.atauni.edu.tr\/wp-content\/uploads\/2020\/09\/genel-amacli-reklam-300x171.jpg 300w, https:\/\/pdo.atauni.edu.tr\/wp-content\/uploads\/2020\/09\/genel-amacli-reklam-768x438.jpg 768w, https:\/\/pdo.atauni.edu.tr\/wp-content\/uploads\/2020\/09\/genel-amacli-reklam.jpg 1051w\" sizes=\"(max-width: 640px) 100vw, 640px\" \/>\t\t\t\t\t\t\t\t\t\t\t\t\t\t\t<\/div>\n\t\t\t\t<\/div>\n\t\t\t\t\t<\/div>\n\t\t<\/div>\n\t\t\t\t<div class=\"elementor-column elementor-col-33 elementor-top-column elementor-element elementor-element-6cc8f64\" data-id=\"6cc8f64\" data-element_type=\"column\" data-e-type=\"column\">\n\t\t\t<div class=\"elementor-widget-wrap\">\n\t\t\t\t\t\t\t<\/div>\n\t\t<\/div>\n\t\t\t\t<div class=\"elementor-column elementor-col-33 elementor-top-column elementor-element elementor-element-f9c8209\" data-id=\"f9c8209\" data-element_type=\"column\" data-e-type=\"column\">\n\t\t\t<div class=\"elementor-widget-wrap elementor-element-populated\">\n\t\t\t\t\t\t<div class=\"elementor-element elementor-element-6caf8ce elementor-widget elementor-widget-image\" data-id=\"6caf8ce\" data-element_type=\"widget\" data-e-type=\"widget\" data-widget_type=\"image.default\">\n\t\t\t\t<div class=\"elementor-widget-container\">\n\t\t\t\t\t\t\t\t\t\t\t\t\t\t\t<img decoding=\"async\" width=\"640\" height=\"368\" src=\"https:\/\/pdo.atauni.edu.tr\/wp-content\/uploads\/2020\/09\/genel-amacli-arka-1024x588.jpg\" class=\"attachment-large size-large wp-image-5351\" alt=\"\" srcset=\"https:\/\/pdo.atauni.edu.tr\/wp-content\/uploads\/2020\/09\/genel-amacli-arka-1024x588.jpg 1024w, https:\/\/pdo.atauni.edu.tr\/wp-content\/uploads\/2020\/09\/genel-amacli-arka-300x172.jpg 300w, https:\/\/pdo.atauni.edu.tr\/wp-content\/uploads\/2020\/09\/genel-amacli-arka-768x441.jpg 768w, https:\/\/pdo.atauni.edu.tr\/wp-content\/uploads\/2020\/09\/genel-amacli-arka.jpg 1051w\" sizes=\"(max-width: 640px) 100vw, 640px\" \/>\t\t\t\t\t\t\t\t\t\t\t\t\t\t\t<\/div>\n\t\t\t\t<\/div>\n\t\t\t\t\t<\/div>\n\t\t<\/div>\n\t\t\t\t\t<\/div>\n\t\t<\/section>\n\t\t\t\t<section class=\"elementor-section elementor-top-section elementor-element elementor-element-95f4194 elementor-section-boxed elementor-section-height-default elementor-section-height-default\" data-id=\"95f4194\" data-element_type=\"section\" data-e-type=\"section\">\n\t\t\t\t\t\t<div class=\"elementor-container elementor-column-gap-default\">\n\t\t\t\t\t<div class=\"elementor-column elementor-col-100 elementor-top-column elementor-element elementor-element-474c659\" data-id=\"474c659\" data-element_type=\"column\" data-e-type=\"column\">\n\t\t\t<div class=\"elementor-widget-wrap\">\n\t\t\t\t\t\t\t<\/div>\n\t\t<\/div>\n\t\t\t\t\t<\/div>\n\t\t<\/section>\n\t\t\t\t<section class=\"elementor-section elementor-top-section elementor-element elementor-element-6877cda elementor-section-boxed elementor-section-height-default elementor-section-height-default\" data-id=\"6877cda\" data-element_type=\"section\" data-e-type=\"section\">\n\t\t\t\t\t\t<div class=\"elementor-container elementor-column-gap-default\">\n\t\t\t\t\t<div class=\"elementor-column elementor-col-100 elementor-top-column elementor-element elementor-element-c1ceeb0\" data-id=\"c1ceeb0\" data-element_type=\"column\" data-e-type=\"column\">\n\t\t\t<div class=\"elementor-widget-wrap elementor-element-populated\">\n\t\t\t\t\t\t<div class=\"elementor-element elementor-element-9a18de6 elementor-widget elementor-widget-heading\" data-id=\"9a18de6\" data-element_type=\"widget\" data-e-type=\"widget\" data-widget_type=\"heading.default\">\n\t\t\t\t<div class=\"elementor-widget-container\">\n\t\t\t\t\t<h4 class=\"elementor-heading-title elementor-size-default\">DAKAF 2020 \u0130\u00e7in Haz\u0131rlanan KOB\u0130LERE Y\u00f6nelik Kartvizit<\/h4>\t\t\t\t<\/div>\n\t\t\t\t<\/div>\n\t\t\t\t\t<\/div>\n\t\t<\/div>\n\t\t\t\t\t<\/div>\n\t\t<\/section>\n\t\t\t\t<section class=\"elementor-section elementor-top-section elementor-element elementor-element-cfdba44 elementor-section-boxed elementor-section-height-default elementor-section-height-default\" data-id=\"cfdba44\" data-element_type=\"section\" data-e-type=\"section\">\n\t\t\t\t\t\t<div class=\"elementor-container elementor-column-gap-default\">\n\t\t\t\t\t<div class=\"elementor-column elementor-col-33 elementor-top-column elementor-element elementor-element-c008568\" data-id=\"c008568\" data-element_type=\"column\" data-e-type=\"column\">\n\t\t\t<div class=\"elementor-widget-wrap elementor-element-populated\">\n\t\t\t\t\t\t<div class=\"elementor-element elementor-element-8ac41b0 elementor-widget elementor-widget-image\" data-id=\"8ac41b0\" data-element_type=\"widget\" data-e-type=\"widget\" data-widget_type=\"image.default\">\n\t\t\t\t<div class=\"elementor-widget-container\">\n\t\t\t\t\t\t\t\t\t\t\t\t\t\t\t<img loading=\"lazy\" decoding=\"async\" width=\"640\" height=\"364\" src=\"https:\/\/pdo.atauni.edu.tr\/wp-content\/uploads\/2019\/12\/fuar-kartvizit-KOBI-on-1024x582.jpg\" class=\"attachment-large size-large wp-image-5356\" alt=\"\" srcset=\"https:\/\/pdo.atauni.edu.tr\/wp-content\/uploads\/2019\/12\/fuar-kartvizit-KOBI-on-1024x582.jpg 1024w, https:\/\/pdo.atauni.edu.tr\/wp-content\/uploads\/2019\/12\/fuar-kartvizit-KOBI-on-300x170.jpg 300w, https:\/\/pdo.atauni.edu.tr\/wp-content\/uploads\/2019\/12\/fuar-kartvizit-KOBI-on-768x436.jpg 768w, https:\/\/pdo.atauni.edu.tr\/wp-content\/uploads\/2019\/12\/fuar-kartvizit-KOBI-on.jpg 1051w\" sizes=\"(max-width: 640px) 100vw, 640px\" \/>\t\t\t\t\t\t\t\t\t\t\t\t\t\t\t<\/div>\n\t\t\t\t<\/div>\n\t\t\t\t\t<\/div>\n\t\t<\/div>\n\t\t\t\t<div class=\"elementor-column elementor-col-33 elementor-top-column elementor-element elementor-element-49e28e0\" data-id=\"49e28e0\" data-element_type=\"column\" data-e-type=\"column\">\n\t\t\t<div class=\"elementor-widget-wrap\">\n\t\t\t\t\t\t\t<\/div>\n\t\t<\/div>\n\t\t\t\t<div class=\"elementor-column elementor-col-33 elementor-top-column elementor-element elementor-element-a1e6cec\" data-id=\"a1e6cec\" data-element_type=\"column\" data-e-type=\"column\">\n\t\t\t<div class=\"elementor-widget-wrap elementor-element-populated\">\n\t\t\t\t\t\t<div class=\"elementor-element elementor-element-06948bd elementor-widget elementor-widget-image\" data-id=\"06948bd\" data-element_type=\"widget\" data-e-type=\"widget\" data-widget_type=\"image.default\">\n\t\t\t\t<div class=\"elementor-widget-container\">\n\t\t\t\t\t\t\t\t\t\t\t\t\t\t\t<img loading=\"lazy\" decoding=\"async\" width=\"640\" height=\"364\" src=\"https:\/\/pdo.atauni.edu.tr\/wp-content\/uploads\/2019\/12\/fuar-kartvizit-KOBI-arka-1-1024x582.jpg\" class=\"attachment-large size-large wp-image-5361\" alt=\"\" srcset=\"https:\/\/pdo.atauni.edu.tr\/wp-content\/uploads\/2019\/12\/fuar-kartvizit-KOBI-arka-1-1024x582.jpg 1024w, https:\/\/pdo.atauni.edu.tr\/wp-content\/uploads\/2019\/12\/fuar-kartvizit-KOBI-arka-1-300x170.jpg 300w, https:\/\/pdo.atauni.edu.tr\/wp-content\/uploads\/2019\/12\/fuar-kartvizit-KOBI-arka-1-768x436.jpg 768w, https:\/\/pdo.atauni.edu.tr\/wp-content\/uploads\/2019\/12\/fuar-kartvizit-KOBI-arka-1.jpg 1051w\" sizes=\"(max-width: 640px) 100vw, 640px\" \/>\t\t\t\t\t\t\t\t\t\t\t\t\t\t\t<\/div>\n\t\t\t\t<\/div>\n\t\t\t\t\t<\/div>\n\t\t<\/div>\n\t\t\t\t\t<\/div>\n\t\t<\/section>\n\t\t\t\t<\/div>\n\t\t","protected":false},"excerpt":{"rendered":"<p>Hizmetlerimiz Hakk\u0131nda \u0130nfografik Genel Ama\u00e7l\u0131 Kartvizit Tasar\u0131m\u0131 2020 DAKAF 2020 \u0130\u00e7in Haz\u0131rlanan KOB\u0130LERE Y\u00f6nelik Kartvizit<\/p>\n","protected":false},"author":1,"featured_media":0,"parent":0,"menu_order":0,"comment_status":"closed","ping_status":"closed","template":"","meta":{"footnotes":""},"class_list":["post-4858","page","type-page","status-publish","hentry"],"_links":{"self":[{"href":"https:\/\/pdo.atauni.edu.tr\/index.php\/wp-json\/wp\/v2\/pages\/4858","targetHints":{"allow":["GET"]}}],"collection":[{"href":"https:\/\/pdo.atauni.edu.tr\/index.php\/wp-json\/wp\/v2\/pages"}],"about":[{"href":"https:\/\/pdo.atauni.edu.tr\/index.php\/wp-json\/wp\/v2\/types\/page"}],"author":[{"embeddable":true,"href":"https:\/\/pdo.atauni.edu.tr\/index.php\/wp-json\/wp\/v2\/users\/1"}],"replies":[{"embeddable":true,"href":"https:\/\/pdo.atauni.edu.tr\/index.php\/wp-json\/wp\/v2\/comments?post=4858"}],"version-history":[{"count":31,"href":"https:\/\/pdo.atauni.edu.tr\/index.php\/wp-json\/wp\/v2\/pages\/4858\/revisions"}],"predecessor-version":[{"id":7377,"href":"https:\/\/pdo.atauni.edu.tr\/index.php\/wp-json\/wp\/v2\/pages\/4858\/revisions\/7377"}],"wp:attachment":[{"href":"https:\/\/pdo.atauni.edu.tr\/index.php\/wp-json\/wp\/v2\/media?parent=4858"}],"curies":[{"name":"wp","href":"https:\/\/api.w.org\/{rel}","templated":true}]}}