{"id":4868,"date":"2020-08-20T10:45:40","date_gmt":"2020-08-20T07:45:40","guid":{"rendered":"http:\/\/pdo.atauni.edu.tr\/?page_id=4868"},"modified":"2025-01-30T11:06:00","modified_gmt":"2025-01-30T08:06:00","slug":"proje-yazma-dersi-lisans-ustu","status":"publish","type":"page","link":"https:\/\/pdo.atauni.edu.tr\/index.php\/proje-yazma-dersi-lisans-ustu\/","title":{"rendered":"Proje Yazma Dersi (Lisans\u00fcst\u00fc)"},"content":{"rendered":"\t\t<div data-elementor-type=\"wp-page\" data-elementor-id=\"4868\" class=\"elementor elementor-4868\" data-elementor-post-type=\"page\">\n\t\t\t\t\t\t<section class=\"elementor-section elementor-top-section elementor-element elementor-element-89e78ab elementor-section-boxed elementor-section-height-default elementor-section-height-default\" data-id=\"89e78ab\" data-element_type=\"section\" data-e-type=\"section\">\n\t\t\t\t\t\t<div class=\"elementor-container elementor-column-gap-default\">\n\t\t\t\t\t<div class=\"elementor-column elementor-col-33 elementor-top-column elementor-element elementor-element-9af89b6\" data-id=\"9af89b6\" data-element_type=\"column\" data-e-type=\"column\">\n\t\t\t<div class=\"elementor-widget-wrap\">\n\t\t\t\t\t\t\t<\/div>\n\t\t<\/div>\n\t\t\t\t<div class=\"elementor-column elementor-col-66 elementor-top-column elementor-element elementor-element-badacb5\" data-id=\"badacb5\" data-element_type=\"column\" data-e-type=\"column\">\n\t\t\t<div class=\"elementor-widget-wrap elementor-element-populated\">\n\t\t\t\t\t\t<div class=\"elementor-element elementor-element-32eb5ba elementor--star-style-star_fontawesome elementor-widget elementor-widget-star-rating\" data-id=\"32eb5ba\" data-element_type=\"widget\" data-e-type=\"widget\" data-widget_type=\"star-rating.default\">\n\t\t\t\t<div class=\"elementor-widget-container\">\n\t\t\t\t\t\t\t<div class=\"elementor-star-rating__wrapper\">\n\t\t\t\t\t\t<div class=\"elementor-star-rating\" itemtype=\"http:\/\/schema.org\/Rating\" itemscope=\"\" itemprop=\"reviewRating\">\n\t\t\t\t<i class=\"elementor-star-full\" aria-hidden=\"true\">&#xE934;<\/i><i class=\"elementor-star-full\" aria-hidden=\"true\">&#xE934;<\/i><i class=\"elementor-star-full\" aria-hidden=\"true\">&#xE934;<\/i><i class=\"elementor-star-full\" aria-hidden=\"true\">&#xE934;<\/i><i class=\"elementor-star-full\" aria-hidden=\"true\">&#xE934;<\/i>\t\t\t\t<span itemprop=\"ratingValue\" class=\"elementor-screen-only\">5 \/ 5 \u00fczerinden de\u011ferlendirildi<\/span>\n\t\t\t<\/div>\n\t\t<\/div>\n\t\t\t\t\t\t<\/div>\n\t\t\t\t<\/div>\n\t\t\t\t<div class=\"elementor-element elementor-element-f42223a elementor-widget elementor-widget-ct_accordion\" data-id=\"f42223a\" data-element_type=\"widget\" data-e-type=\"widget\" data-widget_type=\"ct_accordion.default\">\n\t\t\t\t<div class=\"elementor-widget-container\">\n\t\t\t\t\t    <div id=\"ct_accordion-f42223a\" class=\"ct-accordion layout1 style1 \">\r\n                    <div class=\"ct-accordion-item active\">\r\n                <div class=\"ct-ac-title active\" data-target=\"#b582d5fct_accordion-f42223a\">\r\n                    <a class=\"ct-ac-title-text\">\r\n                                                                                            <\/a>\r\n                <\/div>\r\n                <div id=\"b582d5fct_accordion-f42223a\" class=\"ct-ac-content\" style=\"display:block;\">\u0130lk olarak 2018-2019 e\u011fitim \u00f6\u011fretim y\u0131l\u0131nda yeterlilik \u00f6ncesi doktora \u00f6\u011frencilerine zorunlu olarak Fen Bilimleri Enstit\u00fcs\u00fcnde proje yazma ve geli\u015ftirme dersi verilmeye ba\u015flanm\u0131\u015ft\u0131r. Sonraki y\u0131llarda di\u011fer Enstit\u00fc \u00f6\u011frencilere y\u00f6nelik olarak da verilmeye devam etmi\u015ftir. <br>Bu ders ile \u00f6\u011frencilerin proje diline y\u00f6nelik fark\u0131ndal\u0131k kazanmalar\u0131 hedeflenmektedir. Dersin koordinasyonu ofisimizce ger\u00e7ekle\u015fmekte olup, derse her hafta alan\u0131nda uzman farkl\u0131 bir \u00f6\u011fretim \u00fcyesi girerek tecr\u00fcbelerini aktarmaktad\u0131r.<\/div>\r\n            <\/div>\r\n            <\/div>\r\n\t\t\t\t<\/div>\n\t\t\t\t<\/div>\n\t\t\t\t<div class=\"elementor-element elementor-element-703f23e elementor-widget elementor-widget-ct_button\" data-id=\"703f23e\" data-element_type=\"widget\" data-e-type=\"widget\" data-widget_type=\"ct_button.default\">\n\t\t\t\t<div class=\"elementor-widget-container\">\n\t\t\t\t\t<div class=\"ct-button-wrapper ct-button-layout1\">\r\n            <span class=\"ct-icon-active\"><\/span>\r\n        <a href=\"#\" class=\"btn btn-default  \">\r\n                            <span class=\"ct-button-icon ct-align-icon-\">\r\n                            <\/span>\r\n                <span class=\"ct-button-text\">DERS\u0130M\u0130Z PER\u015eEMBE G\u00dcNLER\u0130  13:00- 15:00 SAATLER\u0130 ARASINDA UZAKTAN E\u011e\u0130T\u0130M YOLUYLA DBS \u00dcZER\u0130NDEN GER\u00c7EKLE\u015eMEKTED\u0130R.<\/span>\r\n    <\/a>\r\n<\/div>\t\t\t\t<\/div>\n\t\t\t\t<\/div>\n\t\t\t\t\t<\/div>\n\t\t<\/div>\n\t\t\t\t\t<\/div>\n\t\t<\/section>\n\t\t\t\t<section class=\"elementor-section elementor-top-section elementor-element elementor-element-085f902 elementor-section-boxed elementor-section-height-default elementor-section-height-default\" data-id=\"085f902\" data-element_type=\"section\" data-e-type=\"section\">\n\t\t\t\t\t\t<div class=\"elementor-container elementor-column-gap-default\">\n\t\t\t\t\t<div class=\"elementor-column elementor-col-100 elementor-top-column elementor-element elementor-element-fc4bf30\" data-id=\"fc4bf30\" data-element_type=\"column\" data-e-type=\"column\">\n\t\t\t<div class=\"elementor-widget-wrap elementor-element-populated\">\n\t\t\t\t\t\t<div class=\"elementor-element elementor-element-0771315 elementor-widget elementor-widget-ct_text_editor\" data-id=\"0771315\" data-element_type=\"widget\" data-e-type=\"widget\" data-widget_type=\"ct_text_editor.default\">\n\t\t\t\t<div class=\"elementor-widget-container\">\n\t\t\t\t\t<div id=\"ct_text_editor-0771315\" class=\"ct-text-editor \">\n\t<div class=\"ct-inline-css\"  data-css=\"\n        \">\n    <\/div>\n\t<div class=\"ct-text-editor elementor-clearfix\"><\/div>\n<\/div>\t\t\t\t<\/div>\n\t\t\t\t<\/div>\n\t\t\t\t\t<\/div>\n\t\t<\/div>\n\t\t\t\t\t<\/div>\n\t\t<\/section>\n\t\t\t\t<section class=\"elementor-section elementor-top-section elementor-element elementor-element-25d4fd7 elementor-section-boxed elementor-section-height-default elementor-section-height-default\" data-id=\"25d4fd7\" data-element_type=\"section\" data-e-type=\"section\">\n\t\t\t\t\t\t<div class=\"elementor-container elementor-column-gap-default\">\n\t\t\t\t\t<div class=\"elementor-column elementor-col-100 elementor-top-column elementor-element elementor-element-c5a9153\" data-id=\"c5a9153\" data-element_type=\"column\" data-e-type=\"column\">\n\t\t\t<div class=\"elementor-widget-wrap\">\n\t\t\t\t\t\t\t<\/div>\n\t\t<\/div>\n\t\t\t\t\t<\/div>\n\t\t<\/section>\n\t\t\t\t<section class=\"elementor-section elementor-top-section elementor-element elementor-element-2330e2b elementor-section-boxed elementor-section-height-default elementor-section-height-default\" data-id=\"2330e2b\" data-element_type=\"section\" data-e-type=\"section\">\n\t\t\t\t\t\t<div class=\"elementor-container elementor-column-gap-default\">\n\t\t\t\t\t<div class=\"elementor-column elementor-col-100 elementor-top-column elementor-element elementor-element-66af116\" data-id=\"66af116\" data-element_type=\"column\" data-e-type=\"column\">\n\t\t\t<div class=\"elementor-widget-wrap elementor-element-populated\">\n\t\t\t\t\t\t<div class=\"elementor-element elementor-element-09cb4e2 elementor-widget elementor-widget-image\" data-id=\"09cb4e2\" data-element_type=\"widget\" data-e-type=\"widget\" data-widget_type=\"image.default\">\n\t\t\t\t<div class=\"elementor-widget-container\">\n\t\t\t\t\t\t\t\t\t\t\t\t\t\t\t<img fetchpriority=\"high\" decoding=\"async\" width=\"640\" height=\"537\" src=\"https:\/\/pdo.atauni.edu.tr\/wp-content\/uploads\/2024\/02\/TEBRIK-MESAJLARI-23.png\" class=\"attachment-large size-large wp-image-7922\" alt=\"\" srcset=\"https:\/\/pdo.atauni.edu.tr\/wp-content\/uploads\/2024\/02\/TEBRIK-MESAJLARI-23.png 940w, https:\/\/pdo.atauni.edu.tr\/wp-content\/uploads\/2024\/02\/TEBRIK-MESAJLARI-23-300x251.png 300w, https:\/\/pdo.atauni.edu.tr\/wp-content\/uploads\/2024\/02\/TEBRIK-MESAJLARI-23-768x644.png 768w\" sizes=\"(max-width: 640px) 100vw, 640px\" \/>\t\t\t\t\t\t\t\t\t\t\t\t\t\t\t<\/div>\n\t\t\t\t<\/div>\n\t\t\t\t<div class=\"elementor-element elementor-element-7a58259 elementor-widget elementor-widget-image\" data-id=\"7a58259\" data-element_type=\"widget\" data-e-type=\"widget\" data-widget_type=\"image.default\">\n\t\t\t\t<div class=\"elementor-widget-container\">\n\t\t\t\t\t\t\t\t\t\t\t\t\t\t\t<img decoding=\"async\" width=\"640\" height=\"537\" src=\"https:\/\/pdo.atauni.edu.tr\/wp-content\/uploads\/2025\/01\/mavi-beyaz-sari-marka-facebook-gonderisi-12-768x644-1.jpg\" class=\"attachment-large size-large wp-image-8295\" alt=\"\" srcset=\"https:\/\/pdo.atauni.edu.tr\/wp-content\/uploads\/2025\/01\/mavi-beyaz-sari-marka-facebook-gonderisi-12-768x644-1.jpg 768w, https:\/\/pdo.atauni.edu.tr\/wp-content\/uploads\/2025\/01\/mavi-beyaz-sari-marka-facebook-gonderisi-12-768x644-1-300x252.jpg 300w\" sizes=\"(max-width: 640px) 100vw, 640px\" \/>\t\t\t\t\t\t\t\t\t\t\t\t\t\t\t<\/div>\n\t\t\t\t<\/div>\n\t\t\t\t\t<\/div>\n\t\t<\/div>\n\t\t\t\t\t<\/div>\n\t\t<\/section>\n\t\t\t\t<section class=\"elementor-section elementor-top-section elementor-element elementor-element-7a58f12 elementor-section-boxed elementor-section-height-default elementor-section-height-default\" data-id=\"7a58f12\" data-element_type=\"section\" data-e-type=\"section\">\n\t\t\t\t\t\t<div class=\"elementor-container elementor-column-gap-default\">\n\t\t\t\t\t<div class=\"elementor-column elementor-col-100 elementor-top-column elementor-element elementor-element-8ec1670\" data-id=\"8ec1670\" data-element_type=\"column\" data-e-type=\"column\">\n\t\t\t<div class=\"elementor-widget-wrap elementor-element-populated\">\n\t\t\t\t\t\t<div class=\"elementor-element elementor-element-338152c elementor-widget elementor-widget-image\" data-id=\"338152c\" data-element_type=\"widget\" data-e-type=\"widget\" data-widget_type=\"image.default\">\n\t\t\t\t<div class=\"elementor-widget-container\">\n\t\t\t\t\t\t\t\t\t\t\t\t\t\t\t<img decoding=\"async\" width=\"640\" height=\"905\" src=\"https:\/\/pdo.atauni.edu.tr\/wp-content\/uploads\/2024\/02\/DOKTORA-DERSI-5-768x1086.png\" class=\"attachment-medium_large size-medium_large wp-image-7926\" alt=\"\" srcset=\"https:\/\/pdo.atauni.edu.tr\/wp-content\/uploads\/2024\/02\/DOKTORA-DERSI-5-768x1086.png 768w, https:\/\/pdo.atauni.edu.tr\/wp-content\/uploads\/2024\/02\/DOKTORA-DERSI-5-212x300.png 212w, https:\/\/pdo.atauni.edu.tr\/wp-content\/uploads\/2024\/02\/DOKTORA-DERSI-5-724x1024.png 724w, https:\/\/pdo.atauni.edu.tr\/wp-content\/uploads\/2024\/02\/DOKTORA-DERSI-5-1086x1536.png 1086w, https:\/\/pdo.atauni.edu.tr\/wp-content\/uploads\/2024\/02\/DOKTORA-DERSI-5-1448x2048.png 1448w, https:\/\/pdo.atauni.edu.tr\/wp-content\/uploads\/2024\/02\/DOKTORA-DERSI-5.png 1587w\" sizes=\"(max-width: 640px) 100vw, 640px\" \/>\t\t\t\t\t\t\t\t\t\t\t\t\t\t\t<\/div>\n\t\t\t\t<\/div>\n\t\t\t\t\t<\/div>\n\t\t<\/div>\n\t\t\t\t\t<\/div>\n\t\t<\/section>\n\t\t\t\t<section class=\"elementor-section elementor-top-section elementor-element elementor-element-0a973e0 elementor-section-boxed elementor-section-height-default elementor-section-height-default\" data-id=\"0a973e0\" data-element_type=\"section\" data-e-type=\"section\">\n\t\t\t\t\t\t<div class=\"elementor-container elementor-column-gap-default\">\n\t\t\t\t\t<div class=\"elementor-column elementor-col-100 elementor-top-column elementor-element elementor-element-2a165a8\" data-id=\"2a165a8\" data-element_type=\"column\" data-e-type=\"column\">\n\t\t\t<div class=\"elementor-widget-wrap elementor-element-populated\">\n\t\t\t\t\t\t<div class=\"elementor-element elementor-element-bef0a85 elementor-widget elementor-widget-heading\" data-id=\"bef0a85\" data-element_type=\"widget\" data-e-type=\"widget\" data-widget_type=\"heading.default\">\n\t\t\t\t<div class=\"elementor-widget-container\">\n\t\t\t\t\t<h2 class=\"elementor-heading-title elementor-size-default\"><a href=\"https:\/\/www.canva.com\/design\/DAFSw_djCtk\/4TKyTlaw15vFL7k50mP3Hg\/view?utm_content=DAFSw_djCtk&#038;utm_campaign=designshare&#038;utm_medium=link&#038;utm_source=publishpresent\">2204 A Liselere y\u00f6nelik proje bilgilendirme sunumuna ula\u015fmak  i\u00e7in t\u0131klay\u0131n\u0131z<\/a><\/h2>\t\t\t\t<\/div>\n\t\t\t\t<\/div>\n\t\t\t\t\t<\/div>\n\t\t<\/div>\n\t\t\t\t\t<\/div>\n\t\t<\/section>\n\t\t\t\t<\/div>\n\t\t","protected":false},"excerpt":{"rendered":"<p>&#xE934;&#xE934;&#xE934;&#xE934;&#xE934; 5\/5 \u0130lk olarak 2018-2019 e\u011fitim \u00f6\u011fretim y\u0131l\u0131nda yeterlilik \u00f6ncesi doktora \u00f6\u011frencilerine zorunlu olarak Fen Bilimleri Enstit\u00fcs\u00fcnde proje yazma ve geli\u015ftirme dersi verilmeye ba\u015flanm\u0131\u015ft\u0131r. Sonraki y\u0131llarda di\u011fer Enstit\u00fc \u00f6\u011frencilere y\u00f6nelik olarak da verilmeye devam etmi\u015ftir. Bu ders ile \u00f6\u011frencilerin proje diline y\u00f6nelik fark\u0131ndal\u0131k kazanmalar\u0131 hedeflenmektedir. Dersin koordinasyonu ofisimizce ger\u00e7ekle\u015fmekte olup, derse her hafta alan\u0131nda uzman [&hellip;]<\/p>\n","protected":false},"author":1,"featured_media":0,"parent":0,"menu_order":0,"comment_status":"closed","ping_status":"closed","template":"","meta":{"footnotes":""},"class_list":["post-4868","page","type-page","status-publish","hentry"],"_links":{"self":[{"href":"https:\/\/pdo.atauni.edu.tr\/index.php\/wp-json\/wp\/v2\/pages\/4868","targetHints":{"allow":["GET"]}}],"collection":[{"href":"https:\/\/pdo.atauni.edu.tr\/index.php\/wp-json\/wp\/v2\/pages"}],"about":[{"href":"https:\/\/pdo.atauni.edu.tr\/index.php\/wp-json\/wp\/v2\/types\/page"}],"author":[{"embeddable":true,"href":"https:\/\/pdo.atauni.edu.tr\/index.php\/wp-json\/wp\/v2\/users\/1"}],"replies":[{"embeddable":true,"href":"https:\/\/pdo.atauni.edu.tr\/index.php\/wp-json\/wp\/v2\/comments?post=4868"}],"version-history":[{"count":93,"href":"https:\/\/pdo.atauni.edu.tr\/index.php\/wp-json\/wp\/v2\/pages\/4868\/revisions"}],"predecessor-version":[{"id":8298,"href":"https:\/\/pdo.atauni.edu.tr\/index.php\/wp-json\/wp\/v2\/pages\/4868\/revisions\/8298"}],"wp:attachment":[{"href":"https:\/\/pdo.atauni.edu.tr\/index.php\/wp-json\/wp\/v2\/media?parent=4868"}],"curies":[{"name":"wp","href":"https:\/\/api.w.org\/{rel}","templated":true}]}}