{"id":4870,"date":"2020-08-20T10:45:56","date_gmt":"2020-08-20T07:45:56","guid":{"rendered":"http:\/\/pdo.atauni.edu.tr\/?page_id=4870"},"modified":"2022-02-28T14:49:52","modified_gmt":"2022-02-28T11:49:52","slug":"proje-yazma-egitimleri","status":"publish","type":"page","link":"https:\/\/pdo.atauni.edu.tr\/index.php\/proje-yazma-egitimleri\/","title":{"rendered":"Proje Yazma E\u011fitimleri"},"content":{"rendered":"\t\t<div data-elementor-type=\"wp-page\" data-elementor-id=\"4870\" class=\"elementor elementor-4870\" data-elementor-post-type=\"page\">\n\t\t\t\t\t\t<section class=\"elementor-section elementor-top-section elementor-element elementor-element-b8f873b elementor-section-boxed elementor-section-height-default elementor-section-height-default\" data-id=\"b8f873b\" data-element_type=\"section\" data-e-type=\"section\">\n\t\t\t\t\t\t<div class=\"elementor-container elementor-column-gap-default\">\n\t\t\t\t\t<div class=\"elementor-column elementor-col-100 elementor-top-column elementor-element elementor-element-872aacd\" data-id=\"872aacd\" data-element_type=\"column\" data-e-type=\"column\">\n\t\t\t<div class=\"elementor-widget-wrap elementor-element-populated\">\n\t\t\t\t\t\t<div class=\"elementor-element elementor-element-6dfd846 elementor-widget elementor-widget-ct_heading\" data-id=\"6dfd846\" data-element_type=\"widget\" data-e-type=\"widget\" data-widget_type=\"ct_heading.default\">\n\t\t\t\t<div class=\"elementor-widget-container\">\n\t\t\t\t\t<div class=\"ct-heading h-align-  sub-style1 ct-heading-left item-st-default\">\r\n\t    <h4 class=\"item--title st-default\">\r\n                <span>\r\n                        Profesyonel Proje Yazma E\u011fitimi Organizasyonlar\u0131m\u0131z                    <\/span>\r\n            <\/h4>\r\n<\/div>\t\t\t\t<\/div>\n\t\t\t\t<\/div>\n\t\t\t\t<div class=\"elementor-element elementor-element-d9d9974 elementor-widget elementor-widget-ct_text_editor\" data-id=\"d9d9974\" data-element_type=\"widget\" data-e-type=\"widget\" data-widget_type=\"ct_text_editor.default\">\n\t\t\t\t<div class=\"elementor-widget-container\">\n\t\t\t\t\t<div id=\"ct_text_editor-d9d9974\" class=\"ct-text-editor \">\n\t<div class=\"ct-inline-css\"  data-css=\"\n        \">\n    <\/div>\n\t<div class=\"ct-text-editor elementor-clearfix\"><p style=\"color: #7a7a7a\">Proje Geli\u015ftirme ve Koordinasyon Ofisi, uzman e\u011fitimci kadrosu ile kurum ve kurulu\u015flara \u00f6zel, proje haz\u0131rlama konusunda t\u00fcm proje ba\u015fl\u0131klar\u0131n\u0131n ele al\u0131nd\u0131\u011f\u0131 e\u011fitimler d\u00fczenlemektedir.<\/p><p style=\"color: #7a7a7a\"><span style=\"letter-spacing: 0px\">E\u011fitim hizmeti i\u00e7in takip edilmesi gerekenler a\u015fa\u011f\u0131da tan\u0131mlanm\u0131\u015ft\u0131r.<\/span><\/p><p style=\"color: #7a7a7a\">\u00a0<\/p><ol style=\"color: #7a7a7a\"><li>Ba\u015fvurular Proje ofisi web sayfas\u0131ndan (http:\/\/pdo.atauni.edu.tr\/index.php\/proje-yazma-egitimi-basvurusu) online olarak yap\u0131lmal\u0131d\u0131r.<\/li><\/ol><ol style=\"color: #7a7a7a\" start=\"2\"><li>E\u011fitimler\u00a0 Online veya\u00a0 y\u00fcz y\u00fcze yap\u0131labilir. Online e\u011fitimler 20, y\u00fcz y\u00fcze\u00a0 e\u011fitimler 10 ki\u015fi ile s\u0131n\u0131rl\u0131d\u0131r.<\/li><\/ol><ol style=\"color: #7a7a7a\" start=\"3\"><li>E\u011fitim\u00a0 paketleri Sosyal, Sa\u011fl\u0131k ve Fen Bilimleri alanlar\u0131nda tam veya yar\u0131m g\u00fcn olarak yap\u0131lmaktad\u0131r. Bunun d\u0131\u015f\u0131nda farkl\u0131 kurum ve alanlara \u00f6zel e\u011fitimler de planlanabilmektedir. E\u011fitim paketleri ile ilgili detayl\u0131 bilgi i\u00e7in t\u0131klay\u0131n\u0131z.<\/li><\/ol><ol style=\"color: #7a7a7a\" start=\"4\"><li>Hizmet bedeli e\u011fitim program\u0131ndan \u00f6nce Proje Ofisi D\u00f6ner sermaye hesab\u0131na yat\u0131r\u0131lmal\u0131d\u0131r.<\/li><\/ol><ol style=\"color: #7a7a7a\" start=\"5\"><li>Ders \u00dccretleri Kurs bitiminden sonra Proje Ofisi taraf\u0131ndan ilgili E\u011fitimcilerin hesab\u0131na aktar\u0131l\u0131r.<\/li><\/ol><div><span style=\"color: #7a7a7a\">\u00a0<\/span><\/div><div><h6 class=\"elementor-heading-title elementor-size-default\">Proje Yazma hizmeti hakk\u0131nda detaylara ula\u015fmak i\u00e7in l\u00fctfen <a href=\"http:\/\/pdo.atauni.edu.tr\/index.php\/ucretli-hizmetler-doner-sermaye-proseduru\/\">t\u0131klay\u0131n\u0131z.\u00a0<\/a><\/h6><h6>\u00a0<\/h6><h6 class=\"elementor-heading-title elementor-size-default\">Proje yazma e\u011fitimi talebinde bulunmak i\u00e7in l\u00fctfen <a href=\"http:\/\/pdo.atauni.edu.tr\/index.php\/proje-yazma-egitimi-basvurusu\/\">t\u0131klay\u0131n\u0131z.<\/a><\/h6><\/div><\/div>\n<\/div>\t\t\t\t<\/div>\n\t\t\t\t<\/div>\n\t\t\t\t\t<\/div>\n\t\t<\/div>\n\t\t\t\t\t<\/div>\n\t\t<\/section>\n\t\t\t\t<section class=\"elementor-section elementor-top-section elementor-element elementor-element-591dd1d elementor-section-boxed elementor-section-height-default elementor-section-height-default\" data-id=\"591dd1d\" data-element_type=\"section\" data-e-type=\"section\">\n\t\t\t\t\t\t<div class=\"elementor-container elementor-column-gap-default\">\n\t\t\t\t\t<div class=\"elementor-column elementor-col-100 elementor-top-column elementor-element elementor-element-47976cc\" data-id=\"47976cc\" data-element_type=\"column\" data-e-type=\"column\">\n\t\t\t<div class=\"elementor-widget-wrap elementor-element-populated\">\n\t\t\t\t\t\t<div class=\"elementor-element elementor-element-b9edf50 elementor-widget elementor-widget-ct_heading\" data-id=\"b9edf50\" data-element_type=\"widget\" data-e-type=\"widget\" data-widget_type=\"ct_heading.default\">\n\t\t\t\t<div class=\"elementor-widget-container\">\n\t\t\t\t\t<div class=\"ct-heading h-align-  sub-style1 ct-heading-left item-st-default\">\r\n\t    <h4 class=\"item--title st-default\">\r\n                <span>\r\n                        \u00dcCRETS\u0130Z Temel Proje Yazma E\u011fitimleri Videolar\u0131m\u0131z                    <\/span>\r\n            <\/h4>\r\n<\/div>\t\t\t\t<\/div>\n\t\t\t\t<\/div>\n\t\t\t\t<div class=\"elementor-element elementor-element-91889c9 elementor-widget elementor-widget-text-editor\" data-id=\"91889c9\" data-element_type=\"widget\" data-e-type=\"widget\" data-widget_type=\"text-editor.default\">\n\t\t\t\t<div class=\"elementor-widget-container\">\n\t\t\t\t\t\t\t\t\t<div class=\"elementor-element elementor-element-78a3e845 elementor-widget elementor-widget-text-editor\" data-id=\"78a3e845\" data-element_type=\"widget\" data-widget_type=\"text-editor.default\">\n<div class=\"elementor-widget-container\">\n<div class=\"elementor-text-editor elementor-clearfix\">\n<p>Bu e\u011fitimler ba\u015flang\u0131\u00e7 seviyesinde bir proje yazma e\u011fitimi deneyimidir. \u00c7o\u011funlukla her hafta Cuma g\u00fcnleri tam g\u00fcn ya da yar\u0131m g\u00fcn \u015feklinde ger\u00e7ekle\u015ftirilen e\u011fitimlere kat\u0131l\u0131m kontenjan ile s\u0131n\u0131rl\u0131d\u0131r. E\u011fitimlere kat\u0131lmak i\u00e7in web sitemiz \u00fczerinden yay\u0131nlanan formu doldurman\u0131z yeterlidir.<\/p>\n<\/div>\n<\/div>\n<\/div>\n<div class=\"elementor-element elementor-element-408f4f0a elementor-widget elementor-widget-text-editor\" data-id=\"408f4f0a\" data-element_type=\"widget\" data-widget_type=\"text-editor.default\">\n<div class=\"elementor-widget-container\">\n<div class=\"elementor-text-editor elementor-clearfix\">\n<p>Bu e\u011fitimlere gelirken yan\u0131n\u0131zda not alabilece\u011finiz materyallerin bulunmas\u0131 tavsiye edilir. Ofisimizde halihaz\u0131rda ihtiya\u00e7 halinde kullanabilece\u011finiz yeterli say\u0131da diz\u00fcst\u00fc bilgisayar bulunmaktad\u0131r.&nbsp; E\u011fitimler s\u0131n\u0131rl\u0131 kontenjanlar dahilinde ger\u00e7ekle\u015fti\u011finden ge\u00e7erli bir mazeret belirtmeksizin e\u011fitime kat\u0131lmayanlar sonraki e\u011fitim faaliyetlerinden faydalanamazlar.&nbsp;<\/p>\n<\/div>\n<\/div>\n<\/div>\n<div class=\"elementor-element elementor-element-4d7a6e2c elementor-widget elementor-widget-ct_list\" data-id=\"4d7a6e2c\" data-element_type=\"widget\" data-widget_type=\"ct_list.default\">\n<div class=\"elementor-widget-container\">\n<div class=\"ct-list style1 \">\n<div class=\"ct-list-item\">\n<div class=\"ct-list-icon\">&nbsp;<\/div>\n<div class=\"ct-list-meta\">\n<div class=\"ct-list-desc\">T\u00fcm \u00f6\u011fretim \u00fcyesi ve \u00f6\u011fretim elamnlar\u0131 bu e\u011fitime kat\u0131labilir.<\/div>\n<\/div>\n<\/div>\n<div class=\"ct-list-item\">\n<div class=\"ct-list-icon\">&nbsp;<\/div>\n<div class=\"ct-list-meta\">\n<div class=\"ct-list-desc\">Kontenjan oldu\u011fu takdirde lisans\u00fcst\u00fc \u00f6\u011frenciler de bu e\u011fitimlere kat\u0131labilmektedir.<\/div>\n<\/div>\n<\/div>\n<div class=\"ct-list-item\">\n<div class=\"ct-list-icon\">&nbsp;<\/div>\n<div class=\"ct-list-meta\">\n<div class=\"ct-list-desc\">Ba\u015fka bir \u00dcniversite ya da kurum \u00e7al\u0131\u015fanlar\u0131 bu e\u011fitimlerden faydalanmak istedi\u011fi takdirde Koordinat\u00f6rl\u00fc\u011f\u00fcm\u00fczle ileti\u015fime ge\u00e7melidir.<\/div>\n<\/div>\n<\/div>\n<\/div>\n<\/div>\n<\/div>\t\t\t\t\t\t\t\t<\/div>\n\t\t\t\t<\/div>\n\t\t\t\t\t<\/div>\n\t\t<\/div>\n\t\t\t\t\t<\/div>\n\t\t<\/section>\n\t\t\t\t<section class=\"elementor-section elementor-top-section elementor-element elementor-element-6d202d4 elementor-section-boxed elementor-section-height-default elementor-section-height-default\" data-id=\"6d202d4\" data-element_type=\"section\" data-e-type=\"section\">\n\t\t\t\t\t\t<div class=\"elementor-container elementor-column-gap-default\">\n\t\t\t\t\t<div class=\"elementor-column elementor-col-50 elementor-top-column elementor-element elementor-element-dfcb87a\" data-id=\"dfcb87a\" data-element_type=\"column\" data-e-type=\"column\">\n\t\t\t<div class=\"elementor-widget-wrap elementor-element-populated\">\n\t\t\t\t\t\t<div class=\"elementor-element elementor-element-316b1fa elementor-widget elementor-widget-video\" data-id=\"316b1fa\" data-element_type=\"widget\" data-e-type=\"widget\" data-settings=\"{&quot;youtube_url&quot;:&quot;https:\\\/\\\/www.youtube.com\\\/watch?v=xnlb1YpUxhs&amp;t=52s&quot;,&quot;video_type&quot;:&quot;youtube&quot;,&quot;controls&quot;:&quot;yes&quot;}\" data-widget_type=\"video.default\">\n\t\t\t\t<div class=\"elementor-widget-container\">\n\t\t\t\t\t\t\t<div class=\"elementor-wrapper elementor-open-inline\">\n\t\t\t<div class=\"elementor-video\"><\/div>\t\t<\/div>\n\t\t\t\t\t\t<\/div>\n\t\t\t\t<\/div>\n\t\t\t\t\t<\/div>\n\t\t<\/div>\n\t\t\t\t<div class=\"elementor-column elementor-col-50 elementor-top-column elementor-element elementor-element-3c4dbd1\" data-id=\"3c4dbd1\" data-element_type=\"column\" data-e-type=\"column\">\n\t\t\t<div class=\"elementor-widget-wrap elementor-element-populated\">\n\t\t\t\t\t\t<div class=\"elementor-element elementor-element-50a9bd6 elementor-widget elementor-widget-video\" data-id=\"50a9bd6\" data-element_type=\"widget\" data-e-type=\"widget\" data-settings=\"{&quot;youtube_url&quot;:&quot;https:\\\/\\\/www.youtube.com\\\/watch?v=fNuf7cz6HT0&amp;t=31s&quot;,&quot;video_type&quot;:&quot;youtube&quot;,&quot;controls&quot;:&quot;yes&quot;}\" data-widget_type=\"video.default\">\n\t\t\t\t<div class=\"elementor-widget-container\">\n\t\t\t\t\t\t\t<div class=\"elementor-wrapper elementor-open-inline\">\n\t\t\t<div class=\"elementor-video\"><\/div>\t\t<\/div>\n\t\t\t\t\t\t<\/div>\n\t\t\t\t<\/div>\n\t\t\t\t\t<\/div>\n\t\t<\/div>\n\t\t\t\t\t<\/div>\n\t\t<\/section>\n\t\t\t\t<section class=\"elementor-section elementor-top-section elementor-element elementor-element-16f9dcc elementor-section-boxed elementor-section-height-default elementor-section-height-default\" data-id=\"16f9dcc\" data-element_type=\"section\" data-e-type=\"section\">\n\t\t\t\t\t\t<div class=\"elementor-container elementor-column-gap-default\">\n\t\t\t\t\t<div class=\"elementor-column elementor-col-50 elementor-top-column elementor-element elementor-element-3445b77\" data-id=\"3445b77\" data-element_type=\"column\" data-e-type=\"column\">\n\t\t\t<div class=\"elementor-widget-wrap elementor-element-populated\">\n\t\t\t\t\t\t<div class=\"elementor-element elementor-element-24c964b elementor-widget elementor-widget-video\" data-id=\"24c964b\" data-element_type=\"widget\" data-e-type=\"widget\" data-settings=\"{&quot;youtube_url&quot;:&quot;https:\\\/\\\/www.youtube.com\\\/watch?v=T7aJVSxNUIE&quot;,&quot;video_type&quot;:&quot;youtube&quot;,&quot;controls&quot;:&quot;yes&quot;}\" data-widget_type=\"video.default\">\n\t\t\t\t<div class=\"elementor-widget-container\">\n\t\t\t\t\t\t\t<div class=\"elementor-wrapper elementor-open-inline\">\n\t\t\t<div class=\"elementor-video\"><\/div>\t\t<\/div>\n\t\t\t\t\t\t<\/div>\n\t\t\t\t<\/div>\n\t\t\t\t\t<\/div>\n\t\t<\/div>\n\t\t\t\t<div class=\"elementor-column elementor-col-50 elementor-top-column elementor-element elementor-element-a9c82f1\" data-id=\"a9c82f1\" data-element_type=\"column\" data-e-type=\"column\">\n\t\t\t<div class=\"elementor-widget-wrap elementor-element-populated\">\n\t\t\t\t\t\t<div class=\"elementor-element elementor-element-0abef78 elementor-widget elementor-widget-video\" data-id=\"0abef78\" data-element_type=\"widget\" data-e-type=\"widget\" data-settings=\"{&quot;youtube_url&quot;:&quot;https:\\\/\\\/www.youtube.com\\\/watch?v=IDD36_lxwqg&quot;,&quot;video_type&quot;:&quot;youtube&quot;,&quot;controls&quot;:&quot;yes&quot;}\" data-widget_type=\"video.default\">\n\t\t\t\t<div class=\"elementor-widget-container\">\n\t\t\t\t\t\t\t<div class=\"elementor-wrapper elementor-open-inline\">\n\t\t\t<div class=\"elementor-video\"><\/div>\t\t<\/div>\n\t\t\t\t\t\t<\/div>\n\t\t\t\t<\/div>\n\t\t\t\t\t<\/div>\n\t\t<\/div>\n\t\t\t\t\t<\/div>\n\t\t<\/section>\n\t\t\t\t<section class=\"elementor-section elementor-top-section elementor-element elementor-element-d360be9 elementor-section-boxed elementor-section-height-default elementor-section-height-default\" data-id=\"d360be9\" data-element_type=\"section\" data-e-type=\"section\">\n\t\t\t\t\t\t<div class=\"elementor-container elementor-column-gap-default\">\n\t\t\t\t\t<div class=\"elementor-column elementor-col-50 elementor-top-column elementor-element elementor-element-6182fc3\" data-id=\"6182fc3\" data-element_type=\"column\" data-e-type=\"column\">\n\t\t\t<div class=\"elementor-widget-wrap elementor-element-populated\">\n\t\t\t\t\t\t<div class=\"elementor-element elementor-element-5fc7461 elementor-widget elementor-widget-video\" data-id=\"5fc7461\" data-element_type=\"widget\" data-e-type=\"widget\" data-settings=\"{&quot;youtube_url&quot;:&quot;https:\\\/\\\/www.youtube.com\\\/watch?v=XmPkMeEOCWY&quot;,&quot;video_type&quot;:&quot;youtube&quot;,&quot;controls&quot;:&quot;yes&quot;}\" data-widget_type=\"video.default\">\n\t\t\t\t<div class=\"elementor-widget-container\">\n\t\t\t\t\t\t\t<div class=\"elementor-wrapper elementor-open-inline\">\n\t\t\t<div class=\"elementor-video\"><\/div>\t\t<\/div>\n\t\t\t\t\t\t<\/div>\n\t\t\t\t<\/div>\n\t\t\t\t\t<\/div>\n\t\t<\/div>\n\t\t\t\t<div class=\"elementor-column elementor-col-50 elementor-top-column elementor-element elementor-element-a99c4c3\" data-id=\"a99c4c3\" data-element_type=\"column\" data-e-type=\"column\">\n\t\t\t<div class=\"elementor-widget-wrap elementor-element-populated\">\n\t\t\t\t\t\t<div class=\"elementor-element elementor-element-3c238f2 elementor-widget elementor-widget-video\" data-id=\"3c238f2\" data-element_type=\"widget\" data-e-type=\"widget\" data-settings=\"{&quot;youtube_url&quot;:&quot;https:\\\/\\\/www.youtube.com\\\/watch?v=666R_GyaCaM&quot;,&quot;video_type&quot;:&quot;youtube&quot;,&quot;controls&quot;:&quot;yes&quot;}\" data-widget_type=\"video.default\">\n\t\t\t\t<div class=\"elementor-widget-container\">\n\t\t\t\t\t\t\t<div class=\"elementor-wrapper elementor-open-inline\">\n\t\t\t<div class=\"elementor-video\"><\/div>\t\t<\/div>\n\t\t\t\t\t\t<\/div>\n\t\t\t\t<\/div>\n\t\t\t\t\t<\/div>\n\t\t<\/div>\n\t\t\t\t\t<\/div>\n\t\t<\/section>\n\t\t\t\t<\/div>\n\t\t","protected":false},"excerpt":{"rendered":"<p>Profesyonel Proje Yazma E\u011fitimi Organizasyonlar\u0131m\u0131z Proje Geli\u015ftirme ve Koordinasyon Ofisi, uzman e\u011fitimci kadrosu ile kurum ve kurulu\u015flara \u00f6zel, proje haz\u0131rlama konusunda t\u00fcm proje ba\u015fl\u0131klar\u0131n\u0131n ele al\u0131nd\u0131\u011f\u0131 e\u011fitimler d\u00fczenlemektedir. E\u011fitim hizmeti i\u00e7in takip edilmesi gerekenler a\u015fa\u011f\u0131da tan\u0131mlanm\u0131\u015ft\u0131r. \u00a0 Ba\u015fvurular Proje ofisi web sayfas\u0131ndan (http:\/\/pdo.atauni.edu.tr\/index.php\/proje-yazma-egitimi-basvurusu) online olarak yap\u0131lmal\u0131d\u0131r. E\u011fitimler\u00a0 Online veya\u00a0 y\u00fcz y\u00fcze yap\u0131labilir. Online e\u011fitimler 20, [&hellip;]<\/p>\n","protected":false},"author":1,"featured_media":0,"parent":0,"menu_order":0,"comment_status":"closed","ping_status":"closed","template":"","meta":{"footnotes":""},"class_list":["post-4870","page","type-page","status-publish","hentry"],"_links":{"self":[{"href":"https:\/\/pdo.atauni.edu.tr\/index.php\/wp-json\/wp\/v2\/pages\/4870","targetHints":{"allow":["GET"]}}],"collection":[{"href":"https:\/\/pdo.atauni.edu.tr\/index.php\/wp-json\/wp\/v2\/pages"}],"about":[{"href":"https:\/\/pdo.atauni.edu.tr\/index.php\/wp-json\/wp\/v2\/types\/page"}],"author":[{"embeddable":true,"href":"https:\/\/pdo.atauni.edu.tr\/index.php\/wp-json\/wp\/v2\/users\/1"}],"replies":[{"embeddable":true,"href":"https:\/\/pdo.atauni.edu.tr\/index.php\/wp-json\/wp\/v2\/comments?post=4870"}],"version-history":[{"count":48,"href":"https:\/\/pdo.atauni.edu.tr\/index.php\/wp-json\/wp\/v2\/pages\/4870\/revisions"}],"predecessor-version":[{"id":6738,"href":"https:\/\/pdo.atauni.edu.tr\/index.php\/wp-json\/wp\/v2\/pages\/4870\/revisions\/6738"}],"wp:attachment":[{"href":"https:\/\/pdo.atauni.edu.tr\/index.php\/wp-json\/wp\/v2\/media?parent=4870"}],"curies":[{"name":"wp","href":"https:\/\/api.w.org\/{rel}","templated":true}]}}