{"id":4872,"date":"2020-08-20T10:46:19","date_gmt":"2020-08-20T07:46:19","guid":{"rendered":"http:\/\/pdo.atauni.edu.tr\/?page_id=4872"},"modified":"2023-08-09T14:44:25","modified_gmt":"2023-08-09T11:44:25","slug":"panel-destegi","status":"publish","type":"page","link":"https:\/\/pdo.atauni.edu.tr\/index.php\/panel-destegi\/","title":{"rendered":"Panel Deste\u011fi"},"content":{"rendered":"\t\t<div data-elementor-type=\"wp-page\" data-elementor-id=\"4872\" class=\"elementor elementor-4872\" data-elementor-post-type=\"page\">\n\t\t\t\t\t\t<section class=\"elementor-section elementor-top-section elementor-element elementor-element-97c55d1 elementor-section-boxed elementor-section-height-default elementor-section-height-default\" data-id=\"97c55d1\" data-element_type=\"section\" data-e-type=\"section\">\n\t\t\t\t\t\t<div class=\"elementor-container elementor-column-gap-default\">\n\t\t\t\t\t<div class=\"elementor-column elementor-col-100 elementor-top-column elementor-element elementor-element-5c8af1a\" data-id=\"5c8af1a\" data-element_type=\"column\" data-e-type=\"column\">\n\t\t\t<div class=\"elementor-widget-wrap elementor-element-populated\">\n\t\t\t\t\t\t<div class=\"elementor-element elementor-element-70ed457 elementor-widget elementor-widget-text-editor\" data-id=\"70ed457\" data-element_type=\"widget\" data-e-type=\"widget\" data-widget_type=\"text-editor.default\">\n\t\t\t\t<div class=\"elementor-widget-container\">\n\t\t\t\t\t\t\t\t\t<div class=\"elementor-element elementor-element-212c50e0 elementor-widget elementor-widget-text-editor\" data-id=\"212c50e0\" data-element_type=\"widget\" data-widget_type=\"text-editor.default\"><div class=\"elementor-widget-container\"><div class=\"elementor-text-editor elementor-clearfix\"><p>Projelerin ba\u015far\u0131l\u0131 ya da ba\u015far\u0131s\u0131z olmas\u0131 kapsam ve maliyet k\u0131s\u0131tlar\u0131 \u00e7er\u00e7evesinde de\u011ferlendirilmektedir. Bu y\u00f6n\u00fcyle projelerde kapsam, zaman ve maliyet k\u0131s\u0131tlar\u0131 ars\u0131ndaki ili\u015fki \u00fc\u00e7ayakl\u0131 bir tabureye benzetilmektedir. Projelerin istenen kapsamda, verilen s\u00fcre\u00e7 i\u00e7erisinde belirlenen b\u00fct\u00e7eyle tamamlanmamas\u0131 halinde o projenin ba\u015far\u0131l\u0131 say\u0131lmas\u0131 m\u00fcmk\u00fcn olmayacakt\u0131r. Dolay\u0131s\u0131yla bu k\u0131s\u0131tlar\u0131n do\u011fru planlanmas\u0131 ve y\u00f6netilmesi gerekmektedir. Ayr\u0131ca payda\u015flar\u0131n beklentilerini dikkate almak, belirlen \u00fcr\u00fcn, hizmet ya da \u00e7\u0131kt\u0131ya ula\u015fmak i\u00e7in kapsam, zaman, maliyet, kalite, kaynak ve risklerin dengelenmesi de \u00f6nem arz etmektedir. Proje hedeflerini ger\u00e7ekle\u015ftirmek i\u00e7in gereken s\u00fcre\u00e7leri do\u011fru de\u011ferlendirmek, projelerin olumsuz kapat\u0131lmas\u0131na neden olan etmenleri \u00f6nceden de\u011ferlendirerek \u00f6nlemler almak ve \u00e7\u00f6zmek; projeleri ba\u015far\u0131ya ula\u015ft\u0131racak etmenleri hassasiyetle takip etmek projelerin ba\u015far\u0131lmas\u0131n\u0131 sa\u011flamaktad\u0131r.<\/p><p>Her ne kadar ka\u011f\u0131t \u00fczerinde her \u015fey iyi planlanm\u0131\u015f olsa da teknik a\u00e7\u0131dan \u00e7ok nitelikli projelerinde zaman zaman olumsuz sonu\u00e7land\u0131\u011f\u0131 bilinmektedir. Projeleri olumsuz sonu\u00e7lanmaya iten etmenleri ortadan kald\u0131rmak i\u00e7in proje tasarlan\u0131rken \u00f6nlemler almak yerinde olacakt\u0131r. Ba\u015far\u0131s\u0131z projeler genellikle;<\/p><ul><li>K\u00f6t\u00fc projelerdir ve program y\u00f6netimi disiplinine sahip de\u011fildirler.<\/li><li>Y\u00f6netici d\u00fczeyinde destek eksikli\u011finden mustariptirler.<\/li><li>Yanl\u0131\u015f ekip \u00fcyeleri ile yola \u00e7\u0131km\u0131\u015flard\u0131r.<\/li><li>Zay\u0131f ileti\u015fim a\u011f\u0131na sahiptirler.<\/li><li>Proje ba\u015far\u0131s\u0131n\u0131 \u00f6l\u00e7me de\u011ferlendirmek i\u00e7in hi\u00e7bir ara\u00e7 kullanmay\u0131 planlamam\u0131\u015f ya da eksik planlam\u0131\u015ft\u0131rlar.<\/li><li>Risk y\u00f6netimine sahip de\u011fildirler. Ba\u015far\u0131 \u00f6l\u00e7\u00fctleri ve B planlar\u0131 olmayan projelerdir.<\/li><li>De\u011fi\u015fimi y\u00f6netemeyen projelerdir.<\/li><\/ul><p>Ba\u015far\u0131l\u0131 projeler genellikle,<\/p><ul><li>Lider \u00f6zellikleri bak\u0131m\u0131ndan iyi bir y\u00f6neticiye sahiptirler.<\/li><li>T\u00fcm payda\u015flar\u0131m \u00fczerinde fikir birli\u011fi kazand\u0131\u011f\u0131 projelerdir.<\/li><li>M\u00fcmk\u00fcn olan en iyi tak\u0131ma sahiptirler.<\/li><li>Kapsaml\u0131, uygulanabilir bir plan yapar ve gerekli aral\u0131klarla planda g\u00fcncellemeye giderler.<\/li><li>\u0130\u015f paketlerini, g\u00f6revleri yerine getirmek i\u00e7in neye, ne kadar ihtiyac\u0131 oldu\u011fu ger\u00e7ek\u00e7i \u015fekilde belirlerler.<\/li><li>De\u011fi\u015fimi y\u00f6netebilen projelerdir.<\/li><li>Yapabilece\u011finden fazlas\u0131n\u0131 yapma gayretindense proje hedeflerine odaklanm\u0131\u015f projelerdir.<\/li><li>Proje ekibine de\u011fer verir ve onlar\u0131n \u00e7al\u0131\u015fma ko\u015fullar\u0131n\u0131 olumsuz etkileyecek etmenleri ortadan kald\u0131r\u0131r.<\/li><li>\u00dcst y\u00f6netici varsa koordinat\u00f6r ya da resmi payda\u015flardan s\u00fcrekli destek al\u0131rlar. Onlarla ileti\u015fim halindedir ve s\u0131k s\u0131k proje gidi\u015fat\u0131 hakk\u0131nda bilgilendirme yaparlar.<\/li><li>Lider \u00f6zellikleri bak\u0131m\u0131ndan iyi bir y\u00f6neticiye sahiptirler.<\/li><\/ul><\/div><\/div><\/div><div class=\"elementor-element elementor-element-0fedb91 elementor-widget elementor-widget-heading\" data-id=\"0fedb91\" data-element_type=\"widget\" data-widget_type=\"heading.default\"><div class=\"elementor-widget-container\"><h2 class=\"elementor-heading-title elementor-size-default\">Panel hizmeti hakk\u0131nda detaylara ula\u015fmak ve panel talebinde bulunmak i\u00e7in l\u00fctfen <a href=\"http:\/\/pdo.atauni.edu.tr\/index.php\/panel-destegi-basvurusu\/\">t\u0131klay\u0131n\u0131z.<\/a><\/h2><\/div><\/div>\t\t\t\t\t\t\t\t<\/div>\n\t\t\t\t<\/div>\n\t\t\t\t\t<\/div>\n\t\t<\/div>\n\t\t\t\t\t<\/div>\n\t\t<\/section>\n\t\t\t\t<section class=\"elementor-section elementor-top-section elementor-element elementor-element-d97a2a8 elementor-section-boxed elementor-section-height-default elementor-section-height-default\" data-id=\"d97a2a8\" data-element_type=\"section\" data-e-type=\"section\">\n\t\t\t\t\t\t<div class=\"elementor-container elementor-column-gap-default\">\n\t\t\t\t\t<div class=\"elementor-column elementor-col-100 elementor-top-column elementor-element elementor-element-87a24a9\" data-id=\"87a24a9\" data-element_type=\"column\" data-e-type=\"column\">\n\t\t\t<div class=\"elementor-widget-wrap elementor-element-populated\">\n\t\t\t\t\t\t<div class=\"elementor-element elementor-element-055b44c elementor-widget elementor-widget-image-gallery\" data-id=\"055b44c\" data-element_type=\"widget\" data-e-type=\"widget\" data-widget_type=\"image-gallery.default\">\n\t\t\t\t<div class=\"elementor-widget-container\">\n\t\t\t\t\t\t\t<div class=\"elementor-image-gallery\">\n\t\t\t<div id='gallery-1' class='gallery galleryid-4872 gallery-columns-2 gallery-size-large'><figure class='gallery-item'>\n\t\t\t<div class='gallery-icon landscape'>\n\t\t\t\t<a data-elementor-open-lightbox=\"yes\" data-elementor-lightbox-slideshow=\"055b44c\" data-elementor-lightbox-title=\"WhatsApp Image 2022-11-03 at 15.25.53\" data-e-action-hash=\"#elementor-action%3Aaction%3Dlightbox%26settings%3DeyJpZCI6NzIyMCwidXJsIjoiaHR0cHM6XC9cL3Bkby5hdGF1bmkuZWR1LnRyXC93cC1jb250ZW50XC91cGxvYWRzXC8yMDIyXC8xMVwvV2hhdHNBcHAtSW1hZ2UtMjAyMi0xMS0wMy1hdC0xNS4yNS41My5qcGVnIiwic2xpZGVzaG93IjoiMDU1YjQ0YyJ9\" href='https:\/\/pdo.atauni.edu.tr\/wp-content\/uploads\/2022\/11\/WhatsApp-Image-2022-11-03-at-15.25.53.jpeg'><img fetchpriority=\"high\" decoding=\"async\" width=\"640\" height=\"480\" src=\"https:\/\/pdo.atauni.edu.tr\/wp-content\/uploads\/2022\/11\/WhatsApp-Image-2022-11-03-at-15.25.53-1024x768.jpeg\" class=\"attachment-large size-large\" alt=\"\" srcset=\"https:\/\/pdo.atauni.edu.tr\/wp-content\/uploads\/2022\/11\/WhatsApp-Image-2022-11-03-at-15.25.53-1024x768.jpeg 1024w, https:\/\/pdo.atauni.edu.tr\/wp-content\/uploads\/2022\/11\/WhatsApp-Image-2022-11-03-at-15.25.53-300x225.jpeg 300w, https:\/\/pdo.atauni.edu.tr\/wp-content\/uploads\/2022\/11\/WhatsApp-Image-2022-11-03-at-15.25.53-768x576.jpeg 768w, https:\/\/pdo.atauni.edu.tr\/wp-content\/uploads\/2022\/11\/WhatsApp-Image-2022-11-03-at-15.25.53-1536x1152.jpeg 1536w, https:\/\/pdo.atauni.edu.tr\/wp-content\/uploads\/2022\/11\/WhatsApp-Image-2022-11-03-at-15.25.53-600x450.jpeg 600w, https:\/\/pdo.atauni.edu.tr\/wp-content\/uploads\/2022\/11\/WhatsApp-Image-2022-11-03-at-15.25.53.jpeg 2048w\" sizes=\"(max-width: 640px) 100vw, 640px\" \/><\/a>\n\t\t\t<\/div><\/figure><figure class='gallery-item'>\n\t\t\t<div class='gallery-icon landscape'>\n\t\t\t\t<a data-elementor-open-lightbox=\"yes\" data-elementor-lightbox-slideshow=\"055b44c\" data-elementor-lightbox-title=\"WhatsApp Image 2022-10-31 at 15.09.46\" data-e-action-hash=\"#elementor-action%3Aaction%3Dlightbox%26settings%3DeyJpZCI6NzI0MywidXJsIjoiaHR0cHM6XC9cL3Bkby5hdGF1bmkuZWR1LnRyXC93cC1jb250ZW50XC91cGxvYWRzXC8yMDE5XC8xMlwvV2hhdHNBcHAtSW1hZ2UtMjAyMi0xMC0zMS1hdC0xNS4wOS40Ni5qcGVnIiwic2xpZGVzaG93IjoiMDU1YjQ0YyJ9\" href='https:\/\/pdo.atauni.edu.tr\/wp-content\/uploads\/2019\/12\/WhatsApp-Image-2022-10-31-at-15.09.46.jpeg'><img decoding=\"async\" width=\"640\" height=\"480\" src=\"https:\/\/pdo.atauni.edu.tr\/wp-content\/uploads\/2019\/12\/WhatsApp-Image-2022-10-31-at-15.09.46-1024x768.jpeg\" class=\"attachment-large size-large\" alt=\"\" srcset=\"https:\/\/pdo.atauni.edu.tr\/wp-content\/uploads\/2019\/12\/WhatsApp-Image-2022-10-31-at-15.09.46-1024x768.jpeg 1024w, https:\/\/pdo.atauni.edu.tr\/wp-content\/uploads\/2019\/12\/WhatsApp-Image-2022-10-31-at-15.09.46-300x225.jpeg 300w, https:\/\/pdo.atauni.edu.tr\/wp-content\/uploads\/2019\/12\/WhatsApp-Image-2022-10-31-at-15.09.46-768x576.jpeg 768w, https:\/\/pdo.atauni.edu.tr\/wp-content\/uploads\/2019\/12\/WhatsApp-Image-2022-10-31-at-15.09.46-1536x1152.jpeg 1536w, https:\/\/pdo.atauni.edu.tr\/wp-content\/uploads\/2019\/12\/WhatsApp-Image-2022-10-31-at-15.09.46-600x450.jpeg 600w, https:\/\/pdo.atauni.edu.tr\/wp-content\/uploads\/2019\/12\/WhatsApp-Image-2022-10-31-at-15.09.46.jpeg 2048w\" sizes=\"(max-width: 640px) 100vw, 640px\" \/><\/a>\n\t\t\t<\/div><\/figure><figure class='gallery-item'>\n\t\t\t<div class='gallery-icon landscape'>\n\t\t\t\t<a data-elementor-open-lightbox=\"yes\" data-elementor-lightbox-slideshow=\"055b44c\" data-elementor-lightbox-title=\"WhatsApp Image 2022-11-15 at 15.23.17\" data-e-action-hash=\"#elementor-action%3Aaction%3Dlightbox%26settings%3DeyJpZCI6NzIyNywidXJsIjoiaHR0cHM6XC9cL3Bkby5hdGF1bmkuZWR1LnRyXC93cC1jb250ZW50XC91cGxvYWRzXC8yMDE5XC8xMlwvV2hhdHNBcHAtSW1hZ2UtMjAyMi0xMS0xNS1hdC0xNS4yMy4xNy5qcGVnIiwic2xpZGVzaG93IjoiMDU1YjQ0YyJ9\" href='https:\/\/pdo.atauni.edu.tr\/wp-content\/uploads\/2019\/12\/WhatsApp-Image-2022-11-15-at-15.23.17.jpeg'><img decoding=\"async\" width=\"640\" height=\"480\" src=\"https:\/\/pdo.atauni.edu.tr\/wp-content\/uploads\/2019\/12\/WhatsApp-Image-2022-11-15-at-15.23.17-1024x768.jpeg\" class=\"attachment-large size-large\" alt=\"\" srcset=\"https:\/\/pdo.atauni.edu.tr\/wp-content\/uploads\/2019\/12\/WhatsApp-Image-2022-11-15-at-15.23.17-1024x768.jpeg 1024w, https:\/\/pdo.atauni.edu.tr\/wp-content\/uploads\/2019\/12\/WhatsApp-Image-2022-11-15-at-15.23.17-300x225.jpeg 300w, https:\/\/pdo.atauni.edu.tr\/wp-content\/uploads\/2019\/12\/WhatsApp-Image-2022-11-15-at-15.23.17-768x576.jpeg 768w, https:\/\/pdo.atauni.edu.tr\/wp-content\/uploads\/2019\/12\/WhatsApp-Image-2022-11-15-at-15.23.17-1536x1152.jpeg 1536w, https:\/\/pdo.atauni.edu.tr\/wp-content\/uploads\/2019\/12\/WhatsApp-Image-2022-11-15-at-15.23.17-600x450.jpeg 600w, https:\/\/pdo.atauni.edu.tr\/wp-content\/uploads\/2019\/12\/WhatsApp-Image-2022-11-15-at-15.23.17.jpeg 1600w\" sizes=\"(max-width: 640px) 100vw, 640px\" \/><\/a>\n\t\t\t<\/div><\/figure><figure class='gallery-item'>\n\t\t\t<div class='gallery-icon landscape'>\n\t\t\t\t<a data-elementor-open-lightbox=\"yes\" data-elementor-lightbox-slideshow=\"055b44c\" data-elementor-lightbox-title=\"WhatsApp Image 2022-11-15 at 15.39.52\" data-e-action-hash=\"#elementor-action%3Aaction%3Dlightbox%26settings%3DeyJpZCI6NzI0OSwidXJsIjoiaHR0cHM6XC9cL3Bkby5hdGF1bmkuZWR1LnRyXC93cC1jb250ZW50XC91cGxvYWRzXC8yMDE5XC8xMlwvV2hhdHNBcHAtSW1hZ2UtMjAyMi0xMS0xNS1hdC0xNS4zOS41Mi1lMTY2ODUxNjMwNDQ0NC5qcGVnIiwic2xpZGVzaG93IjoiMDU1YjQ0YyJ9\" href='https:\/\/pdo.atauni.edu.tr\/wp-content\/uploads\/2019\/12\/WhatsApp-Image-2022-11-15-at-15.39.52-e1668516304444.jpeg'><img loading=\"lazy\" decoding=\"async\" width=\"640\" height=\"509\" src=\"https:\/\/pdo.atauni.edu.tr\/wp-content\/uploads\/2019\/12\/WhatsApp-Image-2022-11-15-at-15.39.52-e1668516304444.jpeg\" class=\"attachment-large size-large\" alt=\"\" srcset=\"https:\/\/pdo.atauni.edu.tr\/wp-content\/uploads\/2019\/12\/WhatsApp-Image-2022-11-15-at-15.39.52-e1668516304444.jpeg 675w, https:\/\/pdo.atauni.edu.tr\/wp-content\/uploads\/2019\/12\/WhatsApp-Image-2022-11-15-at-15.39.52-e1668516304444-300x239.jpeg 300w\" sizes=\"(max-width: 640px) 100vw, 640px\" \/><\/a>\n\t\t\t<\/div><\/figure><figure class='gallery-item'>\n\t\t\t<div class='gallery-icon landscape'>\n\t\t\t\t<a data-elementor-open-lightbox=\"yes\" data-elementor-lightbox-slideshow=\"055b44c\" data-elementor-lightbox-title=\"WhatsApp Image 2022-11-03 at 15.25.53\" data-e-action-hash=\"#elementor-action%3Aaction%3Dlightbox%26settings%3DeyJpZCI6NzI0MCwidXJsIjoiaHR0cHM6XC9cL3Bkby5hdGF1bmkuZWR1LnRyXC93cC1jb250ZW50XC91cGxvYWRzXC8yMDE5XC8xMlwvV2hhdHNBcHAtSW1hZ2UtMjAyMi0xMS0wMy1hdC0xNS4yNS41My5qcGVnIiwic2xpZGVzaG93IjoiMDU1YjQ0YyJ9\" href='https:\/\/pdo.atauni.edu.tr\/wp-content\/uploads\/2019\/12\/WhatsApp-Image-2022-11-03-at-15.25.53.jpeg'><img loading=\"lazy\" decoding=\"async\" width=\"640\" height=\"480\" src=\"https:\/\/pdo.atauni.edu.tr\/wp-content\/uploads\/2019\/12\/WhatsApp-Image-2022-11-03-at-15.25.53-1024x768.jpeg\" class=\"attachment-large size-large\" alt=\"\" srcset=\"https:\/\/pdo.atauni.edu.tr\/wp-content\/uploads\/2019\/12\/WhatsApp-Image-2022-11-03-at-15.25.53-1024x768.jpeg 1024w, https:\/\/pdo.atauni.edu.tr\/wp-content\/uploads\/2019\/12\/WhatsApp-Image-2022-11-03-at-15.25.53-300x225.jpeg 300w, https:\/\/pdo.atauni.edu.tr\/wp-content\/uploads\/2019\/12\/WhatsApp-Image-2022-11-03-at-15.25.53-768x576.jpeg 768w, https:\/\/pdo.atauni.edu.tr\/wp-content\/uploads\/2019\/12\/WhatsApp-Image-2022-11-03-at-15.25.53-1536x1152.jpeg 1536w, https:\/\/pdo.atauni.edu.tr\/wp-content\/uploads\/2019\/12\/WhatsApp-Image-2022-11-03-at-15.25.53-600x450.jpeg 600w, https:\/\/pdo.atauni.edu.tr\/wp-content\/uploads\/2019\/12\/WhatsApp-Image-2022-11-03-at-15.25.53.jpeg 2048w\" sizes=\"(max-width: 640px) 100vw, 640px\" \/><\/a>\n\t\t\t<\/div><\/figure><figure class='gallery-item'>\n\t\t\t<div class='gallery-icon landscape'>\n\t\t\t\t<a data-elementor-open-lightbox=\"yes\" data-elementor-lightbox-slideshow=\"055b44c\" data-elementor-lightbox-title=\"WhatsApp Image 2022-11-02 at 11.15.50\" data-e-action-hash=\"#elementor-action%3Aaction%3Dlightbox%26settings%3DeyJpZCI6NzI0MiwidXJsIjoiaHR0cHM6XC9cL3Bkby5hdGF1bmkuZWR1LnRyXC93cC1jb250ZW50XC91cGxvYWRzXC8yMDE5XC8xMlwvV2hhdHNBcHAtSW1hZ2UtMjAyMi0xMS0wMi1hdC0xMS4xNS41MC5qcGVnIiwic2xpZGVzaG93IjoiMDU1YjQ0YyJ9\" href='https:\/\/pdo.atauni.edu.tr\/wp-content\/uploads\/2019\/12\/WhatsApp-Image-2022-11-02-at-11.15.50.jpeg'><img loading=\"lazy\" decoding=\"async\" width=\"640\" height=\"480\" src=\"https:\/\/pdo.atauni.edu.tr\/wp-content\/uploads\/2019\/12\/WhatsApp-Image-2022-11-02-at-11.15.50.jpeg\" class=\"attachment-large size-large\" alt=\"\" srcset=\"https:\/\/pdo.atauni.edu.tr\/wp-content\/uploads\/2019\/12\/WhatsApp-Image-2022-11-02-at-11.15.50.jpeg 1024w, https:\/\/pdo.atauni.edu.tr\/wp-content\/uploads\/2019\/12\/WhatsApp-Image-2022-11-02-at-11.15.50-300x225.jpeg 300w, https:\/\/pdo.atauni.edu.tr\/wp-content\/uploads\/2019\/12\/WhatsApp-Image-2022-11-02-at-11.15.50-768x576.jpeg 768w, https:\/\/pdo.atauni.edu.tr\/wp-content\/uploads\/2019\/12\/WhatsApp-Image-2022-11-02-at-11.15.50-600x450.jpeg 600w\" sizes=\"(max-width: 640px) 100vw, 640px\" \/><\/a>\n\t\t\t<\/div><\/figure>\n\t\t<\/div>\n\t\t<\/div>\n\t\t\t\t\t\t<\/div>\n\t\t\t\t<\/div>\n\t\t\t\t\t<\/div>\n\t\t<\/div>\n\t\t\t\t\t<\/div>\n\t\t<\/section>\n\t\t\t\t<section class=\"elementor-section elementor-top-section elementor-element elementor-element-e6580f9 elementor-section-boxed elementor-section-height-default elementor-section-height-default\" data-id=\"e6580f9\" data-element_type=\"section\" data-e-type=\"section\">\n\t\t\t\t\t\t<div class=\"elementor-container elementor-column-gap-default\">\n\t\t\t\t\t<div class=\"elementor-column elementor-col-50 elementor-top-column elementor-element elementor-element-7d202f9\" data-id=\"7d202f9\" data-element_type=\"column\" data-e-type=\"column\">\n\t\t\t<div class=\"elementor-widget-wrap elementor-element-populated\">\n\t\t\t\t\t\t<div class=\"elementor-element elementor-element-425866b elementor-widget elementor-widget-image\" data-id=\"425866b\" data-element_type=\"widget\" data-e-type=\"widget\" data-widget_type=\"image.default\">\n\t\t\t\t<div class=\"elementor-widget-container\">\n\t\t\t\t\t\t\t\t\t\t\t\t\t\t\t<img loading=\"lazy\" decoding=\"async\" width=\"640\" height=\"480\" src=\"https:\/\/pdo.atauni.edu.tr\/wp-content\/uploads\/2023\/08\/WhatsApp-Image-2023-08-09-at-14.38.40-1024x768.jpeg\" class=\"attachment-large size-large wp-image-7682\" alt=\"\" srcset=\"https:\/\/pdo.atauni.edu.tr\/wp-content\/uploads\/2023\/08\/WhatsApp-Image-2023-08-09-at-14.38.40-1024x768.jpeg 1024w, https:\/\/pdo.atauni.edu.tr\/wp-content\/uploads\/2023\/08\/WhatsApp-Image-2023-08-09-at-14.38.40-300x225.jpeg 300w, https:\/\/pdo.atauni.edu.tr\/wp-content\/uploads\/2023\/08\/WhatsApp-Image-2023-08-09-at-14.38.40-768x576.jpeg 768w, https:\/\/pdo.atauni.edu.tr\/wp-content\/uploads\/2023\/08\/WhatsApp-Image-2023-08-09-at-14.38.40-1536x1152.jpeg 1536w, https:\/\/pdo.atauni.edu.tr\/wp-content\/uploads\/2023\/08\/WhatsApp-Image-2023-08-09-at-14.38.40-600x450.jpeg 600w, https:\/\/pdo.atauni.edu.tr\/wp-content\/uploads\/2023\/08\/WhatsApp-Image-2023-08-09-at-14.38.40.jpeg 2048w\" sizes=\"(max-width: 640px) 100vw, 640px\" \/>\t\t\t\t\t\t\t\t\t\t\t\t\t\t\t<\/div>\n\t\t\t\t<\/div>\n\t\t\t\t\t<\/div>\n\t\t<\/div>\n\t\t\t\t<div class=\"elementor-column elementor-col-50 elementor-top-column elementor-element elementor-element-99aa4d4\" data-id=\"99aa4d4\" data-element_type=\"column\" data-e-type=\"column\">\n\t\t\t<div class=\"elementor-widget-wrap elementor-element-populated\">\n\t\t\t\t\t\t<div class=\"elementor-element elementor-element-73a2244 elementor-widget elementor-widget-image\" data-id=\"73a2244\" data-element_type=\"widget\" data-e-type=\"widget\" data-widget_type=\"image.default\">\n\t\t\t\t<div class=\"elementor-widget-container\">\n\t\t\t\t\t\t\t\t\t\t\t\t\t\t\t<img loading=\"lazy\" decoding=\"async\" width=\"640\" height=\"480\" src=\"https:\/\/pdo.atauni.edu.tr\/wp-content\/uploads\/2023\/08\/WhatsApp-Image-2023-08-09-at-14.38.40-1-1024x768.jpeg\" class=\"attachment-large size-large wp-image-7681\" alt=\"\" srcset=\"https:\/\/pdo.atauni.edu.tr\/wp-content\/uploads\/2023\/08\/WhatsApp-Image-2023-08-09-at-14.38.40-1-1024x768.jpeg 1024w, https:\/\/pdo.atauni.edu.tr\/wp-content\/uploads\/2023\/08\/WhatsApp-Image-2023-08-09-at-14.38.40-1-300x225.jpeg 300w, https:\/\/pdo.atauni.edu.tr\/wp-content\/uploads\/2023\/08\/WhatsApp-Image-2023-08-09-at-14.38.40-1-768x576.jpeg 768w, https:\/\/pdo.atauni.edu.tr\/wp-content\/uploads\/2023\/08\/WhatsApp-Image-2023-08-09-at-14.38.40-1-1536x1152.jpeg 1536w, https:\/\/pdo.atauni.edu.tr\/wp-content\/uploads\/2023\/08\/WhatsApp-Image-2023-08-09-at-14.38.40-1-600x450.jpeg 600w, https:\/\/pdo.atauni.edu.tr\/wp-content\/uploads\/2023\/08\/WhatsApp-Image-2023-08-09-at-14.38.40-1.jpeg 2048w\" sizes=\"(max-width: 640px) 100vw, 640px\" \/>\t\t\t\t\t\t\t\t\t\t\t\t\t\t\t<\/div>\n\t\t\t\t<\/div>\n\t\t\t\t\t<\/div>\n\t\t<\/div>\n\t\t\t\t\t<\/div>\n\t\t<\/section>\n\t\t\t\t<\/div>\n\t\t","protected":false},"excerpt":{"rendered":"<p>Projelerin ba\u015far\u0131l\u0131 ya da ba\u015far\u0131s\u0131z olmas\u0131 kapsam ve maliyet k\u0131s\u0131tlar\u0131 \u00e7er\u00e7evesinde de\u011ferlendirilmektedir. Bu y\u00f6n\u00fcyle projelerde kapsam, zaman ve maliyet k\u0131s\u0131tlar\u0131 ars\u0131ndaki ili\u015fki \u00fc\u00e7ayakl\u0131 bir tabureye benzetilmektedir. Projelerin istenen kapsamda, verilen s\u00fcre\u00e7 i\u00e7erisinde belirlenen b\u00fct\u00e7eyle tamamlanmamas\u0131 halinde o projenin ba\u015far\u0131l\u0131 say\u0131lmas\u0131 m\u00fcmk\u00fcn olmayacakt\u0131r. Dolay\u0131s\u0131yla bu k\u0131s\u0131tlar\u0131n do\u011fru planlanmas\u0131 ve y\u00f6netilmesi gerekmektedir. Ayr\u0131ca payda\u015flar\u0131n beklentilerini dikkate almak, [&hellip;]<\/p>\n","protected":false},"author":1,"featured_media":0,"parent":0,"menu_order":0,"comment_status":"closed","ping_status":"closed","template":"","meta":{"footnotes":""},"class_list":["post-4872","page","type-page","status-publish","hentry"],"_links":{"self":[{"href":"https:\/\/pdo.atauni.edu.tr\/index.php\/wp-json\/wp\/v2\/pages\/4872","targetHints":{"allow":["GET"]}}],"collection":[{"href":"https:\/\/pdo.atauni.edu.tr\/index.php\/wp-json\/wp\/v2\/pages"}],"about":[{"href":"https:\/\/pdo.atauni.edu.tr\/index.php\/wp-json\/wp\/v2\/types\/page"}],"author":[{"embeddable":true,"href":"https:\/\/pdo.atauni.edu.tr\/index.php\/wp-json\/wp\/v2\/users\/1"}],"replies":[{"embeddable":true,"href":"https:\/\/pdo.atauni.edu.tr\/index.php\/wp-json\/wp\/v2\/comments?post=4872"}],"version-history":[{"count":20,"href":"https:\/\/pdo.atauni.edu.tr\/index.php\/wp-json\/wp\/v2\/pages\/4872\/revisions"}],"predecessor-version":[{"id":7685,"href":"https:\/\/pdo.atauni.edu.tr\/index.php\/wp-json\/wp\/v2\/pages\/4872\/revisions\/7685"}],"wp:attachment":[{"href":"https:\/\/pdo.atauni.edu.tr\/index.php\/wp-json\/wp\/v2\/media?parent=4872"}],"curies":[{"name":"wp","href":"https:\/\/api.w.org\/{rel}","templated":true}]}}