{"id":4882,"date":"2020-08-20T10:47:46","date_gmt":"2020-08-20T07:47:46","guid":{"rendered":"http:\/\/pdo.atauni.edu.tr\/?page_id=4882"},"modified":"2023-08-09T14:40:53","modified_gmt":"2023-08-09T11:40:53","slug":"ekip-olusturma-ve-proje-pazari","status":"publish","type":"page","link":"https:\/\/pdo.atauni.edu.tr\/index.php\/ekip-olusturma-ve-proje-pazari\/","title":{"rendered":"Ekip Olu\u015fturma ve Proje Pazar\u0131"},"content":{"rendered":"\t\t<div data-elementor-type=\"wp-page\" data-elementor-id=\"4882\" class=\"elementor elementor-4882\" data-elementor-post-type=\"page\">\n\t\t\t\t\t\t<section class=\"elementor-section elementor-top-section elementor-element elementor-element-6cc4c19 elementor-section-boxed elementor-section-height-default elementor-section-height-default\" data-id=\"6cc4c19\" data-element_type=\"section\" data-e-type=\"section\">\n\t\t\t\t\t\t<div class=\"elementor-container elementor-column-gap-default\">\n\t\t\t\t\t<div class=\"elementor-column elementor-col-100 elementor-top-column elementor-element elementor-element-7d448d2\" data-id=\"7d448d2\" data-element_type=\"column\" data-e-type=\"column\">\n\t\t\t<div class=\"elementor-widget-wrap elementor-element-populated\">\n\t\t\t\t\t\t<div class=\"elementor-element elementor-element-6878f0f elementor-widget elementor-widget-ct_text_editor\" data-id=\"6878f0f\" data-element_type=\"widget\" data-e-type=\"widget\" data-widget_type=\"ct_text_editor.default\">\n\t\t\t\t<div class=\"elementor-widget-container\">\n\t\t\t\t\t<div id=\"ct_text_editor-6878f0f\" class=\"ct-text-editor \">\n\t<div class=\"ct-inline-css\"  data-css=\"\n        \">\n    <\/div>\n\t<div class=\"ct-text-editor elementor-clearfix\"><p>Proje Geli\u015ftirme ve Koordinasyon Ofisi Proje k\u00fclt\u00fcr\u00fcn\u00fc geli\u015ftirmek amac\u0131yla;<\/p><p>Akademisyenleri proje haz\u0131rlamaya te\u015fvik eder, Aktif fon kaynaklar\u0131n\u0131 duyurur, Projelere bilimsel ve teknik destek sunar, Ulusal ve Uluslararas\u0131 kurulu\u015flarla i\u015fbirli\u011fi yapar, \u00dcniversite-Sanayi etkile\u015fimini geli\u015ftirici planlamalar yapar. Proje Geli\u015ftirme ve Koordinasyon Ofisinin katk\u0131s\u0131 ile a\u015fa\u011f\u0131da s\u0131ralanan yayg\u0131n etki ve katma de\u011ferlerin olu\u015fmas\u0131 beklenmektedir.<\/p><ul><li>\u00dcniversitemizde proje k\u00fclt\u00fcr\u00fcn\u00fcn olu\u015fturulmas\u0131na ve geli\u015ftirilmesine katk\u0131 sa\u011flanmas\u0131,<\/li><li>\u00dcniversitemize ulusal ve uluslararas\u0131 fonlardan kaynak sa\u011flanmas\u0131\/miktar\u0131n\u0131n art\u0131r\u0131lmas\u0131,<\/li><li>\u00a0Ger\u00e7ekle\u015ftirilecek faaliyetler ile proje konusunda fark\u0131ndal\u0131k olu\u015fturulmas\u0131,<\/li><li>Farkl\u0131 fon kaynaklar\u0131 hakk\u0131nda bilgilendirme sa\u011flanarak akademisyenlerin te\u015fvik edilmesi,<\/li><li>\u00a0Ger\u00e7ekle\u015fen her proje yay\u0131n ve patent potansiyeli ta\u015f\u0131d\u0131\u011f\u0131ndan Atat\u00fcrk \u00dcniversitesinin \u201cGiri\u015fimci ve Yenilik\u00e7i \u00dcniversite Endeksinde\u201d \u00fcst s\u0131ralarda yer alabilmesi,<\/li><li>Geli\u015ftirilecek kaliteli projeler ile \u00fclkemizin bilimsel ve sosyo-ekonomik geli\u015fimine katk\u0131 sa\u011flanmas\u0131,<\/li><li>Projelerde yer alacak di\u011fer kurum ve \u00fclke \u00e7al\u0131\u015fanlar\u0131 sayesinde bilimsel kurumsal i\u015fbirliklerinin geli\u015ftirilmesi,<\/li><li>\u00d6zellikle sanayiye y\u00f6nelik projelerin artmas\u0131 sayesinde \u00dcniversite-Sanayi i\u015fbirli\u011finin art\u0131r\u0131lmas\u0131,<\/li><li>Proje ger\u00e7ekle\u015fmesi ile olu\u015facak \u00e7\u0131kt\u0131lar sayesinde ekonomik katk\u0131 ve ticarile\u015fmenin artmas\u0131 gibi Yayg\u0131n Etki\/Katma De\u011ferlerin olu\u015fmas\u0131 beklenmektedir.<\/li><\/ul><table width=\"100%\"><tbody><tr><td width=\"19%\"><p>Disiplinler aras\u0131 ve Sanayi i\u015fbirlikli ara\u015ft\u0131rmalar planlanarak, ilgili birimlerde olu\u015fturulacak i\u015fbirliklerine \u00f6nc\u00fcl\u00fck etmektedir.<\/p><\/td><\/tr><\/tbody><\/table><p>\u00a0<\/p><\/div>\n<\/div>\t\t\t\t<\/div>\n\t\t\t\t<\/div>\n\t\t\t\t\t<\/div>\n\t\t<\/div>\n\t\t\t\t\t<\/div>\n\t\t<\/section>\n\t\t\t\t<section class=\"elementor-section elementor-top-section elementor-element elementor-element-1536c8d elementor-section-boxed elementor-section-height-default elementor-section-height-default\" data-id=\"1536c8d\" data-element_type=\"section\" data-e-type=\"section\">\n\t\t\t\t\t\t<div class=\"elementor-container elementor-column-gap-default\">\n\t\t\t\t\t<div class=\"elementor-column elementor-col-100 elementor-top-column elementor-element elementor-element-53b2347\" data-id=\"53b2347\" data-element_type=\"column\" data-e-type=\"column\">\n\t\t\t<div class=\"elementor-widget-wrap elementor-element-populated\">\n\t\t\t\t\t\t<div class=\"elementor-element elementor-element-3bbf061 elementor-widget elementor-widget-image\" data-id=\"3bbf061\" data-element_type=\"widget\" data-e-type=\"widget\" data-widget_type=\"image.default\">\n\t\t\t\t<div class=\"elementor-widget-container\">\n\t\t\t\t\t\t\t\t\t\t\t\t\t\t\t<img fetchpriority=\"high\" decoding=\"async\" width=\"640\" height=\"480\" src=\"https:\/\/pdo.atauni.edu.tr\/wp-content\/uploads\/2019\/12\/WhatsApp-Image-2022-11-15-at-15.27.43-1024x768.jpeg\" class=\"attachment-large size-large wp-image-7233\" alt=\"\" srcset=\"https:\/\/pdo.atauni.edu.tr\/wp-content\/uploads\/2019\/12\/WhatsApp-Image-2022-11-15-at-15.27.43-1024x768.jpeg 1024w, https:\/\/pdo.atauni.edu.tr\/wp-content\/uploads\/2019\/12\/WhatsApp-Image-2022-11-15-at-15.27.43-300x225.jpeg 300w, https:\/\/pdo.atauni.edu.tr\/wp-content\/uploads\/2019\/12\/WhatsApp-Image-2022-11-15-at-15.27.43-768x576.jpeg 768w, https:\/\/pdo.atauni.edu.tr\/wp-content\/uploads\/2019\/12\/WhatsApp-Image-2022-11-15-at-15.27.43-1536x1152.jpeg 1536w, https:\/\/pdo.atauni.edu.tr\/wp-content\/uploads\/2019\/12\/WhatsApp-Image-2022-11-15-at-15.27.43-600x450.jpeg 600w, https:\/\/pdo.atauni.edu.tr\/wp-content\/uploads\/2019\/12\/WhatsApp-Image-2022-11-15-at-15.27.43.jpeg 1600w\" sizes=\"(max-width: 640px) 100vw, 640px\" \/>\t\t\t\t\t\t\t\t\t\t\t\t\t\t\t<\/div>\n\t\t\t\t<\/div>\n\t\t\t\t\t<\/div>\n\t\t<\/div>\n\t\t\t\t\t<\/div>\n\t\t<\/section>\n\t\t\t\t<\/div>\n\t\t","protected":false},"excerpt":{"rendered":"<p>Proje Geli\u015ftirme ve Koordinasyon Ofisi Proje k\u00fclt\u00fcr\u00fcn\u00fc geli\u015ftirmek amac\u0131yla; Akademisyenleri proje haz\u0131rlamaya te\u015fvik eder, Aktif fon kaynaklar\u0131n\u0131 duyurur, Projelere bilimsel ve teknik destek sunar, Ulusal ve Uluslararas\u0131 kurulu\u015flarla i\u015fbirli\u011fi yapar, \u00dcniversite-Sanayi etkile\u015fimini geli\u015ftirici planlamalar yapar. Proje Geli\u015ftirme ve Koordinasyon Ofisinin katk\u0131s\u0131 ile a\u015fa\u011f\u0131da s\u0131ralanan yayg\u0131n etki ve katma de\u011ferlerin olu\u015fmas\u0131 beklenmektedir. \u00dcniversitemizde proje k\u00fclt\u00fcr\u00fcn\u00fcn olu\u015fturulmas\u0131na [&hellip;]<\/p>\n","protected":false},"author":1,"featured_media":0,"parent":0,"menu_order":0,"comment_status":"closed","ping_status":"closed","template":"","meta":{"footnotes":""},"class_list":["post-4882","page","type-page","status-publish","hentry"],"_links":{"self":[{"href":"https:\/\/pdo.atauni.edu.tr\/index.php\/wp-json\/wp\/v2\/pages\/4882","targetHints":{"allow":["GET"]}}],"collection":[{"href":"https:\/\/pdo.atauni.edu.tr\/index.php\/wp-json\/wp\/v2\/pages"}],"about":[{"href":"https:\/\/pdo.atauni.edu.tr\/index.php\/wp-json\/wp\/v2\/types\/page"}],"author":[{"embeddable":true,"href":"https:\/\/pdo.atauni.edu.tr\/index.php\/wp-json\/wp\/v2\/users\/1"}],"replies":[{"embeddable":true,"href":"https:\/\/pdo.atauni.edu.tr\/index.php\/wp-json\/wp\/v2\/comments?post=4882"}],"version-history":[{"count":6,"href":"https:\/\/pdo.atauni.edu.tr\/index.php\/wp-json\/wp\/v2\/pages\/4882\/revisions"}],"predecessor-version":[{"id":7680,"href":"https:\/\/pdo.atauni.edu.tr\/index.php\/wp-json\/wp\/v2\/pages\/4882\/revisions\/7680"}],"wp:attachment":[{"href":"https:\/\/pdo.atauni.edu.tr\/index.php\/wp-json\/wp\/v2\/media?parent=4882"}],"curies":[{"name":"wp","href":"https:\/\/api.w.org\/{rel}","templated":true}]}}