{"id":4898,"date":"2020-08-20T10:49:58","date_gmt":"2020-08-20T07:49:58","guid":{"rendered":"http:\/\/pdo.atauni.edu.tr\/?page_id=4898"},"modified":"2021-11-22T20:28:15","modified_gmt":"2021-11-22T17:28:15","slug":"surekli-acik-cagrilar","status":"publish","type":"page","link":"https:\/\/pdo.atauni.edu.tr\/index.php\/surekli-acik-cagrilar\/","title":{"rendered":"S\u00fcrekli A\u00e7\u0131k \u00c7a\u011fr\u0131lar"},"content":{"rendered":"\t\t<div data-elementor-type=\"wp-page\" data-elementor-id=\"4898\" class=\"elementor elementor-4898\" data-elementor-post-type=\"page\">\n\t\t\t\t\t\t<section class=\"elementor-section elementor-top-section elementor-element elementor-element-b0760f4 elementor-section-boxed elementor-section-height-default elementor-section-height-default\" data-id=\"b0760f4\" data-element_type=\"section\" data-e-type=\"section\">\n\t\t\t\t\t\t<div class=\"elementor-container elementor-column-gap-default\">\n\t\t\t\t\t<div class=\"elementor-column elementor-col-100 elementor-top-column elementor-element elementor-element-df0934d\" data-id=\"df0934d\" data-element_type=\"column\" data-e-type=\"column\">\n\t\t\t<div class=\"elementor-widget-wrap elementor-element-populated\">\n\t\t\t\t\t\t<div class=\"elementor-element elementor-element-c773135 elementor-widget elementor-widget-ct_text_editor\" data-id=\"c773135\" data-element_type=\"widget\" data-e-type=\"widget\" data-widget_type=\"ct_text_editor.default\">\n\t\t\t\t<div class=\"elementor-widget-container\">\n\t\t\t\t\t<div id=\"ct_text_editor-c773135\" class=\"ct-text-editor \">\n\t<div class=\"ct-inline-css\"  data-css=\"\n        \">\n    <\/div>\n\t<div class=\"ct-text-editor elementor-clearfix\"><p><strong>S\u00fcrekli A\u00e7\u0131k \u00c7a\u011fr\u0131lar<\/strong><\/p><table width=\"554\"><tbody><tr><td colspan=\"2\" width=\"389\"><strong>T\u00dcB\u0130TAK<\/strong><\/td><td width=\"101\">Ba\u015flama Tarihi<\/td><td width=\"64\">Biti\u015f Tarihi<\/td><\/tr><tr><td width=\"81\">3005<\/td><td width=\"308\"><p id=\"page-title\" class=\"title\"><a href=\"https:\/\/www.tubitak.gov.tr\/tr\/destekler\/akademik\/ulusal-destek-programlari\/icerik-3005-sosyal-ve-beseri-bilimlerde-yenilikci-cozumler-arastirma-projeleri-destek-programi\">3005 &#8211; Sosyal ve Be\u015feri Bilimlerde Yenilik\u00e7i \u00c7\u00f6z\u00fcmler Ara\u015ft\u0131rma Projeleri Destek Program\u0131<\/a><\/p><\/td><td width=\"101\">Y\u0131l\u0131n Her G\u00fcn\u00fc<\/td><td width=\"64\">\u00a0<\/td><\/tr><tr><td width=\"81\">1002<\/td><td width=\"308\"><a href=\"https:\/\/www.tubitak.gov.tr\/tr\/destekler\/akademik\/ulusal-destek-programlari\/1002\/icerik-basvuru-tarihleri\">HIZLI DESTEK PROGRAMI<\/a><\/td><td width=\"101\">Y\u0131l\u0131n Her G\u00fcn\u00fc<\/td><td width=\"64\">\u00a0<\/td><\/tr><tr><td width=\"81\">1501<\/td><td width=\"308\"><a href=\"http:\/\/www.tubitak.gov.tr\/tr\/destekler\/sanayi\/ulusal-destek-programlari\/icerik-1501-tubitak-sanayi-ar-ge-projeleri-destekleme-programi\">SANAY\u0130 AR-GE PROJELER\u0130 DESTEKLEME PROGRAMLARI<\/a><\/td><td width=\"101\">Y\u0131l\u0131n Her G\u00fcn\u00fc<\/td><td width=\"64\">\u00a0<\/td><\/tr><tr><td width=\"81\">1505<\/td><td width=\"308\"><a href=\"http:\/\/www.tubitak.gov.tr\/tr\/destekler\/akademik\/ulusal-destek-programlari\/icerik-1505-universite-sanayi-isbirligi-destek-programi\">\u00dcN\u0130VERS\u0130TE SANAY\u0130 \u0130\u015eB\u0130RL\u0130\u011e\u0130 DESTEK PROGRAMI<\/a><\/td><td width=\"101\">Y\u0131l\u0131n Her G\u00fcn\u00fc<\/td><td width=\"64\">\u00a0<\/td><\/tr><tr><td width=\"81\">1503<\/td><td width=\"308\"><a href=\"http:\/\/www.tubitak.gov.tr\/tr\/destekler\/sanayi\/ulusal-destek-programlari\/icerik-1503-proje-pazarlari-destekleme-programi\">PROJE PAZARLARI DESTEKLEME PROGRAMI<\/a><\/td><td width=\"101\">Y\u0131l\u0131n Her G\u00fcn\u00fc<\/td><td width=\"64\">\u00a0<\/td><\/tr><tr><td width=\"81\">1507<\/td><td width=\"308\"><a href=\"http:\/\/www.tubitak.gov.tr\/tr\/destekler\/sanayi\/ulusal-destek-programlari\/icerik-1507-tubitak-kobi-ar-ge-baslangic-destek-programi\">T\u00dcRK\u0130YE KOB\u0130 AR-GE BA\u015eLANGI\u00c7 DESTEK PROGRAMI<\/a><\/td><td width=\"101\">Y\u0131l\u0131n Her G\u00fcn\u00fc<\/td><td width=\"64\">\u00a0<\/td><\/tr><tr><td width=\"81\">2241<\/td><td width=\"308\"><a href=\"http:\/\/www.tubitak.gov.tr\/tr\/burslar\/lisans\/burs-programlari\/2241-a\/icerik-basvuru-tarihleri\">SANAY\u0130 ODAKLI L\u0130SANS B\u0130T\u0130RME TEZ\u0130 DESTEKLEME PROGRAMI<\/a><\/td><td width=\"101\">Her Ay\u0131n Son \u0130\u015f G\u00fcn\u00fc<\/td><td width=\"64\">\u00a0<\/td><\/tr><tr><td width=\"81\">ERA-NET<\/td><td width=\"308\"><a href=\"https:\/\/www.tubitak.gov.tr\/tr\/destekler\/sanayi\/uluslararasi-ortakli-destek-programlari\/cagri-martera-2017\">\u00a0(1. A\u015eAMA)<\/a><\/td><td width=\"101\">Her Ay\u0131n Birinci G\u00fcn\u00fc<\/td><td width=\"64\">\u00a0<\/td><\/tr><tr><td width=\"81\">2221<\/td><td width=\"308\"><a href=\"http:\/\/www.tubitak.gov.tr\/tr\/burslar\/yabancilara-yonelik\/arastirma-burs-programlari\/icerik-2221-konuk-bilim-insani-destekleme\">KONUK B\u0130L\u0130M \u0130NSANI DESTEKLEME PROGRAMI<\/a><\/td><td width=\"101\">Her ay\u0131n ilk i\u015f g\u00fcn\u00fc<\/td><td width=\"64\">Ayn\u0131 ay\u0131n son i\u015f g\u00fcn\u00fc<\/td><\/tr><tr><td width=\"81\">\u00a0BAS<\/td><td width=\"308\"><a href=\"https:\/\/www.tubitak.gov.tr\/tr\/kurumsal\/uluslararasi\/ikili-proje-destekleri\/2502\/icerik-proje-basvuru-cagrisi\">BULGAR\u0130STAN B\u0130L\u0130MLER AKADEM\u0130S\u0130<\/a><\/td><td width=\"101\">Y\u0131l Boyu A\u00e7\u0131k \u00c7a\u011fr\u0131<\/td><td width=\"64\">\u00a0<\/td><\/tr><tr><td width=\"81\">\u00a0<\/td><td width=\"308\">\u00a0<\/td><td width=\"101\">\u00a0<\/td><td width=\"64\">\u00a0<\/td><\/tr><tr><td colspan=\"4\" width=\"554\"><strong>BAKANLIKLAR, VAKIFLAR &amp; Di\u011fer<\/strong><\/td><\/tr><tr><td width=\"81\">\u00a0<\/td><td width=\"308\"><a href=\"http:\/\/hibeinfo.com\/turkiye-teknoloji-gelistirme-vakfindan-ileri-teknoloji-projeleri-destegi\/\">T\u00dcRK\u0130YE TEKNOLOJ\u0130 GEL\u0130\u015eT\u0130RME VAKFI\u2019NDAN \u0130LER\u0130 TEKNOLOJ\u0130 PROJELER\u0130 DESTE\u011e\u0130<\/a><\/td><td width=\"101\">\u00a0<\/td><td width=\"64\">\u00a0<\/td><\/tr><tr><td width=\"81\"><strong>OF\u0130D<\/strong><\/td><td width=\"308\"><a href=\"http:\/\/hibeinfo.com\/ofidden-teknik-asistanlik-hibe-programi-aciklandi\/\">TEKN\u0130K AS\u0130STANLIK H\u0130BE PROGRAMI<\/a><\/td><td width=\"101\">Y\u0131l Boyu A\u00e7\u0131k \u00c7a\u011fr\u0131<\/td><td width=\"64\">\u00a0<\/td><\/tr><\/tbody><\/table><\/div>\n<\/div>\t\t\t\t<\/div>\n\t\t\t\t<\/div>\n\t\t\t\t\t<\/div>\n\t\t<\/div>\n\t\t\t\t\t<\/div>\n\t\t<\/section>\n\t\t\t\t<\/div>\n\t\t","protected":false},"excerpt":{"rendered":"<p>S\u00fcrekli A\u00e7\u0131k \u00c7a\u011fr\u0131lar T\u00dcB\u0130TAK Ba\u015flama Tarihi Biti\u015f Tarihi 3005 3005 &#8211; Sosyal ve Be\u015feri Bilimlerde Yenilik\u00e7i \u00c7\u00f6z\u00fcmler Ara\u015ft\u0131rma Projeleri Destek Program\u0131 Y\u0131l\u0131n Her G\u00fcn\u00fc \u00a0 1002 HIZLI DESTEK PROGRAMI Y\u0131l\u0131n Her G\u00fcn\u00fc \u00a0 1501 SANAY\u0130 AR-GE PROJELER\u0130 DESTEKLEME PROGRAMLARI Y\u0131l\u0131n Her G\u00fcn\u00fc \u00a0 1505 \u00dcN\u0130VERS\u0130TE SANAY\u0130 \u0130\u015eB\u0130RL\u0130\u011e\u0130 DESTEK PROGRAMI Y\u0131l\u0131n Her G\u00fcn\u00fc \u00a0 1503 PROJE [&hellip;]<\/p>\n","protected":false},"author":1,"featured_media":0,"parent":0,"menu_order":0,"comment_status":"closed","ping_status":"closed","template":"","meta":{"footnotes":""},"class_list":["post-4898","page","type-page","status-publish","hentry"],"_links":{"self":[{"href":"https:\/\/pdo.atauni.edu.tr\/index.php\/wp-json\/wp\/v2\/pages\/4898","targetHints":{"allow":["GET"]}}],"collection":[{"href":"https:\/\/pdo.atauni.edu.tr\/index.php\/wp-json\/wp\/v2\/pages"}],"about":[{"href":"https:\/\/pdo.atauni.edu.tr\/index.php\/wp-json\/wp\/v2\/types\/page"}],"author":[{"embeddable":true,"href":"https:\/\/pdo.atauni.edu.tr\/index.php\/wp-json\/wp\/v2\/users\/1"}],"replies":[{"embeddable":true,"href":"https:\/\/pdo.atauni.edu.tr\/index.php\/wp-json\/wp\/v2\/comments?post=4898"}],"version-history":[{"count":8,"href":"https:\/\/pdo.atauni.edu.tr\/index.php\/wp-json\/wp\/v2\/pages\/4898\/revisions"}],"predecessor-version":[{"id":6363,"href":"https:\/\/pdo.atauni.edu.tr\/index.php\/wp-json\/wp\/v2\/pages\/4898\/revisions\/6363"}],"wp:attachment":[{"href":"https:\/\/pdo.atauni.edu.tr\/index.php\/wp-json\/wp\/v2\/media?parent=4898"}],"curies":[{"name":"wp","href":"https:\/\/api.w.org\/{rel}","templated":true}]}}