{"id":4904,"date":"2020-08-20T10:51:46","date_gmt":"2020-08-20T07:51:46","guid":{"rendered":"http:\/\/pdo.atauni.edu.tr\/?page_id=4904"},"modified":"2022-10-12T16:24:01","modified_gmt":"2022-10-12T13:24:01","slug":"panel-destegi-basvurusu","status":"publish","type":"page","link":"https:\/\/pdo.atauni.edu.tr\/index.php\/panel-destegi-basvurusu\/","title":{"rendered":"Panel Deste\u011fi"},"content":{"rendered":"\t\t<div data-elementor-type=\"wp-page\" data-elementor-id=\"4904\" class=\"elementor elementor-4904\" data-elementor-post-type=\"page\">\n\t\t\t\t\t\t<section class=\"elementor-section elementor-top-section elementor-element elementor-element-c1c4852 elementor-section-boxed elementor-section-height-default elementor-section-height-default\" data-id=\"c1c4852\" data-element_type=\"section\" data-e-type=\"section\">\n\t\t\t\t\t\t<div class=\"elementor-container elementor-column-gap-default\">\n\t\t\t\t\t<div class=\"elementor-column elementor-col-100 elementor-top-column elementor-element elementor-element-307936c\" data-id=\"307936c\" data-element_type=\"column\" data-e-type=\"column\">\n\t\t\t<div class=\"elementor-widget-wrap elementor-element-populated\">\n\t\t\t\t\t\t<div class=\"elementor-element elementor-element-1181299 elementor-widget elementor-widget-text-editor\" data-id=\"1181299\" data-element_type=\"widget\" data-e-type=\"widget\" data-widget_type=\"text-editor.default\">\n\t\t\t\t<div class=\"elementor-widget-container\">\n\t\t\t\t\t\t\t\t\t<p>Sunulacak ulusal ve uluslararas\u0131 projelerde \u00f6zg\u00fcn de\u011fer, yayg\u0131n etki, yap\u0131labilirlik, vb. konularda proje sahiplerine dan\u0131\u015fmanl\u0131k, bilgilendirme ve ment\u00f6rl\u00fck hizmetleri verilmektedir. Ayr\u0131ca, Avrupa Birli\u011fi ve Bakanl\u0131klara ait projeler hakk\u0131nda akademisyenlere bilimsel ve teknik destek verilmektedir. Haz\u0131rlanan projeler fon kayna\u011f\u0131na sunulmadan \u00f6nce Proje Ofisi taraf\u0131ndan de\u011ferlendirilmekte ve panel yap\u0131lmaktad\u0131r. Yap\u0131lan panele y\u00f6nelik rapor proje y\u00fcr\u00fct\u00fcc\u00fcs\u00fcne sunulmaktad\u0131r.<\/p>\t\t\t\t\t\t\t\t<\/div>\n\t\t\t\t<\/div>\n\t\t\t\t\t<\/div>\n\t\t<\/div>\n\t\t\t\t\t<\/div>\n\t\t<\/section>\n\t\t\t\t<section class=\"elementor-section elementor-top-section elementor-element elementor-element-6fbe6c6 elementor-section-boxed elementor-section-height-default elementor-section-height-default\" data-id=\"6fbe6c6\" data-element_type=\"section\" data-e-type=\"section\">\n\t\t\t\t\t\t<div class=\"elementor-container elementor-column-gap-default\">\n\t\t\t\t\t<div class=\"elementor-column elementor-col-66 elementor-top-column elementor-element elementor-element-5ed4850\" data-id=\"5ed4850\" data-element_type=\"column\" data-e-type=\"column\">\n\t\t\t<div class=\"elementor-widget-wrap elementor-element-populated\">\n\t\t\t\t\t\t<div class=\"elementor-element elementor-element-8148a92 elementor-widget elementor-widget-html\" data-id=\"8148a92\" data-element_type=\"widget\" data-e-type=\"widget\" data-widget_type=\"html.default\">\n\t\t\t\t<div class=\"elementor-widget-container\">\n\t\t\t\t\t<iframe src=\"https:\/\/pdo.atauni.edu.tr\/panel-destegi-formu \/basvuruformu.php\" name=\"frame1\" scrolling=\"auto\" frameborder=\"yes\" align=\"center\" height=\"1550px\" width=\"1000px\"><\/iframe>\t\t\t\t<\/div>\n\t\t\t\t<\/div>\n\t\t\t\t\t<\/div>\n\t\t<\/div>\n\t\t\t\t<div class=\"elementor-column elementor-col-33 elementor-top-column elementor-element elementor-element-7c97da9\" data-id=\"7c97da9\" data-element_type=\"column\" data-e-type=\"column\">\n\t\t\t<div class=\"elementor-widget-wrap\">\n\t\t\t\t\t\t\t<\/div>\n\t\t<\/div>\n\t\t\t\t\t<\/div>\n\t\t<\/section>\n\t\t\t\t<\/div>\n\t\t","protected":false},"excerpt":{"rendered":"<p>Sunulacak ulusal ve uluslararas\u0131 projelerde \u00f6zg\u00fcn de\u011fer, yayg\u0131n etki, yap\u0131labilirlik, vb. konularda proje sahiplerine dan\u0131\u015fmanl\u0131k, bilgilendirme ve ment\u00f6rl\u00fck hizmetleri verilmektedir. Ayr\u0131ca, Avrupa Birli\u011fi ve Bakanl\u0131klara ait projeler hakk\u0131nda akademisyenlere bilimsel ve teknik destek verilmektedir. Haz\u0131rlanan projeler fon kayna\u011f\u0131na sunulmadan \u00f6nce Proje Ofisi taraf\u0131ndan de\u011ferlendirilmekte ve panel yap\u0131lmaktad\u0131r. Yap\u0131lan panele y\u00f6nelik rapor proje y\u00fcr\u00fct\u00fcc\u00fcs\u00fcne sunulmaktad\u0131r.<\/p>\n","protected":false},"author":1,"featured_media":0,"parent":0,"menu_order":0,"comment_status":"closed","ping_status":"closed","template":"","meta":{"footnotes":""},"class_list":["post-4904","page","type-page","status-publish","hentry"],"_links":{"self":[{"href":"https:\/\/pdo.atauni.edu.tr\/index.php\/wp-json\/wp\/v2\/pages\/4904","targetHints":{"allow":["GET"]}}],"collection":[{"href":"https:\/\/pdo.atauni.edu.tr\/index.php\/wp-json\/wp\/v2\/pages"}],"about":[{"href":"https:\/\/pdo.atauni.edu.tr\/index.php\/wp-json\/wp\/v2\/types\/page"}],"author":[{"embeddable":true,"href":"https:\/\/pdo.atauni.edu.tr\/index.php\/wp-json\/wp\/v2\/users\/1"}],"replies":[{"embeddable":true,"href":"https:\/\/pdo.atauni.edu.tr\/index.php\/wp-json\/wp\/v2\/comments?post=4904"}],"version-history":[{"count":34,"href":"https:\/\/pdo.atauni.edu.tr\/index.php\/wp-json\/wp\/v2\/pages\/4904\/revisions"}],"predecessor-version":[{"id":7136,"href":"https:\/\/pdo.atauni.edu.tr\/index.php\/wp-json\/wp\/v2\/pages\/4904\/revisions\/7136"}],"wp:attachment":[{"href":"https:\/\/pdo.atauni.edu.tr\/index.php\/wp-json\/wp\/v2\/media?parent=4904"}],"curies":[{"name":"wp","href":"https:\/\/api.w.org\/{rel}","templated":true}]}}