{"id":4908,"date":"2020-08-20T10:52:20","date_gmt":"2020-08-20T07:52:20","guid":{"rendered":"http:\/\/pdo.atauni.edu.tr\/?page_id=4908"},"modified":"2024-01-03T12:53:03","modified_gmt":"2024-01-03T09:53:03","slug":"proje-yazma-egitimi-basvurusu","status":"publish","type":"page","link":"https:\/\/pdo.atauni.edu.tr\/index.php\/proje-yazma-egitimi-basvurusu\/","title":{"rendered":"Proje Yazma E\u011fitimi Ba\u015fvurusu"},"content":{"rendered":"\t\t<div data-elementor-type=\"wp-page\" data-elementor-id=\"4908\" class=\"elementor elementor-4908\" data-elementor-post-type=\"page\">\n\t\t\t\t\t\t<section class=\"elementor-section elementor-top-section elementor-element elementor-element-40dbc3d elementor-section-boxed elementor-section-height-default elementor-section-height-default\" data-id=\"40dbc3d\" data-element_type=\"section\" data-e-type=\"section\">\n\t\t\t\t\t\t<div class=\"elementor-container elementor-column-gap-default\">\n\t\t\t\t\t<div class=\"elementor-column elementor-col-16 elementor-top-column elementor-element elementor-element-d396ef0\" data-id=\"d396ef0\" data-element_type=\"column\" data-e-type=\"column\">\n\t\t\t<div class=\"elementor-widget-wrap\">\n\t\t\t\t\t\t\t<\/div>\n\t\t<\/div>\n\t\t\t\t<div class=\"elementor-column elementor-col-66 elementor-top-column elementor-element elementor-element-21f2aa2\" data-id=\"21f2aa2\" data-element_type=\"column\" data-e-type=\"column\">\n\t\t\t<div class=\"elementor-widget-wrap\">\n\t\t\t\t\t\t\t<\/div>\n\t\t<\/div>\n\t\t\t\t<div class=\"elementor-column elementor-col-16 elementor-top-column elementor-element elementor-element-71d91e0\" data-id=\"71d91e0\" data-element_type=\"column\" data-e-type=\"column\">\n\t\t\t<div class=\"elementor-widget-wrap\">\n\t\t\t\t\t\t\t<\/div>\n\t\t<\/div>\n\t\t\t\t\t<\/div>\n\t\t<\/section>\n\t\t\t\t<section class=\"elementor-section elementor-top-section elementor-element elementor-element-66d095d elementor-section-boxed elementor-section-height-default elementor-section-height-default\" data-id=\"66d095d\" data-element_type=\"section\" data-e-type=\"section\">\n\t\t\t\t\t\t<div class=\"elementor-container elementor-column-gap-default\">\n\t\t\t\t\t<div class=\"elementor-column elementor-col-25 elementor-top-column elementor-element elementor-element-9bf1c9c\" data-id=\"9bf1c9c\" data-element_type=\"column\" data-e-type=\"column\">\n\t\t\t<div class=\"elementor-widget-wrap\">\n\t\t\t\t\t\t\t<\/div>\n\t\t<\/div>\n\t\t\t\t<div class=\"elementor-column elementor-col-50 elementor-top-column elementor-element elementor-element-c218ba7\" data-id=\"c218ba7\" data-element_type=\"column\" data-e-type=\"column\">\n\t\t\t<div class=\"elementor-widget-wrap elementor-element-populated\">\n\t\t\t\t\t\t<div class=\"elementor-element elementor-element-ae12cf7 elementor-widget elementor-widget-ct_heading\" data-id=\"ae12cf7\" data-element_type=\"widget\" data-e-type=\"widget\" data-widget_type=\"ct_heading.default\">\n\t\t\t\t<div class=\"elementor-widget-container\">\n\t\t\t\t\t<div class=\"ct-heading h-align-  sub- ct-heading-left item-st-line-left1\">\r\n\t    <h1 class=\"item--title st-line-left1\">\r\n                <span>\r\n                            <i><\/i>\r\n                        Proje Yazma E\u011fitimlerine Ba\u015fvuru                    <\/span>\r\n            <\/h1>\r\n<\/div>\t\t\t\t<\/div>\n\t\t\t\t<\/div>\n\t\t\t\t<div class=\"elementor-element elementor-element-5455970 elementor-widget elementor-widget-spacer\" data-id=\"5455970\" data-element_type=\"widget\" data-e-type=\"widget\" data-widget_type=\"spacer.default\">\n\t\t\t\t<div class=\"elementor-widget-container\">\n\t\t\t\t\t\t\t<div class=\"elementor-spacer\">\n\t\t\t<div class=\"elementor-spacer-inner\"><\/div>\n\t\t<\/div>\n\t\t\t\t\t\t<\/div>\n\t\t\t\t<\/div>\n\t\t\t\t<div class=\"elementor-element elementor-element-9510c96 elementor-widget elementor-widget-spacer\" data-id=\"9510c96\" data-element_type=\"widget\" data-e-type=\"widget\" data-widget_type=\"spacer.default\">\n\t\t\t\t<div class=\"elementor-widget-container\">\n\t\t\t\t\t\t\t<div class=\"elementor-spacer\">\n\t\t\t<div class=\"elementor-spacer-inner\"><\/div>\n\t\t<\/div>\n\t\t\t\t\t\t<\/div>\n\t\t\t\t<\/div>\n\t\t\t\t<div class=\"elementor-element elementor-element-a3e6517 elementor-widget elementor-widget-html\" data-id=\"a3e6517\" data-element_type=\"widget\" data-e-type=\"widget\" data-widget_type=\"html.default\">\n\t\t\t\t<div class=\"elementor-widget-container\">\n\t\t\t\t\t<iframe src=\"https:\/\/pdo.atauni.edu.tr\/proje-yazma-basvuru\/basvuruformu.php\" name=\"frame1\" scrolling=\"auto\" width=\"600px\" height=\"1370x\" frameborder=\"yes\" align=\"middle\"><\/iframe>\t\t\t\t<\/div>\n\t\t\t\t<\/div>\n\t\t\t\t\t<\/div>\n\t\t<\/div>\n\t\t\t\t<div class=\"elementor-column elementor-col-25 elementor-top-column elementor-element elementor-element-4df23c2\" data-id=\"4df23c2\" data-element_type=\"column\" data-e-type=\"column\">\n\t\t\t<div class=\"elementor-widget-wrap elementor-element-populated\">\n\t\t\t\t\t\t<div class=\"elementor-element elementor-element-32333c7 elementor-widget elementor-widget-ct_text_editor\" data-id=\"32333c7\" data-element_type=\"widget\" data-e-type=\"widget\" data-widget_type=\"ct_text_editor.default\">\n\t\t\t\t<div class=\"elementor-widget-container\">\n\t\t\t\t\t<div id=\"ct_text_editor-32333c7\" class=\"ct-text-editor \">\n\t<div class=\"ct-inline-css\"  data-css=\"\n        \">\n    <\/div>\n\t<div class=\"ct-text-editor elementor-clearfix\"><h6>G\u00fcncel E\u011fitimler<\/h6><\/div>\n<\/div>\t\t\t\t<\/div>\n\t\t\t\t<\/div>\n\t\t\t\t<div class=\"elementor-element elementor-element-bbbc632 elementor-widget elementor-widget-spacer\" data-id=\"bbbc632\" data-element_type=\"widget\" data-e-type=\"widget\" data-widget_type=\"spacer.default\">\n\t\t\t\t<div class=\"elementor-widget-container\">\n\t\t\t\t\t\t\t<div class=\"elementor-spacer\">\n\t\t\t<div class=\"elementor-spacer-inner\"><\/div>\n\t\t<\/div>\n\t\t\t\t\t\t<\/div>\n\t\t\t\t<\/div>\n\t\t\t\t<div class=\"elementor-element elementor-element-1de86d1 elementor-widget elementor-widget-image\" data-id=\"1de86d1\" data-element_type=\"widget\" data-e-type=\"widget\" data-widget_type=\"image.default\">\n\t\t\t\t<div class=\"elementor-widget-container\">\n\t\t\t\t\t\t\t\t\t\t\t\t<figure class=\"wp-caption\">\n\t\t\t\t\t\t\t\t\t\t<img fetchpriority=\"high\" decoding=\"async\" width=\"640\" height=\"905\" src=\"https:\/\/pdo.atauni.edu.tr\/wp-content\/uploads\/2024\/01\/Uluslararasi-Ikili-Isbirligi-Proje-Yazma-Egitimi-5-768x1086.png\" class=\"attachment-medium_large size-medium_large wp-image-7889\" alt=\"\" srcset=\"https:\/\/pdo.atauni.edu.tr\/wp-content\/uploads\/2024\/01\/Uluslararasi-Ikili-Isbirligi-Proje-Yazma-Egitimi-5-768x1086.png 768w, https:\/\/pdo.atauni.edu.tr\/wp-content\/uploads\/2024\/01\/Uluslararasi-Ikili-Isbirligi-Proje-Yazma-Egitimi-5-212x300.png 212w, https:\/\/pdo.atauni.edu.tr\/wp-content\/uploads\/2024\/01\/Uluslararasi-Ikili-Isbirligi-Proje-Yazma-Egitimi-5-724x1024.png 724w, https:\/\/pdo.atauni.edu.tr\/wp-content\/uploads\/2024\/01\/Uluslararasi-Ikili-Isbirligi-Proje-Yazma-Egitimi-5-1086x1536.png 1086w, https:\/\/pdo.atauni.edu.tr\/wp-content\/uploads\/2024\/01\/Uluslararasi-Ikili-Isbirligi-Proje-Yazma-Egitimi-5.png 1414w\" sizes=\"(max-width: 640px) 100vw, 640px\" \/>\t\t\t\t\t\t\t\t\t\t\t<figcaption class=\"widget-image-caption wp-caption-text\"><\/figcaption>\n\t\t\t\t\t\t\t\t\t\t<\/figure>\n\t\t\t\t\t\t\t\t\t<\/div>\n\t\t\t\t<\/div>\n\t\t\t\t<div class=\"elementor-element elementor-element-c497a6d elementor-widget elementor-widget-ct_text_editor\" data-id=\"c497a6d\" data-element_type=\"widget\" data-e-type=\"widget\" data-widget_type=\"ct_text_editor.default\">\n\t\t\t\t<div class=\"elementor-widget-container\">\n\t\t\t\t\t<div id=\"ct_text_editor-c497a6d\" class=\"ct-text-editor \">\n\t<div class=\"ct-inline-css\"  data-css=\"\n        \">\n    <\/div>\n\t<div class=\"ct-text-editor elementor-clearfix\"><h3>BA\u015eVURU TERC\u0130H\u0130 OLARAK:<\/h3><h3>17-18-19 OCAK TAR\u0130HLER\u0130NDEN S\u0130ZE EN UGYUN OLAN<\/h3><h3>SE\u00c7ENE\u011e\u0130N\u0130 \u0130\u015eARETLEY\u0130N\u0130Z.<\/h3><\/div>\n<\/div>\t\t\t\t<\/div>\n\t\t\t\t<\/div>\n\t\t\t\t<div class=\"elementor-element elementor-element-7cf5d48 elementor-widget elementor-widget-image\" data-id=\"7cf5d48\" data-element_type=\"widget\" data-e-type=\"widget\" data-widget_type=\"image.default\">\n\t\t\t\t<div class=\"elementor-widget-container\">\n\t\t\t\t\t\t\t\t\t\t\t\t<figure class=\"wp-caption\">\n\t\t\t\t\t\t\t\t\t\t<img decoding=\"async\" width=\"640\" height=\"905\" src=\"https:\/\/pdo.atauni.edu.tr\/wp-content\/uploads\/2024\/01\/Uluslararasi-Ikili-Isbirligi-Proje-Yazma-Egitimi-6-768x1086.png\" class=\"attachment-medium_large size-medium_large wp-image-7890\" alt=\"\" srcset=\"https:\/\/pdo.atauni.edu.tr\/wp-content\/uploads\/2024\/01\/Uluslararasi-Ikili-Isbirligi-Proje-Yazma-Egitimi-6-768x1086.png 768w, https:\/\/pdo.atauni.edu.tr\/wp-content\/uploads\/2024\/01\/Uluslararasi-Ikili-Isbirligi-Proje-Yazma-Egitimi-6-212x300.png 212w, https:\/\/pdo.atauni.edu.tr\/wp-content\/uploads\/2024\/01\/Uluslararasi-Ikili-Isbirligi-Proje-Yazma-Egitimi-6-724x1024.png 724w, https:\/\/pdo.atauni.edu.tr\/wp-content\/uploads\/2024\/01\/Uluslararasi-Ikili-Isbirligi-Proje-Yazma-Egitimi-6-1086x1536.png 1086w, https:\/\/pdo.atauni.edu.tr\/wp-content\/uploads\/2024\/01\/Uluslararasi-Ikili-Isbirligi-Proje-Yazma-Egitimi-6.png 1414w\" sizes=\"(max-width: 640px) 100vw, 640px\" \/>\t\t\t\t\t\t\t\t\t\t\t<figcaption class=\"widget-image-caption wp-caption-text\"><\/figcaption>\n\t\t\t\t\t\t\t\t\t\t<\/figure>\n\t\t\t\t\t\t\t\t\t<\/div>\n\t\t\t\t<\/div>\n\t\t\t\t\t<\/div>\n\t\t<\/div>\n\t\t\t\t\t<\/div>\n\t\t<\/section>\n\t\t\t\t<section class=\"elementor-section elementor-top-section elementor-element elementor-element-e47a34f elementor-section-boxed elementor-section-height-default elementor-section-height-default\" data-id=\"e47a34f\" data-element_type=\"section\" data-e-type=\"section\">\n\t\t\t\t\t\t<div class=\"elementor-container elementor-column-gap-default\">\n\t\t\t\t\t<div class=\"elementor-column elementor-col-33 elementor-top-column elementor-element elementor-element-05ec7b6\" data-id=\"05ec7b6\" data-element_type=\"column\" data-e-type=\"column\">\n\t\t\t<div class=\"elementor-widget-wrap\">\n\t\t\t\t\t\t\t<\/div>\n\t\t<\/div>\n\t\t\t\t<div class=\"elementor-column elementor-col-33 elementor-top-column elementor-element elementor-element-d2f5a66\" data-id=\"d2f5a66\" data-element_type=\"column\" data-e-type=\"column\">\n\t\t\t<div class=\"elementor-widget-wrap\">\n\t\t\t\t\t\t\t<\/div>\n\t\t<\/div>\n\t\t\t\t<div class=\"elementor-column elementor-col-33 elementor-top-column elementor-element elementor-element-7c57555\" data-id=\"7c57555\" data-element_type=\"column\" data-e-type=\"column\">\n\t\t\t<div class=\"elementor-widget-wrap\">\n\t\t\t\t\t\t\t<\/div>\n\t\t<\/div>\n\t\t\t\t\t<\/div>\n\t\t<\/section>\n\t\t\t\t<\/div>\n\t\t","protected":false},"excerpt":{"rendered":"<p>Proje Yazma E\u011fitimlerine Ba\u015fvuru G\u00fcncel E\u011fitimler BA\u015eVURU TERC\u0130H\u0130 OLARAK: 17-18-19 OCAK TAR\u0130HLER\u0130NDEN S\u0130ZE EN UGYUN OLAN SE\u00c7ENE\u011e\u0130N\u0130 \u0130\u015eARETLEY\u0130N\u0130Z.<\/p>\n","protected":false},"author":1,"featured_media":0,"parent":0,"menu_order":0,"comment_status":"closed","ping_status":"closed","template":"","meta":{"footnotes":""},"class_list":["post-4908","page","type-page","status-publish","hentry"],"_links":{"self":[{"href":"https:\/\/pdo.atauni.edu.tr\/index.php\/wp-json\/wp\/v2\/pages\/4908","targetHints":{"allow":["GET"]}}],"collection":[{"href":"https:\/\/pdo.atauni.edu.tr\/index.php\/wp-json\/wp\/v2\/pages"}],"about":[{"href":"https:\/\/pdo.atauni.edu.tr\/index.php\/wp-json\/wp\/v2\/types\/page"}],"author":[{"embeddable":true,"href":"https:\/\/pdo.atauni.edu.tr\/index.php\/wp-json\/wp\/v2\/users\/1"}],"replies":[{"embeddable":true,"href":"https:\/\/pdo.atauni.edu.tr\/index.php\/wp-json\/wp\/v2\/comments?post=4908"}],"version-history":[{"count":131,"href":"https:\/\/pdo.atauni.edu.tr\/index.php\/wp-json\/wp\/v2\/pages\/4908\/revisions"}],"predecessor-version":[{"id":7896,"href":"https:\/\/pdo.atauni.edu.tr\/index.php\/wp-json\/wp\/v2\/pages\/4908\/revisions\/7896"}],"wp:attachment":[{"href":"https:\/\/pdo.atauni.edu.tr\/index.php\/wp-json\/wp\/v2\/media?parent=4908"}],"curies":[{"name":"wp","href":"https:\/\/api.w.org\/{rel}","templated":true}]}}