{"id":5632,"date":"2020-10-19T13:48:47","date_gmt":"2020-10-19T10:48:47","guid":{"rendered":"http:\/\/pdo.atauni.edu.tr\/?page_id=5632"},"modified":"2020-10-30T16:10:16","modified_gmt":"2020-10-30T13:10:16","slug":"ucretsiz-proje-egitimi-mentor-destegi-basvuru-formu","status":"publish","type":"page","link":"https:\/\/pdo.atauni.edu.tr\/index.php\/ucretsiz-proje-egitimi-mentor-destegi-basvuru-formu\/","title":{"rendered":"\u00dccretsiz Proje E\u011fitimi &#038; Ment\u00f6r Deste\u011fi Ba\u015fvuru Formu"},"content":{"rendered":"\t\t<div data-elementor-type=\"wp-page\" data-elementor-id=\"5632\" class=\"elementor elementor-5632\" data-elementor-post-type=\"page\">\n\t\t\t\t\t\t<section class=\"elementor-section elementor-top-section elementor-element elementor-element-74b3e5a elementor-section-boxed elementor-section-height-default elementor-section-height-default\" data-id=\"74b3e5a\" data-element_type=\"section\" data-e-type=\"section\">\n\t\t\t\t\t\t<div class=\"elementor-container elementor-column-gap-default\">\n\t\t\t\t\t<div class=\"elementor-column elementor-col-100 elementor-top-column elementor-element elementor-element-51f53fe\" data-id=\"51f53fe\" data-element_type=\"column\" data-e-type=\"column\">\n\t\t\t<div class=\"elementor-widget-wrap elementor-element-populated\">\n\t\t\t\t\t\t<div class=\"elementor-element elementor-element-3b1ed03 elementor-widget elementor-widget-shortcode\" data-id=\"3b1ed03\" data-element_type=\"widget\" data-e-type=\"widget\" data-widget_type=\"shortcode.default\">\n\t\t\t\t<div class=\"elementor-widget-container\">\n\t\t\t\t\t\t\t<div class=\"elementor-shortcode\"><iframe src=\"https:\/\/pdo.atauni.edu.tr\/pdoform\/basvuruformu.php\" name=\"frame1\" scrolling=\"auto\" frameborder=\"yes\" align=\"center\" height=\"500px\" width=\"600px\">\n<\/iframe><\/div>\n\t\t\t\t\t\t<\/div>\n\t\t\t\t<\/div>\n\t\t\t\t<div class=\"elementor-element elementor-element-7bff754 elementor-widget elementor-widget-image\" data-id=\"7bff754\" data-element_type=\"widget\" data-e-type=\"widget\" data-widget_type=\"image.default\">\n\t\t\t\t<div class=\"elementor-widget-container\">\n\t\t\t\t\t\t\t\t\t\t\t\t\t\t\t<img fetchpriority=\"high\" decoding=\"async\" width=\"640\" height=\"905\" src=\"https:\/\/pdo.atauni.edu.tr\/wp-content\/uploads\/2020\/10\/WhatsApp-Image-2020-10-19-at-13.02.36-768x1086.jpeg\" class=\"attachment-medium_large size-medium_large wp-image-5630\" alt=\"\" srcset=\"https:\/\/pdo.atauni.edu.tr\/wp-content\/uploads\/2020\/10\/WhatsApp-Image-2020-10-19-at-13.02.36-768x1086.jpeg 768w, https:\/\/pdo.atauni.edu.tr\/wp-content\/uploads\/2020\/10\/WhatsApp-Image-2020-10-19-at-13.02.36-212x300.jpeg 212w, https:\/\/pdo.atauni.edu.tr\/wp-content\/uploads\/2020\/10\/WhatsApp-Image-2020-10-19-at-13.02.36-724x1024.jpeg 724w, https:\/\/pdo.atauni.edu.tr\/wp-content\/uploads\/2020\/10\/WhatsApp-Image-2020-10-19-at-13.02.36-1087x1536.jpeg 1087w, https:\/\/pdo.atauni.edu.tr\/wp-content\/uploads\/2020\/10\/WhatsApp-Image-2020-10-19-at-13.02.36.jpeg 1132w\" sizes=\"(max-width: 640px) 100vw, 640px\" \/>\t\t\t\t\t\t\t\t\t\t\t\t\t\t\t<\/div>\n\t\t\t\t<\/div>\n\t\t\t\t\t<\/div>\n\t\t<\/div>\n\t\t\t\t\t<\/div>\n\t\t<\/section>\n\t\t\t\t<\/div>\n\t\t","protected":false},"excerpt":{"rendered":"","protected":false},"author":1,"featured_media":0,"parent":0,"menu_order":0,"comment_status":"closed","ping_status":"closed","template":"","meta":{"footnotes":""},"class_list":["post-5632","page","type-page","status-publish","hentry"],"_links":{"self":[{"href":"https:\/\/pdo.atauni.edu.tr\/index.php\/wp-json\/wp\/v2\/pages\/5632","targetHints":{"allow":["GET"]}}],"collection":[{"href":"https:\/\/pdo.atauni.edu.tr\/index.php\/wp-json\/wp\/v2\/pages"}],"about":[{"href":"https:\/\/pdo.atauni.edu.tr\/index.php\/wp-json\/wp\/v2\/types\/page"}],"author":[{"embeddable":true,"href":"https:\/\/pdo.atauni.edu.tr\/index.php\/wp-json\/wp\/v2\/users\/1"}],"replies":[{"embeddable":true,"href":"https:\/\/pdo.atauni.edu.tr\/index.php\/wp-json\/wp\/v2\/comments?post=5632"}],"version-history":[{"count":3,"href":"https:\/\/pdo.atauni.edu.tr\/index.php\/wp-json\/wp\/v2\/pages\/5632\/revisions"}],"predecessor-version":[{"id":5652,"href":"https:\/\/pdo.atauni.edu.tr\/index.php\/wp-json\/wp\/v2\/pages\/5632\/revisions\/5652"}],"wp:attachment":[{"href":"https:\/\/pdo.atauni.edu.tr\/index.php\/wp-json\/wp\/v2\/media?parent=5632"}],"curies":[{"name":"wp","href":"https:\/\/api.w.org\/{rel}","templated":true}]}}