{"id":7956,"date":"2024-03-08T11:54:33","date_gmt":"2024-03-08T08:54:33","guid":{"rendered":"https:\/\/pdo.atauni.edu.tr\/?page_id=7956"},"modified":"2024-03-12T15:04:44","modified_gmt":"2024-03-12T12:04:44","slug":"1004-2","status":"publish","type":"page","link":"https:\/\/pdo.atauni.edu.tr\/index.php\/1004-2\/","title":{"rendered":"1004 M\u00fckemmeliyet Merkezi Destekleme Program\u0131"},"content":{"rendered":"\n<div data-wp-interactive=\"core\/file\" class=\"wp-block-file\"><object data-wp-bind--hidden=\"!state.hasPdfPreview\" hidden class=\"wp-block-file__embed\" data=\"https:\/\/pdo.atauni.edu.tr\/wp-content\/uploads\/2024\/03\/1004-mavi-salon-1.pdf\" type=\"application\/pdf\" style=\"width:100%;height:600px\" aria-label=\"1004-mavi-salon-1 g\u00f6m\u00fcs\u00fc.\"><\/object><a id=\"wp-block-file--media-c5fbd802-592e-41a5-a3c5-f9b9d30bee30\" href=\"https:\/\/pdo.atauni.edu.tr\/wp-content\/uploads\/2024\/03\/1004-mavi-salon-1.pdf\">1004-mavi-salon-1<\/a><a href=\"https:\/\/pdo.atauni.edu.tr\/wp-content\/uploads\/2024\/03\/1004-mavi-salon-1.pdf\" class=\"wp-block-file__button wp-element-button\" download aria-describedby=\"wp-block-file--media-c5fbd802-592e-41a5-a3c5-f9b9d30bee30\">\u0130ndir<\/a><\/div>\n\n\n\n<blockquote class=\"wp-block-quote is-layout-flow wp-block-quote-is-layout-flow\">\n<p><\/p>\n<cite><a href=\"https:\/\/1004.tubitak.gov.tr\/\">1004 Sayfas\u0131<br><\/a><a href=\"https:\/\/tubitak.gov.tr\/sites\/default\/files\/1776\/1004-tbtk-03-2024.pdf\">\u00c7a\u011fr\u0131 Metni<br><\/a><a href=\"https:\/\/tubitak.gov.tr\/sites\/default\/files\/1776\/1004-yesil-ar-ge_ve_yenilik_konu_basliklari.pdf\">1004 Ar-Ge Konular\u0131<br><\/a><a href=\"https:\/\/1004.tubitak.gov.tr\/tr\/node\/144\">\u00c7a\u011fr\u0131 Amac\u0131 ve Gerekli Dosyalar( Teknoloji Kazan\u0131m Yol Haritas\u0131, Projeler, Y\u00f6neti\u015fim Modeli vs.)<br><\/a><a href=\"https:\/\/pdo.atauni.edu.tr\/index.php\/1004-2\/\">1004 Sunumu<br><\/a><a href=\"https:\/\/forms.gle\/3DCbr5bwmQb7GoWB7\">Ba\u015fl\u0131k \u00d6nerisi<br><\/a><\/cite><\/blockquote>\n","protected":false},"excerpt":{"rendered":"<p>1004 Sayfas\u0131\u00c7a\u011fr\u0131 Metni1004 Ar-Ge Konular\u0131\u00c7a\u011fr\u0131 Amac\u0131 ve Gerekli Dosyalar( Teknoloji Kazan\u0131m Yol Haritas\u0131, Projeler, Y\u00f6neti\u015fim Modeli vs.)1004 SunumuBa\u015fl\u0131k \u00d6nerisi<\/p>\n","protected":false},"author":3,"featured_media":0,"parent":0,"menu_order":0,"comment_status":"closed","ping_status":"closed","template":"","meta":{"footnotes":""},"class_list":["post-7956","page","type-page","status-publish","hentry"],"_links":{"self":[{"href":"https:\/\/pdo.atauni.edu.tr\/index.php\/wp-json\/wp\/v2\/pages\/7956","targetHints":{"allow":["GET"]}}],"collection":[{"href":"https:\/\/pdo.atauni.edu.tr\/index.php\/wp-json\/wp\/v2\/pages"}],"about":[{"href":"https:\/\/pdo.atauni.edu.tr\/index.php\/wp-json\/wp\/v2\/types\/page"}],"author":[{"embeddable":true,"href":"https:\/\/pdo.atauni.edu.tr\/index.php\/wp-json\/wp\/v2\/users\/3"}],"replies":[{"embeddable":true,"href":"https:\/\/pdo.atauni.edu.tr\/index.php\/wp-json\/wp\/v2\/comments?post=7956"}],"version-history":[{"count":5,"href":"https:\/\/pdo.atauni.edu.tr\/index.php\/wp-json\/wp\/v2\/pages\/7956\/revisions"}],"predecessor-version":[{"id":7965,"href":"https:\/\/pdo.atauni.edu.tr\/index.php\/wp-json\/wp\/v2\/pages\/7956\/revisions\/7965"}],"wp:attachment":[{"href":"https:\/\/pdo.atauni.edu.tr\/index.php\/wp-json\/wp\/v2\/media?parent=7956"}],"curies":[{"name":"wp","href":"https:\/\/api.w.org\/{rel}","templated":true}]}}